{"id":56068,"date":"2024-09-18T10:06:29","date_gmt":"2024-09-18T10:06:29","guid":{"rendered":"https:\/\/e.kosmolat.eu\/?post_type=product&#038;p=56068"},"modified":"2026-04-09T12:07:33","modified_gmt":"2026-04-09T12:07:33","slug":"deba-ceramides-mitrinoss-barojoss-sejas-krems-50-ml","status":"publish","type":"product","link":"https:\/\/e.kosmolat.eu\/lv\/product\/deba-ceramides-mitrinoss-barojoss-sejas-krems-50-ml\/","title":{"rendered":"DeBa Ceramides Mitrino\u0161s barojo\u0161s sejas kr\u0113ms, 50 ml"},"content":{"rendered":"<p>Bag\u0101tin\u0101ts ar keram\u012bdu kompleksu, hialuronsk\u0101bi un skval\u0101nu.<br \/>\nSejas kr\u0113ms pal\u012bdz atjaunot \u0101das dabisko barjeru, aizsarg\u0101jot to no mitruma zuduma un \u0101r\u0113jiem faktoriem. Dzi\u013ci mitrina un izl\u012bdzina, vizu\u0101li samazinot smalk\u0101s grumbi\u0146as. Baro un aizsarg\u0101 \u0101du.<\/p>\n<p>Akt\u012bv\u0101s sast\u0101vda\u013cas un to iedarb\u012bba:<br \/>\nKeram\u012bdu komplekss \u2013 baro un stiprina \u0101das barjeru.<br \/>\nHialuronsk\u0101be \u2013 \u0101da izskat\u0101s tvirt\u0101ka.<br \/>\nSkval\u0101ns \u2013 dzi\u013ci baro.<br \/>\nPiem\u0113rots dienas un nakts \u0101das kop\u0161anai; visiem \u0101das tipiem; bez smar\u017eviel\u0101m.<\/p>\n<p>Lieto\u0161ana: Uzkl\u0101t uz t\u012bras \u0101das no r\u012bta un vakar\u0101. Maigi iemas\u0113t l\u012bdz piln\u012bgai uzs\u016bk\u0161anai.<\/p>\n","protected":false},"excerpt":{"rendered":"<p>Bag\u0101tin\u0101ts ar keram\u012bdu kompleksu, hialuronsk\u0101bi un skval\u0101nu. Sejas kr\u0113ms pal\u012bdz atjaunot \u0101das dabisko barjeru, aizsarg\u0101jot to no mitruma zuduma un \u0101r\u0113jiem faktoriem. Dzi\u013ci mitrina un izl\u012bdzina, vizu\u0101li samazinot smalk\u0101s grumbi\u0146as. Baro un aizsarg\u0101 \u0101du. Akt\u012bv\u0101s sast\u0101vda\u013cas un to iedarb\u012bba: Keram\u012bdu komplekss \u2013 baro un stiprina \u0101das barjeru. Hialuronsk\u0101be \u2013 \u0101da izskat\u0101s tvirt\u0101ka. Skval\u0101ns \u2013 dzi\u013ci [&#8230;]\n","protected":false},"featured_media":101558,"template":"","meta":[],"product_cat":[1320],"product_tag":[],"class_list":{"0":"post-56068","1":"product","2":"type-product","3":"status-publish","4":"has-post-thumbnail","6":"product_brand-rubella-bg","7":"product_cat-sejas-kremi","9":"first","10":"instock","11":"taxable","12":"shipping-taxable","13":"product-type-simple"},"_links":{"self":[{"href":"https:\/\/e.kosmolat.eu\/lv\/wp-json\/wp\/v2\/product\/56068","targetHints":{"allow":["GET"]}}],"collection":[{"href":"https:\/\/e.kosmolat.eu\/lv\/wp-json\/wp\/v2\/product"}],"about":[{"href":"https:\/\/e.kosmolat.eu\/lv\/wp-json\/wp\/v2\/types\/product"}],"wp:featuredmedia":[{"embeddable":true,"href":"https:\/\/e.kosmolat.eu\/lv\/wp-json\/wp\/v2\/media\/101558"}],"wp:attachment":[{"href":"https:\/\/e.kosmolat.eu\/lv\/wp-json\/wp\/v2\/media?parent=56068"}],"wp:term":[{"taxonomy":"product_cat","embeddable":true,"href":"https:\/\/e.kosmolat.eu\/lv\/wp-json\/wp\/v2\/product_cat?post=56068"},{"taxonomy":"product_tag","embeddable":true,"href":"https:\/\/e.kosmolat.eu\/lv\/wp-json\/wp\/v2\/product_tag?post=56068"}],"curies":[{"name":"wp","href":"https:\/\/api.w.org\/{rel}","templated":true}]}}