{"id":56060,"date":"2024-09-18T09:36:47","date_gmt":"2024-09-18T09:36:47","guid":{"rendered":"https:\/\/e.kosmolat.eu\/?post_type=product&#038;p=56060"},"modified":"2026-04-14T15:43:17","modified_gmt":"2026-04-14T15:43:17","slug":"deba-ceramides-atjaunojoss-balz-adai-ap-acim-15-ml","status":"publish","type":"product","link":"https:\/\/e.kosmolat.eu\/lv\/product\/deba-ceramides-atjaunojoss-balz-adai-ap-acim-15-ml\/","title":{"rendered":"DeBa Ceramides Atjaunojo\u0161s balz. \u0101dai ap ac\u012bm, 15 ml"},"content":{"rendered":"<p>Bag\u0101tin\u0101ts ar keram\u012bdu kompleksu, hialuronsk\u0101bi un Ecoskin.<\/p>\n<p>Acu balzams dzi\u013ci baro un stiprina \u0101das barjeru, atjauno un saglab\u0101 elast\u012bbu, nodro\u0161inot intens\u012bvu un ilgsto\u0161u mitrin\u0101\u0161anu. Toniz\u0113 un izl\u012bdzina smalk\u0101s grumbi\u0146as.<\/p>\n<p>Akt\u012bv\u0101s sast\u0101vda\u013cas un to iedarb\u012bba:<br \/>\nKeram\u012bdu komplekss \u2013 baro un stiprina \u0101das barjeru.<br \/>\nHialuronsk\u0101be \u2013 \u0101da izskat\u0101s tvirt\u0101ka.<br \/>\nEcoskin \u2013 uzlabo \u0101das mirdzumu.<\/p>\n<p>Piem\u0113rots dienas un nakts \u0101das kop\u0161anai; visiem \u0101das tipiem; bez smar\u017eviel\u0101m.<\/p>\n<p>Lieto\u0161ana: Uzkl\u0101t no r\u012bta un vakar\u0101 uz att\u012br\u012btas \u0101das ap ac\u012bm. Maigi iemas\u0113t ar pirkstu galiem.<\/p>\n","protected":false},"excerpt":{"rendered":"<p>Bag\u0101tin\u0101ts ar keram\u012bdu kompleksu, hialuronsk\u0101bi un Ecoskin. Acu balzams dzi\u013ci baro un stiprina \u0101das barjeru, atjauno un saglab\u0101 elast\u012bbu, nodro\u0161inot intens\u012bvu un ilgsto\u0161u mitrin\u0101\u0161anu. Toniz\u0113 un izl\u012bdzina smalk\u0101s grumbi\u0146as. Akt\u012bv\u0101s sast\u0101vda\u013cas un to iedarb\u012bba: Keram\u012bdu komplekss \u2013 baro un stiprina \u0101das barjeru. Hialuronsk\u0101be \u2013 \u0101da izskat\u0101s tvirt\u0101ka. Ecoskin \u2013 uzlabo \u0101das mirdzumu. Piem\u0113rots dienas un [&#8230;]\n","protected":false},"featured_media":101522,"template":"","meta":[],"product_cat":[1590],"product_tag":[],"class_list":{"0":"post-56060","1":"product","2":"type-product","3":"status-publish","4":"has-post-thumbnail","6":"product_brand-rubella-bg","7":"product_cat-paakiu-kremai","9":"first","10":"outofstock","11":"taxable","12":"shipping-taxable","13":"product-type-simple"},"_links":{"self":[{"href":"https:\/\/e.kosmolat.eu\/lv\/wp-json\/wp\/v2\/product\/56060","targetHints":{"allow":["GET"]}}],"collection":[{"href":"https:\/\/e.kosmolat.eu\/lv\/wp-json\/wp\/v2\/product"}],"about":[{"href":"https:\/\/e.kosmolat.eu\/lv\/wp-json\/wp\/v2\/types\/product"}],"wp:featuredmedia":[{"embeddable":true,"href":"https:\/\/e.kosmolat.eu\/lv\/wp-json\/wp\/v2\/media\/101522"}],"wp:attachment":[{"href":"https:\/\/e.kosmolat.eu\/lv\/wp-json\/wp\/v2\/media?parent=56060"}],"wp:term":[{"taxonomy":"product_cat","embeddable":true,"href":"https:\/\/e.kosmolat.eu\/lv\/wp-json\/wp\/v2\/product_cat?post=56060"},{"taxonomy":"product_tag","embeddable":true,"href":"https:\/\/e.kosmolat.eu\/lv\/wp-json\/wp\/v2\/product_tag?post=56060"}],"curies":[{"name":"wp","href":"https:\/\/api.w.org\/{rel}","templated":true}]}}