{"id":56056,"date":"2024-09-18T09:36:28","date_gmt":"2024-09-18T09:36:28","guid":{"rendered":"https:\/\/e.kosmolat.eu\/?post_type=product&#038;p=56056"},"modified":"2026-04-22T09:40:25","modified_gmt":"2026-04-22T09:40:25","slug":"deba-ceramides-micelarais-udens-ar-keramid-200-ml","status":"publish","type":"product","link":"https:\/\/e.kosmolat.eu\/lv\/product\/deba-ceramides-micelarais-udens-ar-keramid-200-ml\/","title":{"rendered":"DeBa Ceramides Micel\u0101rais \u016bdens ar keram\u012bd., 200 ml"},"content":{"rendered":"<p>No\u0146em grimu un att\u012bra sejas, acu un kakla \u0101du no net\u012brumiem. Maig\u0101 formula nerada kairin\u0101jumu un nesausina \u0101du. Keram\u012bdi mitrina un aizsarg\u0101 \u0101du.<\/p>\n<p>Piem\u0113rots visiem \u0101das tipiem, ikdienas lieto\u0161anai; bez smar\u017eviel\u0101m.<\/p>\n<p>Lieto\u0161ana: Uzkl\u0101t nelielu l\u012bdzek\u013ca daudzumu uz vates diska un not\u012br\u012bt seju, acis un kaklu. Izvair\u012bties no intens\u012bvas berzes, lai aizsarg\u0101tu delik\u0101to acu zonu.<\/p>\n","protected":false},"excerpt":{"rendered":"<p>No\u0146em grimu un att\u012bra sejas, acu un kakla \u0101du no net\u012brumiem. Maig\u0101 formula nerada kairin\u0101jumu un nesausina \u0101du. Keram\u012bdi mitrina un aizsarg\u0101 \u0101du. Piem\u0113rots visiem \u0101das tipiem, ikdienas lieto\u0161anai; bez smar\u017eviel\u0101m. Lieto\u0161ana: Uzkl\u0101t nelielu l\u012bdzek\u013ca daudzumu uz vates diska un not\u012br\u012bt seju, acis un kaklu. Izvair\u012bties no intens\u012bvas berzes, lai aizsarg\u0101tu delik\u0101to acu zonu.<\/p>\n","protected":false},"featured_media":100136,"template":"","meta":[],"product_cat":[2182],"product_tag":[],"class_list":{"0":"post-56056","1":"product","2":"type-product","3":"status-publish","4":"has-post-thumbnail","6":"product_brand-rubella-bg","7":"product_cat-bez-kategorijas-ru","9":"first","10":"instock","11":"taxable","12":"shipping-taxable","13":"product-type-simple"},"_links":{"self":[{"href":"https:\/\/e.kosmolat.eu\/lv\/wp-json\/wp\/v2\/product\/56056","targetHints":{"allow":["GET"]}}],"collection":[{"href":"https:\/\/e.kosmolat.eu\/lv\/wp-json\/wp\/v2\/product"}],"about":[{"href":"https:\/\/e.kosmolat.eu\/lv\/wp-json\/wp\/v2\/types\/product"}],"wp:featuredmedia":[{"embeddable":true,"href":"https:\/\/e.kosmolat.eu\/lv\/wp-json\/wp\/v2\/media\/100136"}],"wp:attachment":[{"href":"https:\/\/e.kosmolat.eu\/lv\/wp-json\/wp\/v2\/media?parent=56056"}],"wp:term":[{"taxonomy":"product_cat","embeddable":true,"href":"https:\/\/e.kosmolat.eu\/lv\/wp-json\/wp\/v2\/product_cat?post=56056"},{"taxonomy":"product_tag","embeddable":true,"href":"https:\/\/e.kosmolat.eu\/lv\/wp-json\/wp\/v2\/product_tag?post=56056"}],"curies":[{"name":"wp","href":"https:\/\/api.w.org\/{rel}","templated":true}]}}