{"id":56006,"date":"2024-09-17T04:12:10","date_gmt":"2024-09-17T04:12:10","guid":{"rendered":"https:\/\/e.kosmolat.eu\/product\/garden-collect-jasmine-smarzu-difuzors-ar-koc-100-ml\/"},"modified":"2026-04-17T13:14:49","modified_gmt":"2026-04-17T13:14:49","slug":"garden-collect-jasmine-smarzu-difuzors-ar-koc-100-ml","status":"publish","type":"product","link":"https:\/\/e.kosmolat.eu\/lv\/product\/garden-collect-jasmine-smarzu-difuzors-ar-koc-100-ml\/","title":{"rendered":"GARDEN COLLECT. Jasmine Smar\u017eu difuzors ar koc., 100 ml"},"content":{"rendered":"<p>\u012apa&scaron;a esence, kas ietilpst smar\u017eu difuzora sast\u0101v\u0101, pie&scaron;\u0137irs j\u016bsu m\u0101j\u0101m vai birojam pat\u012bkamu arom\u0101tu un ar savu dekorat\u012bvo izskatu papildin\u0101s interjeru. Dab\u012bgie bambusa koci\u0146i uzs\u016bc esenci, kas sast\u0101v no dab\u012bg\u0101m e\u013c\u013c\u0101m, un izplata pat\u012bkamu arom\u0101tu gais\u0101, radot m\u0101j\u012bgu atmosf\u0113ru.<\/p>\n<p><strong>Lieto&scaron;anas instrukcija:<\/strong> atveriet smar\u017eu difuzora iepakojumu un iz\u0146emiet produktu. No\u0146emiet melno plastmasas v\u0101ci\u0146u, p\u0113c tam iz\u0146emiet kor\u0137i. Ievietojiet melno plastmasas v\u0101ci\u0146u atpaka\u013c un ievietojiet bambusa koci\u0146us pudel\u0113. Lai arom\u0101ts izplat\u012btos efekt\u012bv\u0101k, ik p\u0113c div\u0101m dien\u0101m apgrieziet koci\u0146us otr\u0101di.<\/p>\n<p><strong>Piesardz\u012bbas pas\u0101kumi:<\/strong> noteikti iepaz\u012bstieties ar lieto&scaron;anas instrukciju. Izvairieties no nok\u013c\u016b&scaron;anas uz \u0101das un ac\u012bs. Ja nok\u013c\u016bst ac\u012bs, nekav\u0113joties izskalojiet t\u0101s ar \u016bdeni. Ja nor\u012bts, konsult\u0113jieties ar \u0101rstu un uzr\u0101diet produkta iepakojumu vai eti\u0137eti. Nelietojiet telp\u0101s, kur atrodas gr\u016btnieces, mazi b\u0113rni vai cilv\u0113ki ar elpce\u013cu slim\u012bb\u0101m. Glab\u0101jiet prom no p\u0101rtikas produktiem. Var izrais\u012bt aler\u0123iju. &Scaron;\u0137idrums var saboj\u0101t lakotas un kr\u0101sotas virsmas.<\/p>\n<p><strong>Sast\u0101v\u0101:<\/strong> Smar\u017eas un arom\u0101tisk\u0101s kompoz\u012bcijas\/ Linalool, Limonene, Alpha-Isomethyl Ionone, Coumarin, Eugenol, Benzyl Benzoate. Kr\u0101svielas.<\/p>\n<p>&nbsp;<\/p>\n<p><img decoding=\"async\" alt=\"\" src=\"data:image\/png;base64,iVBORw0KGgoAAAANSUhEUgAAAE0AAABNCAYAAAGUDtkmAAAAAXNSR0IArs4c6QAAAARnQU1BAACxjwv8YQUAAAAJcEhZcwAAFxEAABcRAcom8z8AABFnSURBVGhD5ZsJcFRVusdxF8TtWfqcEnWeIIsIMmbrdEKWTtJZICudBEhYdJQnLpQ6Rb1CSp+j9Z6FKCXoIDx1HJFCR8USnRr1iZRIwMjiBBEIMCAoiEDI7dBb0t143vl\/95zbt7tvr1nl\/apO3e3cc7\/7v2c\/3x2UNO35acy\/by8Th8YgkiRi5Pa8VIrAdykAX8uO4Mj6lAYPHkwRX3vtNTo+e+T7QGT\/7l10EvBD2l566aW0BUhIjcnxbmumk3yXtrNnz6atoo8k8YnIEsNIEu\/Wr2JHksQVKW58O79h0FQcGoOvIQmSRI9\/3x4RJUBYyv7Dh+jCiBEjcIGCREu5PS\/w+WSkTz75hNXU1NA5aEsRAeTQ89hjj9HW++WGQCRJaGRv08bwSBKZi7zNTZEjSSLKEg+4uVsJSJCIb\/e3ZDbwH2iN\/XWNwE3+1uAPun\/\/frHHP8GunfElHJrQmjVrcBN76KGHaLtz505xRQVl2TBhvJr\/+4Mimsp9993HPv74Y0oIAej39fh5uQ\/TmBLVZW7AT7MHH3xQHDF29dVXhyXo294cvbDiIiKB9evXGwbg3fRFfKVeQl84pG4B3q82dS8L4Wbvlk0UErKoT\/Et+e9\/it3u4fx9g1vh+cw5u84tTiWH526bs910O32EdtNY5r5rilNcSgz3jGpne8ZYSkiChBNO0Flf7mpPv00kwdg999wj9niCGbcxV2OtS0SNjmf6ZEd7+hhxqwo\/LfZUkGDnrKkO9Y4IOKdVB1kEjh49SomdOXOGrVy5UpzlCfJ4rpn1xha6Z9c4Qy0C559\/PiU2atSocAt5\/DANXdVWZ3vaaBElAL9EoaysjLZXXnlleIL8PtzPz\/NXq7W6jBICuBHh8OHD2v7o0eFx21NHM2e1xTWoq8S8P1QnIG\/etUvtrshjhFCQZbqKs\/bwa1yv0qwf8YX0vPzyy+zCCy8Mujk\/Pz8sMSTkKslupYQkHQWmFpnbJaWlpaylpUUcGWSRzHGsw5L6uZpCCIolfa8+QaOKcuvWrXQNCdnzUjeIW41xWDP3hVoYSrt5HHNa0teLW6Jzpth0MFKCZJElfaOIGh\/uIvNO3Kin3TyeWxRBo1j4i81NikhQ4a\/mivfVItFZaNqg5Keyjlhix0tnUeY8sds3eP59hhPdiKRr497AfU+dE80sclPX\/\/6d151jqc3uVyM9s6odqlFjea8uUIqB\/8A+YWQqr+Tro1fyPYlj+mQ3GcUrQ\/+e74Q5xvj376VWCJ+72615NNx1FZSn0KCE9o0lPJrYC8a\/Z5cwsoc\/t7u+UhjFlTIwyu\/3i71AsxEJGgvydKjg8G4NPSAZXNOnuDSjDIaFEh6V1dXVMUVRNOMqKirYL7\/8EtFQ3z+2a0ZG7CcY4eGyU55Ki\/z5wGWXXca8Xq9mkD4MHz5c2wdPPPEEbUOhUQzvFcBIPJfHN8Y5pcilGjWaybFxNMaMGRNkEAJGvIsXL9aOZeOOEA3MhKDrgec7awoCSir3Njad5hkV\/eOu9R+L6JFB+4xR0rFjx7Se2CWXXBJkwOWXX07HF198sXZe3+2LRNff15EdsMc+s2YTv1elszjnICnHS5W\/dbeIbswVV1xBD5Whs7NTXFE5e\/YsbfVx3nvvPTpnhG\/717zpv52U412kvTy+MWeKTNtUI8cyOX1kBI9K4fHHHxdnwqmqqqI4c+fOFWeCwYQHjMLgLaEegL3Q9B1uQrNkNLTUc+jQIfbmm2+yrq4uOsa0zPLlyzUFQ1GNGkdGdeQm2b8BjsKMVs1IMbAGyGfxBrPZTPdg0K0ZlZ\/Svb6SHkexeX9ASXVOL168mzcGjMrL6Jl+lxGKxbxXM1JMPEaCJgM0o3qoMxgPnqKsrVRw+MO9zZuFOSo4Rg8eRiXdZ+4JOovNG8lIboznjVc0oyIOdvoDV4Hp835XKhIdK\/9k7li10iwOBwbK4qctXXkprCv3TuZYs8oiTvcvDmEUPiWCF8b9dU3\/Gud4eqFmlN1Wyjpqihkf0KvK9Zdxit6oigJRaTBmL82hc\/3yWZVFf8zXjKoMGCWxl0wMGLf6L\/nitt7FsWyxqhT\/ZHqlQrEXZwc+a28r51j1PxavNKrcIkyIjGI1a8Z51v61d4zz8MyMEkdGTc4Xjw6A8YLT6RRHAZQiYVzO77hxPVwgPH\/7QM1TEYwCK1asYE1NTeIoGMWapSnnWPXnnjHO88nfYhoFpk6dGrTSGoqiz3OvruhegQhSqtz480mmTZtG3Ww56WiEvYxXJTCOp+lYsTQ54zzr1gYyegSl2traaMQEGhsbybBrrrmGjufMmUPbUJAWGZefyhzLlyX2WR1r\/hzTKPDiiy+SMUDOkctjm83Gfv75Z9oPBdUM0vbCuCWL4zPO8eqf8rtyoxu1ZcsW2r7wwgtkCKbKsZUBXHTRReyNN96gfSPsVYWqchbexj7zn9GNcyx9nhv1O2FUnkginCNHjtCoXRoWGtLT02mLUdVPP\/0k7grHXm1VjeOthLLgEeM8pyx+Rld5Rv58AEM2fgszmUxBBt10001Bx3JyZvv27eLOcOxTSuiZXh6UPzwYrBy+c7TKMxQ5+xMagNH5J598kq5FokMzjiv3Hw+rxvEGucDLa+V4jIJB+DxAPlQGzHeARx55JOxapEGxHs04XiBOLZhXMIhZUqkn0J46SkSJDh704YcfagvrGOhi+9Zbb9H106dP0\/GNN95IW+RFIEfw0cBMJ2xhBTyPHps2eTSzZpK1SkGGiBKZefPm0QNlwJo6SiAMBagibrnlFrZp0ya6fv3119M2FkqhiWxgRSZ2itvE7xk06GR91ch4jfvxxx+DDLvhhhvo\/MmTJ2nr8Xhoe+eddwbFi0aQUQ0Vo3j8ACds5SNYkTCOR4wGj07hgQceoJnId999V1xROXDgAF1PSUmhbUNDg7gSjjTqbGEGOzmt5lYePxylvvK3mnJRjHv\/\/fc146IRKw6+Dp71C1dKaSz\/Nx43Mj\/VlN3MrOpbRDNu8+bN9NBrr71WnAkG1xAiNUuUPg\/4fO3Ty27Gs2PSZpt0A26IZRw4ceIE++ijj9i6devEGcaeeuop+pyRQMmTRuFZ4rHxcbDc8q\/SOHuIcehVGK2zRgp6sCwojcIzxOMSw26z\/ouRcp9++mnYpF20IFFE5wD5GGmLxyRHe23tlfF+1mgoosmDUW0lJVeI5LvHDzYbVy6+qsQIJUcYVWxmeyvMl4tke4bjjdXXJWOcMlFth1lJFvsu97ahIrme5WRD9W+0AsGNjIUiOgdQqmX8+MtEMr0DVcIwLj+6cfT5eJw+MUpir68arhUIPtoOhUofegnFmewHk2mwuK1v6EDDT8rxylKnXMCoPlQqlLb6qjGqcmk0l6GIWR4Ydbyon4ySoO+kKSeM6rXSlyjyszKe31r6W6lQ2hpKhn2fe\/Ol4vDcw7N5o8U1o9rpy7ydue6a4uz3ieaBDMRyz652dmXfQQvCKEtY96cJSYg3UJYQBgKe5qZ8uItqYqFNyZ5A3keyGyDFg8eRY\/WrfTMXPhDxNG+2wGdMLxYJxfell7\/vm+3UKNPKP67z\/jnEg5PR\/6ucB7Hg1B0sluoO4Q\/xa5NI8WiJm8RTV2DgRoYpf5H0uQfVWXMbXIY5q2WHkCc6vh1b1Vl6WvUOiOeaUec6pxoMz+efWjrnzHJ0TeT1FK+bNLH41vfNNiFHYpB4vDcoPT60BgN13q+52CqPz8\/3zK5xYmlEEyvjNppj9UXxupPgdwCfzyeOjIFbakftJHIDpJwH8Xi957aVO5X5c389DQaWqt0zq52YmdbE4i8FsaK5KOrBtDym7Ds6OsSZ6PgP7ufilalzu3gez32YfHbVTHIqC\/8wcHMexMKPJN0RSwKnU54ku\/\/++8WZ+PAf+ifrsHHx0nTicXscVVZ3zBWjvsTxzNNcrEqXt0AtHqpYY2hRKFGxJHJlFCEnJyeu5Q098G\/tsJVy8Ubpcl4ac04pdMEVgQzvD+Dw46qrcIaJlUDOam1tpdWM0PVFvWgI9957r7iiAp9Z\/fJzJM7+cJjZa4rJYZfsE3Weq7rE6Vi+pO\/Ecyz6r3zPtDJHl6FY0f1wQ8EfpXAC4MmyZ599ls4hV8EHHOdkOO+889jq1avpOrj77rvZsGHD4hIOkHhVRbSmJnMexPNUFTscf+nFEYay5GmLu7bciRXl7tZZkiVLlmjCjBun\/vXz7bffBrl9y5CVlUXXIdR1111H59auXUvn4oXEK7cExMvj4vHWnXJeT3ZVsHjtrC9xoTXCF9JyFn94omK988479LLSiyN09R3\/n+v9FvShsrKSVkeLioq0c\/rclwj+I1w8\/rFDxXPairrXSVbmNBS4ppa7sNofJFa1NeyP5kQYOXIkvfDChQtppfaCCy7QREg0rFq1itLEWuaQIUMMPaSi4ec5D+vj+DmC3g8NBoZndSUu5YVFBfwZ8XGq0WZx2yarxVAvFq9Qky2GEtRXqPj5Y2KGZcuWsd27d4f9jyADVpwfffTRoHPPPfeceFJioNiq4smcJxoMdJKjdVWUuop8Tz2v4PXFkPd3VLESq+AlEGnHjuBxJVpC\/riYAa5GAKOCeISGj4H8UTZZkPPg06LPeSi2numTHI4\/Lgg0GMpsm8VZXebUxELgg+qO6VVJi6XnpZdeIgcwLHBLJkyYYPjiMtTW1pLLigSrqrGK8cMPP0xxUe\/p700G\/FfU0VhDOtDYVojn5F0sB5yD7FXWFG9ZTuvZQhNViJpofFii\/7cjWfAC0q0KAcUtLS0tSIQ77rgjqIKX7jISeAoMHTqUrqHuev7557UW9qqrrmKvvPIK+WZYLBbyoOoueG9yK8QkqBANK8duq+krpXxiwE3ixIzabF9p9l5\/YUageGaMZfYKS8y\/d2LxwQcfaIIYhfnz51O8DRs2sNzcXPb666\/TseTgwYNs1qxZ5O0A9F2V0IAWOVnwnlhgDkx6amJtO15f+VuevjGnG6eYu0LFM3Hx+LDIm+APO3pqamqCXg45Dd478njBggUiZnS2bdsWsajCPwrOXImC9yKxMBnK3xe5C2LRr\/y1k2\/iacdHW0O1yVWctQfrcgHxbmf2SXlJFVu8zPjx44Ne8tZbb6VfVo8fP07\/lr399tsitjFwHlu0aBFt4ees79NByM8++0zEjA\/82RcmVrEZLjTf\/TDJkpgPjh44hblKs1tDxcPD8NBEWbp0aVAOQ4AIiYA+nv5+tK7wDYoXEou\/i5wMVXOWmZ0pzGjt0eVte2P5CFdJNm8w9MU2efEAWlS4UKNyx\/wZfuXFMAregaEzGxinWq1WEgmNQHZ2dsJiG4uVyZyFWa3HUlKGqG\/aC9hn1g93WjP3+fmAHQ\/Vi9edOq838fLqBI6CQWLxkoP3ON5Y1HfuAPbf20bgr06fgXiRWlt44\/JbeyVgeBYKfixWxdLVWRALf6POqryK39c\/nJxRP7K9KHNfPOLB6fbo0aO9EmR3BOC3XDw\/VKwzPGeduct2rTC9\/znVYBvFDaSuil48OHMmW+clCn4Phjua7GdJsRwW8962mbbkW8Pe5tS0mtFua8Y\/QsXrToMRC+\/WLeSBpv6Dz58nxHIXm1qidkoHGm0zqsZ0Fmc2w\/hYxTZZvM1N9HOcXP+UOctXbP76BG\/thSm\/Pk7k5g7Fr9boNGri4SX5uM67ZaN4\/cTwblyv+jOaxwfE4unjOb3adehr4H7osKR\/wUp4zggT70shR3S8X3Cx4Cabpc4+SLHwU\/6AcW\/sDeDlygVrghe1FI98MyZOYL7mwPSRHu\/Gz1VH5yyesxBfipWXuuGcFiuU7Sm\/GeKwmL7Si0c5j4uDih10fbmBjtv1YvHhDorhgPNR7Uu2DBs22FGY+XVQzuNFFlPs8ocDNWfx4Q4Xq8+dxAcyqMBdReZvNPFE0Cr4yedQBd\/THOd1nt1i3sUm51Cd1e9O9WEMGvR\/JHtal+dStMQAAAAASUVORK5CYII=\" \/><strong>GHS02<strong> <\/strong><\/strong><img decoding=\"async\" alt=\"\" src=\"data:image\/png;base64,iVBORw0KGgoAAAANSUhEUgAAAEsAAABOCAYAAAEfhNvPAAAAAXNSR0IArs4c6QAAAARnQU1BAACxjwv8YQUAAAAJcEhZcwAAFxEAABcRAcom8z8AABkMSURBVGhD1VsLeFxlmc7KzVJoc2uapM39Nrm3aS5NA6Kw7AMuPIKAug8IdEHBBdl1FRXqyk3EC7igKPLgs9SKq5TF6sLKgvqIXFbFRbqSzDlzSdomvaRt2vSWNJmZ5Nv3\/f5zkplkJplJ0qJvO5k55\/znP9\/\/\/d\/9\/0+aTEFkbFzGxseco0lMa+hb2yjBthrnaBITDdlJsN3jHIl419XLOP65mGjoW1un36cuerdk5ubo70BHtX4T2tDfXq8HRDgckfu+\/CX9PY4O\/Wtr9XfaOIgP1JbqQTxYK7Nwh\/to3Lrr9o\/rT2Lf3r36ve26y0B7WH9PDgafY2+8invMAAY3fluimTTRkOCF8fGwjAT\/FNOIiGk4E6Y17PvMeufXJGIaHXr5v\/Q7cmCPfruYaDTc3+v8MhiLom7a4\/KKC\/R72ijDoWN6QOQXFzq\/cH5vn36n+SEZYw6fiLyoRpHxkARaakxP3e2T4uM+jrDbG\/Xb0ISerHWQBoeQsUgEYtVgDoAYwoPtRpR87UYiXMQ04hx2zyS58TAeGZfBJ78FOayVoVdecs4mRsLOjr35GgQ29undbbWYtX3O0XRMIX9MxbHbkXoXi5cukb5eM8PklXddY5S2TSKmM9\/aSU66+OCHrtKJXZyZ7pwxMJ1OqiGhnQUxnJHtgRhRiUa0lERjfDwiQ795EbPm6C\/\/REC0va5Gdlx6oZ6MB1cLXfAw2FaN0XggH+ZaLM\/wCUDajm5+0hw4oNR1dXXqb9g92XP\/5yA79dNGEtNZNPzg35DPdECwk8MvbZHtrbXRz4lBws5c2B1GigPga6JOXMzaWSqYtTPyNuL8ng0zdjY2FhEfZjnQiiHCVM6GhJ2NweT7MLNWNWayNEOCLXXa+UyI2xmVyt9WJZ1V2RLGIMMQTntFuvjWVBgBS4BpnXEw9ppKscqy4Ecmb+Rvb2Wu2PWFeFh8XYnpjBRYDaXiK4HXcnDZlVdIc3sbhmg6sCuXi686H257eocTnYXDIbHr8sVbneecMcgvKphinMfEV1csAfBxaofaGYfmr+AQciUCOxwNdjZV0UfHQtK1pkx8pcucMwbamRdP8YK5YcfXRoNU8TNN0TGzwWYoekW+cwad+SrzJbCmSgOOeKAdW16wwjmKRQT\/\/LAcgXUmUEk7+NN\/h42vS6h3KwpWyumLFzlHsQjhYyFwGe6z9ViHufeRB2AgGfokD7alKzvyG+PRCe2MFrP3kx+TQBs6nMKbs7MzJBfURSMCObNhXfsfvs85YzAhGmMQjeB718DUVDlnDNKXL5PcwsnO+Cyro176bvyIhojRmOiMYMPO0myx4J2iG7rUjkbGwN8aCb5nzbQREDGdEZxUf+1K6W4px8HkDSFMt42HBKMCw6mY1hlBwfaX5UhgVZHq5ChO+CACfk9xXIpcxO2MCKMDuyxPbFBpQdrfLs4G5+dgglxQ92zPcrGhIbPZMmLGzlLFvDsLg4X993xK\/FCpwf982jB8ATAnwjihnOSB53+MgKla7HM8YsPC2x1V0HuPDHX7oW34l3jeZ0VKhEUiYRA0Jsc6fytWezVC2wYYcZP0EKTDLkhHtFInPor86NGkZCAekiaMCd9IICi+5irEXiCKgudci4abvnmLMjRI962uhNM4jk9qBM5K2Bg7DI\/Cj5YjxKoXq2SZEjTbLLmi9nZFAeSvXjobjEOKJDm\/CQnj+Ni3DzruJ4cqlisxU6fmXaefpkFlHr1hUaEsSl\/iXDHguHSKa0kgw5ZYg50IMYTRCpocAFNRla8mkIQR0Rl2NPILHaLgVfk5\/awznSuTYFTicspuLIMMYqCYaiLK8sZggjC6JiJQmqMGPtBQnoCUWDy9+ekJd89Pa\/ta50p8cIDhoQPiR+jQ3VYHZ2OUJzJlJtIYPhFW+TKNpLuaS2VkYFfCMCEeslbkGY6VFInl9TpnZ8HouAx3vSVWWyWUqVYCtYYR7syk7fv6XSAIMcfaOum5oElPpgpOHwlbugy+JgW4RASbyhCVwHu2VMmh\/9io59LGw5AAcGffo1\/Wmko3NC\/YsUqFPxkwKP3aQw\/KWVkZs06jwaSAeKtyVd6YXx\/+\/a\/QF0h1Lk\/IGMMZjmDfvXdqOmfDxez++EeNds6g4vQCQ8PD8tHrrpMXX3rRORsfYwhH2V\/3xeci4oGGIqA78PT3zMUpj0hgLiKy7aqLkN7AssMG7fzGvdNCJhdbt25V2VKTgem89dZbnSuTYMGDkeWuT16PMLVelWvgrs9qMJ4ICe0YmUT590M77fYq6W73yLH\/+SWUInaSOZW7du+WVWuaZOOmTc7ZSbAcsnfj44jAaqQHOdz2S8\/TfmdDQsJcjEVC2lFXURZSeg8is1oZ6XnbUD0D6DEOv\/AsIuMG5ZC9qkK5ltBwTcGshBEaHmLk7JICa\/FBcNKjB\/Ya1jrP0nawM0O\/\/bX4WxFp0AzAt3IMEeREqSApwlzwuS7ssuXqO72NJXo8jsg7cnhAumE4A5j6zopso9m8J+q+ZJESYdGIgBDCV7kMqXudmhpWkztLYutNc8WcCXPh1r+9FSZtpV1cCMyLMGok4yz81eOQU+eaL+ZHFASOZHRVLpfO8kxzcgEwZ6LcKMRXjAQP\/pU1ps4yQ5hbGZwrUiZKYynzX6yqPC0D+Jvh41rrNIP3Vy3XdvMhK2WiWD4mrIKz1VB2N5fIyLH9cvzt3ylhFmyVVbbMkbK5ISWi3MDNLsjQsjxDktB+sxZDYg+9\/BwIrYY3qEPYXKSEuSYkFaREFKekqyQbBDWIr7VWQgf7JypetO6UpaOvvqQxFIM8X13BnDiWFFFusS9IGQIXekDQkPdNJWQqxpFfDj73Y+QEHsRvHkypqSFHVyJnw4xEUeHdvvyrkCSsgwUHUUd+8ZxOV7zn8DyVYe93H9Ri\/3bIWfcHOhzCkpvKmYlCT4yHes5txKjBobUVcvDZTZimUdNgJoyHZPfnb0EoVIXprJYdN3xI+0sGCYlyA77uyy\/QVD7Q2ij933xAz0XjxV+8JGWeSsnIyZYNX\/iCnnOnlXzZfct63F8PW1Yre26\/GTKG7GeWqUxIFDvc+bEPq9MNtiIy\/ewncA4hddRwt\/fu0DzRzRX5fe\/9X5poE4KBpaDvuPISCWLqA9DY\/gfuMLHWDJhGFItc7KjnI5eIrwMdQYv6br5awnFU+w9vvBGVI5pQ+aL3X+xcnQRJ7PnrVkwlxAAyueuhuya0Nh5iiKJdpHDvuu162BuPJhi9V3\/QXExQgVletHIio+bnB089FcNNwvQL7e1ANsWqDgg7+MMnqNYT2XY0YogiM3pvv0mrMkHESLvWX6WdzQTWbpUgTB1ruAcPHpxGlMJhdDc5BvmijA1+\/\/EJcxMNJSqMobDYuecbD8Cx1sIONUjf3543K0HEGWcvniAqM8\/4vdkQbKmGrFapEz\/0\/GZ9dvSzlCgSO7DxUeM64CYCMAFsxMazIe3Ud2mVhkLurnbG5ZSDccgSr3Yhe\/YhN7RhYI\/+8VVz0UFaBNHioRd+ZsJazHdPc2rF\/8bVq5VTJCrttFOcszNDB4yPVZOP59aIt61cjvf6ZSxs5Dbt6O9fUcHT1KihyBA0w0in4p577zFE4ePu0ZgV7N55hoVQh6m9v6lKRnu79VyaH2GGnmytRjg7MiPr4+GtrW8ZO4XPDTdN7uRIBrRjI\/07dJ3Chh2zysygVKa6SpdKD5PPpnK1UWNjSbgRwB1ATsEK5dbzL\/xcj2cFRJVJR2hwDzxFJQS+Xnxgjos0LitTnO3SbJ1C7+picyUJuESlpaXJKYvO0N+zQqfOfPlaPGLTbq3M1OOwYwuVU64B81ZmqcH01a1QQhMVPBIhmannMnF49JjYqyuVIBsc4l3RdypR2pdztgtpOtfzfNUr9RSrKYngEnHf\/ffLR665Wn8ngjZFEEiLFKgtRFzWKH5nmXPqYJQoF27ZxqpeIV5mJ+XxVyaj0daxTjWPMsVpTAQ+l9z3eQpgeurFKjcrx1zYnYppvZBq0m1hNJqWQ9Z4fDyBIU079RTVPn6WLIuf+7HmwD7sqgJY89WYsplNxzSi6P8oSiF0YzeWaizVVZKpozRzEIuKWs+k8ZzCKbe1ElSRoxpugTA9F2cR2kVCfo+HwxI+MiCBJkQLyO06i5cawqLgOtNrrr9O6ldN32zDZUzCV5KuC6ze+gLtY2pBbipmEAL85xBHhiXQUqla6S0ycsCi6lRMFVYWG5VDpVmwQ\/Cn9a63cPqdAYmJIvBwOtDw0QHpQnzlg9X1lmdP41gi2KVL4OSrxctVMSASSa6QNjNRDpiEjvYG4Dy5qgDNqXamIc6QOe3KobKl6r6s5ioQM4Rzs7AnCskRhYezwnL8jdcQZ9ciAETc3ljmXHUehi8SSWnpqnSWXkjQsUFMtwlXkkVSRLmgZh752WatIgeQkPrf1zw5lY7Q+z15cK41cPAeGd5hgUuJtSwRUiKKo6XF2fvtr0Ejq5EH1kjPVRer0SVJNl3U2lUaCg299kveMiekRBQR5lTie+cdt+kuNdYV+v7hGuk5r0nljfsvjmz5oRO1pjJpk0iZKBd8ZO\/N18HqN6qB5V5bFjb2ffsrIGhuxLiYO1E0F\/ju+6cbQRCca3uD7H3sQUwlzsfRylQwZ6IIPlsJe\/95IO4TmhUtBOZF1InCO0sU2Mxok0kMOb7zH28Qb+4S2f\/YI3pZi+HzFIWFxElnlpbfJz4m1Nr\/3a8if8mBIteqlQnA1HmL0+UYMkAKKp0Ct+i4deB3CiedWVwa4LKlMunRB8VbmIkknl4VzotZqFo+VrSQs7fUi12cIYO\/ft65N3XHtZA4KcxizsaqXAiKRSYNPv4tsQuR14EhjARZUeteBd91YYscty0JIjtmbdwPR6vbBVpqJFiaIYf\/8Jrpj6tV6vFProqeMGYZ2TEgs5RJL\/5EvMj7uNikH0QY\/mak8Gs8EurfqXEZg0sq2\/E3XxfLky\/+NrRhnIacwYcQ3aorlFBvUNtMPuXkMO2EMUvXKxEkclCjnf8rdmUe4kSP2FA5jYCaqxFl58pQj9ksG2OOYM9CzvGB538kAe43WwdJgxT6O6Cmq8t0exerAWwWcmzgicYCMmtc4wbmx25SNrJ\/l\/hWI8VtMbVnvsPCBTm7LEuOv\/orlQeOUeUjeqx6AWzQ08YJDD71Hd0zx9c7fCyKIg72N5VK8H1rcN2EolzC0kdDOk8EFlSy3B2GoSP7kN5Uit3MTQxUNwwO8bMX2erBn\/xI1Y2VtOSWuzgJsHlO071f+6J0lXPdGMlp+2rZ1lotb68pk95LL3BUE31P\/FpYzJtZamec9Iok2p5csWFb+G5EkAktS4rwaAeffsppkwyDEsNskhLZd\/dnxVuxXHra4QzgBAJI96y6CjDtvfoEUsStCjNtz0oVKTOLIu+qDRMsdw798F4WvBhfYLJAOBfou8oyZf\/Gx\/U6JYkFw9mCzMHBQRkeHnaOYkG7xK2IDGLdLYl7PnOjeKtW6FIlJ4hvIASrc6Tvxg+TRAcO1fNkXOqSRT4xVsJPMqrn\/DbxNxToyjNfvNO6TWm6DHz\/UW0+OguBt9x6q6T9VZqkL8vSwnhu0Ur9zsrP1UUXluk6nXewpi49mSTQnOv73G0S9GQh1KCnhfeE6lueYulbf5leN2QYBs8VyTHLsS8sZpE0Pnf75ReKVVtilkQ1DMDMQi12PnCH3kIofaQyAb9eeeUVOf3MRaaoWjy5VZcrVPk8xjeZ1tzWqu2nSYbTNT+ki5+d114uVn2BBri+dVWqonbFStl91z\/jqmnDFdK5qGdSzDIRt5GmvTd9VLzc+AwGcSXUXof0pGqZ9N10g7YlMcks2xEDAwOyOH0JpMms\/0wwK+pzFqRrwxf\/xbkjMegrdBcKv0HFtssuEKuhUL2whQn1tzWKr3y5HHjiIad9cjRGIyGzdM9EOKSeiNhz\/+dhUBErQbx1+RA5XGdNkWy\/9gN6fa4Cvrql2WxnnsosR9pOW7xI19mJZG2Oy4ax8IgEz2\/STeN8l9V7To1sA91dpZly5IXNOvlc14+3shwPMczizZQh898M\/8D3HhZveR7EulqXgviuidVYLMGLz1VZ01aY1rnMFHHHFzboLmZ30cX95MF2LS+EDYt6nSzZQWmyjqasaPCO8IF+3TzavaoMY6jHhCM4piNCCDL08n\/rGHQieN8MExLDLBLjhj6HnnkKNigbUoSAUmuMSGrXQP3akJqMmMhZX7SYJ97aulXSTj8liklGwvidkZsjl195hbabqycj40JOAj7S0yVdNcXS3cRswGOcEuK1AIRhyH5T20R0LSf+s9LoUSgV7g6yA1t+IN6iJXDFjUhN4IqZkzUjJCjL11LjiUBGZgakyOwccSUsD8dUwS1btjit5s6wibswRE5v5NCAdBUvRcrlAdMaoKLILlrgCIqzZGSH17QBPxhkRz8xTRcg8GPwpz+GumVCTCmi3NZeI9tXV0B8a3DnMW2sm0PmqG4z4dr110t6TvaEdLn7NdLOOM1psTDgZGu8R8+O4+O7t4m\/MlfXLqg5rNIzWefbtqPdljIterRpe79+j3RV5Oi7hNxKo\/WkVgSVHUhU95uX+40Qnzg888wzcsbZ5tUQV7Ky8pdL+7nnOC0WHpRSd533WOdb4oMd5o4KFiD57imrIRaC3cHN5jUTQm3WwIvPiV2UqbsHKVFaqVxTLj1IeiOHDcO0c37r34WBq1aM2s\/KWGriLcdmnYmQ4qFH\/lWvLxSUfvzRGMsZxjH\/VsSLK5HLcl8XYzMu20E9ER4N+f\/PNHIANaRqmYOBTY+JVbpMOcy0hd++VaXS8zftEpLjxvM5A1wI6AQ4\/a1uXqMBqEoXGHbqonfLtm3b9NpCQb2kY5tH9+\/QVwz9rZUw9A0QlFp8I\/mvypPht36vbbSKEiUcsXGWc37Pl+8Uuyxb8ztdj2QaU1ci2z98kTahWrIuPvUdsvnC8vnk07ffLg8\/8rBzxjB0PuD2S9oo2mbSHQ4Ni\/89EIbV3L4KdUNwzXzSV5Ilgz9\/1tyUADHMCo2PKud1BnC857abxarMRyBXK10dXExoFKtmhey65Wq9Pr9hzA4yKtnYKiFw+6hjprddep7W15gKBWCX6emDZctkzxPOahKfN554T0GsZEWBDIPz1N\/brrlEAp586DNSm7XUbXgNxGC7v\/J5va4z5gZoKcCVmhAyhdKqCjnlzHfLUiTUS7Iz5V2nnSqvv\/66Xk8VlCRWJahEZFPv318BzeAGIFOeDrIQiTx2992f1vYOGbMiMbP4GOo3enK94Y4rzhe7FjYMcQm9Rs\/aKrHhevvvvM1pQSbzj\/mdDIaGh7SyoF6Qxl2TaOMVWXW4c8OdTstZgOci\/DTSiN+c5t7rPqBhgH2OMd7q5cqypP8+0yfbsqioBj8JJGRWNFhxoIiSAHbbx33T9YWYIUfnIW0+5I177\/6Mtp9hQ9M0HD16VEs0btXB9YY8XpyRLl+8+y6n5cww7yeZQW+\/9jJowgqxOurM7mKkal5oxp77N+h1jmOmzXiJkBSzosFZI0l81LaL3gNvWaKxWRB2zQcRZ8Fv4PGHtQ3tH3eGmjsSo29nnyyDJ1yUfrbuZs5EjJV2+qny5MYnnRbxMYY0JozPmOPhdt9+M2zQCjUVnETS468ukL5PrVcKUhD4uEiZWepVmEM6r2GOjhzVmQs2MdE2peRgK0S+BJn98yazTwSqgfuJB62hJbhGuJf6H3lA\/KUs\/IE5DHvaYR7qK2TH371fr7NZGOI+X2eRMrOiQSkjAZSd0J5uff3dj3SBMZq+67W2Ql+rGvrj64ZgSMB880st3DmDPvzMRukszdDMw4dYaTue+XZTmfRc2I6nGOOerD1KBvNiFslQY6o\/9JQMWX9EYFeoq8hcTdYl+RbMdEOpHO83QSYlRpmWxESbZ+Av1dkZ+JHfvSy+8pyJjIOLsFYTJqnFIyOD+\/Ue9m08+sJhXsyaCs74qJNoH375F2IhMec7c3xZneppt1RINzKC0Ngx42GTGQkGTNUnQn1BffM12MxXQljOrhUL\/ftrciW0oxu+kI0ovScGC8qsaLjqeXDzJuSdGVoHc18Xt5rLZFtHk0oA2zDlilYX\/lSpcOpQo4f36CsDgRZuMjSrOD5Ka2mODAf+ZCTJ+XsiccKYxY0gfHvELUsPPLtJrOJ02DO4cUhagGUgRNM9kI6poL0hE8MH+qQLcVwAKk0G6XIXUhOrMENGt3cpe7gKrdvTTzyvThyzosGNIe6bxgc2fQcxmdmLxf34PVTPhlzpueR8ZRJVKbyvR\/yNldLVUgqmmgCYL9XZ1bky\/Kc\/KF\/CY8ltdV5InBRm8eVPCphZTjOGqv+rG+AIEBNRLZ06kh9OwM9lrOZyMJLBJINehCFl+XLkV1uM8DiVAKrpSRCmGJwUZkWDGsPSR8SRtJ0bPiV+vh6MWM14T2QEYBJr497SXDn4b9\/Udsw9GSu9kzjpzIqGu2+L2L7+SumqX6Gq6avMlv57PqfXEEqaBn8GeEeZpWuT4IU6AxyHBg8goGyDwTbviKhXZIM\/E7yjzPrLgsj\/A070agCGjHaOAAAAAElFTkSuQmCC\" \/><strong>GHS07 B\u012bstami<\/strong><\/p>\n<p><strong>H224<\/strong> \u012apa&scaron;i viegli uzliesmojo&scaron;s &scaron;\u0137idrums un tvaiki.<\/p>\n<p><strong>H315<\/strong> Kairina \u0101du<\/p>\n<p><strong>H319<\/strong> Izraisa nopietnu acu kairin\u0101jumu.<\/p>\n<p>Dro&scaron;\u012bbas pras\u012bbu apz\u012bm\u0113jumi:<\/p>\n<p>P101 Medic\u012bniska padoma nepiecie&scaron;am\u012bbas gad\u012bjum\u0101 attiec\u012bg\u0101 inform\u0101cija ir nor\u0101d\u012bta uz iepakojuma vai eti\u0137etes.<\/p>\n<p>P102 Sarg\u0101t no b\u0113rniem.<\/p>\n<p>P103 Pirms izmanto&scaron;anas izlas\u012bt eti\u0137eti<\/p>\n<p>P210 Sarg\u0101t no karstuma, karst\u0101m virsm\u0101m, dzirkstel\u0113m, atkl\u0101tas uguns un citiem aizdeg&scaron;an\u0101s avotiem. Nesm\u0113\u0137\u0113t.<\/p>\n<p>P261 Izvair\u012bties ieelpot izgarojumus.<\/p>\n<p>P280 Izmantot aizsargcimdus\/ acu aizsargus\/ sejas aizsargus.<\/p>\n<p>P303+P361+P353 SASKAR\u0112 AR \u0100DU (vai matiem): Nekav\u0113joties novilkt visu pies\u0101r\u0146oto ap\u0123\u0113rbu. Noskalot \u0101du ar \u016bdeni [vai iet du&scaron;\u0101].<\/p>\n<p>P332+P313 If skin irritation occurs: Get medical advice\/ attention.<\/p>\n<p>P305+P351+P338 SASKAR\u0112 AR AC\u012aM: Uzman\u012bgi izskalot ar \u016bdeni vair\u0101kas min\u016btes. Iz\u0146emt kontaktl\u0113cas, ja t\u0101s ir ievietotas un ja to var vienk\u0101r&scaron;i izdar\u012bt. Turpin\u0101t skalot.<\/p>\n<p>P337+P313 Ja acu iekaisums nep\u0101riet: l\u016bdziet medi\u0137u pal\u012bdz\u012bbu.<\/p>\n<p>P403+P235 Glab\u0101t labi v\u0113din\u0101m\u0101s telp\u0101s. Tur\u0113t v\u0113sum\u0101.<\/p>\n<p>P501 Atbr\u012bvoties no satura\/tvertnes\/ iepakojuma saska\u0146\u0101 ar valsts noteikumiem.<\/p>\n","protected":false},"excerpt":{"rendered":"<p>\u012apa&scaron;a esence, kas ietilpst smar\u017eu difuzora sast\u0101v\u0101, pie&scaron;\u0137irs j\u016bsu m\u0101j\u0101m vai birojam pat\u012bkamu arom\u0101tu un ar savu dekorat\u012bvo izskatu papildin\u0101s interjeru. Dab\u012bgie bambusa koci\u0146i uzs\u016bc esenci, kas sast\u0101v no dab\u012bg\u0101m e\u013c\u013c\u0101m, un izplata pat\u012bkamu arom\u0101tu gais\u0101, radot m\u0101j\u012bgu atmosf\u0113ru. Lieto&scaron;anas instrukcija: atveriet smar\u017eu difuzora iepakojumu un iz\u0146emiet produktu. No\u0146emiet melno plastmasas v\u0101ci\u0146u, p\u0113c tam iz\u0146emiet [&#8230;]\n","protected":false},"featured_media":99650,"template":"","meta":[],"product_cat":[1522],"product_tag":[],"class_list":{"0":"post-56006","1":"product","2":"type-product","3":"status-publish","4":"has-post-thumbnail","6":"product_brand-sora_tr","7":"product_cat-gaisa-atsvaidzinataji-majas-aromati","9":"first","10":"instock","11":"taxable","12":"shipping-taxable","13":"product-type-simple"},"_links":{"self":[{"href":"https:\/\/e.kosmolat.eu\/lv\/wp-json\/wp\/v2\/product\/56006","targetHints":{"allow":["GET"]}}],"collection":[{"href":"https:\/\/e.kosmolat.eu\/lv\/wp-json\/wp\/v2\/product"}],"about":[{"href":"https:\/\/e.kosmolat.eu\/lv\/wp-json\/wp\/v2\/types\/product"}],"wp:featuredmedia":[{"embeddable":true,"href":"https:\/\/e.kosmolat.eu\/lv\/wp-json\/wp\/v2\/media\/99650"}],"wp:attachment":[{"href":"https:\/\/e.kosmolat.eu\/lv\/wp-json\/wp\/v2\/media?parent=56006"}],"wp:term":[{"taxonomy":"product_cat","embeddable":true,"href":"https:\/\/e.kosmolat.eu\/lv\/wp-json\/wp\/v2\/product_cat?post=56006"},{"taxonomy":"product_tag","embeddable":true,"href":"https:\/\/e.kosmolat.eu\/lv\/wp-json\/wp\/v2\/product_tag?post=56006"}],"curies":[{"name":"wp","href":"https:\/\/api.w.org\/{rel}","templated":true}]}}