{"id":55966,"date":"2024-09-17T04:10:27","date_gmt":"2024-09-17T04:10:27","guid":{"rendered":"https:\/\/e.kosmolat.eu\/product\/jantar-barojoss-sejas-krems-kombin-saus-un-normal-adai-40-g\/"},"modified":"2026-03-20T08:20:53","modified_gmt":"2026-03-20T08:20:53","slug":"jantar-barojoss-sejas-krems-kombin-saus-un-normal-adai-40-g","status":"publish","type":"product","link":"https:\/\/e.kosmolat.eu\/lv\/product\/jantar-barojoss-sejas-krems-kombin-saus-un-normal-adai-40-g\/","title":{"rendered":"JANTAR Barojo\u0161s sejas kr\u0113ms kombin., saus. un norm\u0101l. \u0101dai, 40 g"},"content":{"rendered":"<p>Ar ol\u012bve\u013c\u013cu un bi\u0161u vasku.<br \/>\nDabisk\u0101s akt\u012bv\u0101s sast\u0101vda\u013cas \u2014 bisabolols, ol\u012bve\u013c\u013ca, bi\u0161u vasks, v\u012bnogu kauli\u0146u e\u013c\u013ca, \u0161\u012b sviests un lanol\u012bns:<\/p>\n<p>\u2022 intens\u012bvi baro, m\u012bkstina un nov\u0113r\u0161 \u0101das sausumu;<br \/>\n\u2022 padara \u0101du tvirt\u0101ku un elast\u012bg\u0101ku;<br \/>\n\u2022 nov\u0113r\u0161 grumbu ra\u0161anos.<\/p>\n<p>Lieto\u0161ana: uzkl\u0101t kr\u0113mu uz att\u012br\u012btas sejas \u0101das 2 stundas pirms gul\u0113tie\u0161anas. P\u0101rpalikumus not\u012br\u012bt ar salveti. Kr\u0113mu var izmantot k\u0101 &#8220;m\u0101jas masku&#8221; \u012bpa\u0161i sausai \u0101dai: uzkl\u0101t uz sejas \u0101das uz 20-30 min\u016bt\u0113m, p\u0113c tam no\u0146emt p\u0101rpalikumus ar salveti.<\/p>\n","protected":false},"excerpt":{"rendered":"<p>Ar ol\u012bve\u013c\u013cu un bi\u0161u vasku. Dabisk\u0101s akt\u012bv\u0101s sast\u0101vda\u013cas \u2014 bisabolols, ol\u012bve\u013c\u013ca, bi\u0161u vasks, v\u012bnogu kauli\u0146u e\u013c\u013ca, \u0161\u012b sviests un lanol\u012bns: \u2022 intens\u012bvi baro, m\u012bkstina un nov\u0113r\u0161 \u0101das sausumu; \u2022 padara \u0101du tvirt\u0101ku un elast\u012bg\u0101ku; \u2022 nov\u0113r\u0161 grumbu ra\u0161anos. Lieto\u0161ana: uzkl\u0101t kr\u0113mu uz att\u012br\u012btas sejas \u0101das 2 stundas pirms gul\u0113tie\u0161anas. P\u0101rpalikumus not\u012br\u012bt ar salveti. Kr\u0113mu var [&#8230;]\n","protected":false},"featured_media":103214,"template":"","meta":[],"product_cat":[1320],"product_tag":[],"class_list":{"0":"post-55966","1":"product","2":"type-product","3":"status-publish","4":"has-post-thumbnail","6":"product_brand-healer-cosmetics_ua","7":"product_cat-sejas-kremi","9":"first","10":"instock","11":"taxable","12":"shipping-taxable","13":"product-type-simple"},"_links":{"self":[{"href":"https:\/\/e.kosmolat.eu\/lv\/wp-json\/wp\/v2\/product\/55966","targetHints":{"allow":["GET"]}}],"collection":[{"href":"https:\/\/e.kosmolat.eu\/lv\/wp-json\/wp\/v2\/product"}],"about":[{"href":"https:\/\/e.kosmolat.eu\/lv\/wp-json\/wp\/v2\/types\/product"}],"wp:featuredmedia":[{"embeddable":true,"href":"https:\/\/e.kosmolat.eu\/lv\/wp-json\/wp\/v2\/media\/103214"}],"wp:attachment":[{"href":"https:\/\/e.kosmolat.eu\/lv\/wp-json\/wp\/v2\/media?parent=55966"}],"wp:term":[{"taxonomy":"product_cat","embeddable":true,"href":"https:\/\/e.kosmolat.eu\/lv\/wp-json\/wp\/v2\/product_cat?post=55966"},{"taxonomy":"product_tag","embeddable":true,"href":"https:\/\/e.kosmolat.eu\/lv\/wp-json\/wp\/v2\/product_tag?post=55966"}],"curies":[{"name":"wp","href":"https:\/\/api.w.org\/{rel}","templated":true}]}}