{"id":55942,"date":"2024-09-17T04:09:18","date_gmt":"2024-09-17T04:09:18","guid":{"rendered":"https:\/\/e.kosmolat.eu\/product\/ballet-tonalais-krems-ar-lecitinu-tonis-bess-41-g\/"},"modified":"2026-04-23T13:15:45","modified_gmt":"2026-04-23T13:15:45","slug":"ballet-tonalais-krems-ar-lecitinu-tonis-bess-41-g","status":"publish","type":"product","link":"https:\/\/e.kosmolat.eu\/lv\/product\/ballet-tonalais-krems-ar-lecitinu-tonis-bess-41-g\/","title":{"rendered":"BALLET Ton\u0101lais kr\u0113ms ar lecit\u012bnu, tonis b\u0113\u0161s, 41 g"},"content":{"rendered":"<p>\u2022 viegli uzkl\u0101jas un lieliski izsm\u0113r\u0113jas;<br \/>\n\u2022 vienm\u0113r\u012bgi nosedz \u0101du un pie\u0161\u0137ir tai mat\u0113tu toni;<br \/>\n\u2022 saglab\u0101jas visas dienas garum\u0101.<\/p>\n<p>Rezult\u0101ts: \u0101da ieg\u016bst vienm\u0113r\u012bgu un maigu kr\u0101su un k\u013c\u016bst samtaina.<\/p>\n<p>Lieto\u0161ana: uz iepriek\u0161 att\u012br\u012btas \u0101das uzkl\u0101t nelielu daudzumu ton\u0101l\u0101 kr\u0113ma un vienm\u0113r\u012bgi izsm\u0113r\u0113t ar viegl\u0101m, pl\u016bsto\u0161\u0101m kust\u012bb\u0101m. Ja j\u016bsu \u0101da ir sausa, ieteicams iepriek\u0161 uzkl\u0101t mitrino\u0161u kr\u0113mu pl\u0101n\u0101 k\u0101rt\u0101.<\/p>\n<p>Nelietot b\u0113rniem l\u012bdz 3 gadiem. Nelietot uz kairin\u0101tas \u0101das.<\/p>\n<p>Uzglab\u0101t temperat\u016br\u0101 no +5 \u00b0\u0421 l\u012bdz +25 \u00b0\u0421.<\/p>\n","protected":false},"excerpt":{"rendered":"<p>\u2022 viegli uzkl\u0101jas un lieliski izsm\u0113r\u0113jas; \u2022 vienm\u0113r\u012bgi nosedz \u0101du un pie\u0161\u0137ir tai mat\u0113tu toni; \u2022 saglab\u0101jas visas dienas garum\u0101. Rezult\u0101ts: \u0101da ieg\u016bst vienm\u0113r\u012bgu un maigu kr\u0101su un k\u013c\u016bst samtaina. Lieto\u0161ana: uz iepriek\u0161 att\u012br\u012btas \u0101das uzkl\u0101t nelielu daudzumu ton\u0101l\u0101 kr\u0113ma un vienm\u0113r\u012bgi izsm\u0113r\u0113t ar viegl\u0101m, pl\u016bsto\u0161\u0101m kust\u012bb\u0101m. Ja j\u016bsu \u0101da ir sausa, ieteicams iepriek\u0161 uzkl\u0101t [&#8230;]\n","protected":false},"featured_media":99297,"template":"","meta":[],"product_cat":[1291],"product_tag":[],"class_list":{"0":"post-55942","1":"product","2":"type-product","3":"status-publish","4":"has-post-thumbnail","6":"product_brand-healer-cosmetics_ua","7":"product_cat-makiazo-pagrindas","9":"first","10":"instock","11":"taxable","12":"shipping-taxable","13":"product-type-simple"},"_links":{"self":[{"href":"https:\/\/e.kosmolat.eu\/lv\/wp-json\/wp\/v2\/product\/55942","targetHints":{"allow":["GET"]}}],"collection":[{"href":"https:\/\/e.kosmolat.eu\/lv\/wp-json\/wp\/v2\/product"}],"about":[{"href":"https:\/\/e.kosmolat.eu\/lv\/wp-json\/wp\/v2\/types\/product"}],"wp:featuredmedia":[{"embeddable":true,"href":"https:\/\/e.kosmolat.eu\/lv\/wp-json\/wp\/v2\/media\/99297"}],"wp:attachment":[{"href":"https:\/\/e.kosmolat.eu\/lv\/wp-json\/wp\/v2\/media?parent=55942"}],"wp:term":[{"taxonomy":"product_cat","embeddable":true,"href":"https:\/\/e.kosmolat.eu\/lv\/wp-json\/wp\/v2\/product_cat?post=55942"},{"taxonomy":"product_tag","embeddable":true,"href":"https:\/\/e.kosmolat.eu\/lv\/wp-json\/wp\/v2\/product_tag?post=55942"}],"curies":[{"name":"wp","href":"https:\/\/api.w.org\/{rel}","templated":true}]}}