{"id":55934,"date":"2024-09-17T04:08:58","date_gmt":"2024-09-17T04:08:58","guid":{"rendered":"https:\/\/e.kosmolat.eu\/product\/hc-kosmetiskais-vazelins-10-g\/"},"modified":"2026-04-05T05:40:44","modified_gmt":"2026-04-05T05:40:44","slug":"hc-kosmetiskais-vazelins-10-g","status":"publish","type":"product","link":"https:\/\/e.kosmolat.eu\/lv\/product\/hc-kosmetiskais-vazelins-10-g\/","title":{"rendered":"HC Kosm\u0113tiskais vazel\u012bns, 10 g"},"content":{"rendered":"<p>\u0100das m\u012bkstin\u0101\u0161anai un aizsardz\u012bbai.<\/p>\n<p>Der\u012bguma termi\u0146\u0161: 36 m\u0113ne\u0161i.<\/p>\n","protected":false},"excerpt":{"rendered":"<p>\u0100das m\u012bkstin\u0101\u0161anai un aizsardz\u012bbai. Der\u012bguma termi\u0146\u0161: 36 m\u0113ne\u0161i.<\/p>\n","protected":false},"featured_media":98639,"template":"","meta":[],"product_cat":[1999],"product_tag":[],"class_list":{"0":"post-55934","1":"product","2":"type-product","3":"status-publish","4":"has-post-thumbnail","6":"product_brand-healer-cosmetics_ua","7":"product_cat-bez-kategorijas","9":"first","10":"instock","11":"taxable","12":"shipping-taxable","13":"product-type-simple"},"_links":{"self":[{"href":"https:\/\/e.kosmolat.eu\/lv\/wp-json\/wp\/v2\/product\/55934","targetHints":{"allow":["GET"]}}],"collection":[{"href":"https:\/\/e.kosmolat.eu\/lv\/wp-json\/wp\/v2\/product"}],"about":[{"href":"https:\/\/e.kosmolat.eu\/lv\/wp-json\/wp\/v2\/types\/product"}],"wp:featuredmedia":[{"embeddable":true,"href":"https:\/\/e.kosmolat.eu\/lv\/wp-json\/wp\/v2\/media\/98639"}],"wp:attachment":[{"href":"https:\/\/e.kosmolat.eu\/lv\/wp-json\/wp\/v2\/media?parent=55934"}],"wp:term":[{"taxonomy":"product_cat","embeddable":true,"href":"https:\/\/e.kosmolat.eu\/lv\/wp-json\/wp\/v2\/product_cat?post=55934"},{"taxonomy":"product_tag","embeddable":true,"href":"https:\/\/e.kosmolat.eu\/lv\/wp-json\/wp\/v2\/product_tag?post=55934"}],"curies":[{"name":"wp","href":"https:\/\/api.w.org\/{rel}","templated":true}]}}