{"id":55926,"date":"2024-09-17T04:08:38","date_gmt":"2024-09-17T04:08:38","guid":{"rendered":"https:\/\/e.kosmolat.eu\/product\/nc-8-zales-zeleja-balzams-adas-bojaj-un-apdeg-40-g\/"},"modified":"2026-04-22T13:53:31","modified_gmt":"2026-04-22T13:53:31","slug":"nc-8-zales-zeleja-balzams-adas-bojaj-un-apdeg-40-g","status":"publish","type":"product","link":"https:\/\/e.kosmolat.eu\/lv\/product\/nc-8-zales-zeleja-balzams-adas-bojaj-un-apdeg-40-g\/","title":{"rendered":"NC 8 Z\u0101les \u017deleja-balzams \u0101das boj\u0101j. un apdeg., 40 g"},"content":{"rendered":"<p>Efekt\u012bvs l\u012bdzeklis uz dab\u012bgo augu un ekstraktu b\u0101zes. Baro, atjauno un nomierina \u0101du, aizsarg\u0101 to no v\u0113ja ietekmes, veido aizsargbarjeru pret agres\u012bvu apk\u0101rt\u0113j\u0101s vides ietekme.<\/p>\n<p>Akt\u012bv\u0101s sast\u0101vda\u013cas: pantenols, A vitam\u012bns, E vitam\u012bns, glicer\u012bns, asinsz\u0101les, kosa, prie\u017eu sve\u0137u, kumel\u012btes, eikalipta, selerijas ekstrakti, citrona \u0113terisk\u0101 e\u013c\u013ca.<\/p>\n<p>Satur A vitam\u012bnu. L\u016bgums pirms lieto\u0161anas p\u0101rdom\u0101t savu dienas devu.<\/p>\n<p>Lieto\u0161ana: nelielu daudzumu \u017eelejas-balzama uzkl\u0101t uz problem\u0101tiskaj\u0101m \u0101das viet\u0101m.<\/p>\n<p>Piesardz\u012bbas pas\u0101kumi: tikai \u0101r\u012bgai lieto\u0161anai. Nelietot, ja ir paaugstin\u0101ta jut\u012bba pret atsevi\u0161\u0137\u0101m sast\u0101vda\u013c\u0101m. Nav \u0101rstniecisks l\u012bdzeklis.<\/p>\n<p>Uzglab\u0101t temperat\u016br\u0101 no +5 \u00b0\u0421 l\u012bdz +25 \u00b0\u0421 un relat\u012bvaj\u0101 gaisa mitrum\u0101 ne vair\u0101k k\u0101 75%, sarg\u0101jot no tie\u0161iem saules stariem. Uzglab\u0101t b\u0113rniem nepieejam\u0101 viet\u0101.<\/p>\n<p>Der\u012bguma termi\u0146\u0161: 36 m\u0113ne\u0161i.<\/p>\n","protected":false},"excerpt":{"rendered":"<p>Efekt\u012bvs l\u012bdzeklis uz dab\u012bgo augu un ekstraktu b\u0101zes. Baro, atjauno un nomierina \u0101du, aizsarg\u0101 to no v\u0113ja ietekmes, veido aizsargbarjeru pret agres\u012bvu apk\u0101rt\u0113j\u0101s vides ietekme. Akt\u012bv\u0101s sast\u0101vda\u013cas: pantenols, A vitam\u012bns, E vitam\u012bns, glicer\u012bns, asinsz\u0101les, kosa, prie\u017eu sve\u0137u, kumel\u012btes, eikalipta, selerijas ekstrakti, citrona \u0113terisk\u0101 e\u013c\u013ca. Satur A vitam\u012bnu. L\u016bgums pirms lieto\u0161anas p\u0101rdom\u0101t savu dienas devu. Lieto\u0161ana: [&#8230;]\n","protected":false},"featured_media":98635,"template":"","meta":[],"product_cat":[2181],"product_tag":[],"class_list":{"0":"post-55926","1":"product","2":"type-product","3":"status-publish","4":"has-post-thumbnail","6":"product_brand-healer-cosmetics_ua","7":"product_cat-bez-kategorijas-lt","9":"first","10":"instock","11":"taxable","12":"shipping-taxable","13":"product-type-simple"},"_links":{"self":[{"href":"https:\/\/e.kosmolat.eu\/lv\/wp-json\/wp\/v2\/product\/55926","targetHints":{"allow":["GET"]}}],"collection":[{"href":"https:\/\/e.kosmolat.eu\/lv\/wp-json\/wp\/v2\/product"}],"about":[{"href":"https:\/\/e.kosmolat.eu\/lv\/wp-json\/wp\/v2\/types\/product"}],"wp:featuredmedia":[{"embeddable":true,"href":"https:\/\/e.kosmolat.eu\/lv\/wp-json\/wp\/v2\/media\/98635"}],"wp:attachment":[{"href":"https:\/\/e.kosmolat.eu\/lv\/wp-json\/wp\/v2\/media?parent=55926"}],"wp:term":[{"taxonomy":"product_cat","embeddable":true,"href":"https:\/\/e.kosmolat.eu\/lv\/wp-json\/wp\/v2\/product_cat?post=55926"},{"taxonomy":"product_tag","embeddable":true,"href":"https:\/\/e.kosmolat.eu\/lv\/wp-json\/wp\/v2\/product_tag?post=55926"}],"curies":[{"name":"wp","href":"https:\/\/api.w.org\/{rel}","templated":true}]}}