{"id":55918,"date":"2024-09-17T04:08:17","date_gmt":"2024-09-17T04:08:17","guid":{"rendered":"https:\/\/e.kosmolat.eu\/product\/nc-17-zales-zeleja-balz-sasit-sastiep-un-zilumiem-40-g\/"},"modified":"2026-05-15T06:59:08","modified_gmt":"2026-05-15T06:59:08","slug":"nc-17-zales-zeleja-balz-sasit-sastiep-un-zilumiem-40-g","status":"publish","type":"product","link":"https:\/\/e.kosmolat.eu\/lv\/product\/nc-17-zales-zeleja-balz-sasit-sastiep-un-zilumiem-40-g\/","title":{"rendered":"NC 17 Z\u0101les \u017deleja-balz. sasit., sastiep. un zilumiem, 40 g"},"content":{"rendered":"<p>Efekt\u012bvs l\u012bdzeklis uz dab\u012bgo ekstraktu un \u0113terisko e\u013c\u013cu b\u0101zes. Uzlabo asinsriti un atjauno \u0101du.<\/p>\n<p>Akt\u012bv\u0101s sast\u0101vda\u013cas: kampars, terpent\u012bns, mentols, trokserut\u012bns; arnikas, kli\u0146\u0123er\u012b\u0161u, asinsz\u0101les, soforas, zirgkasta\u0146a, altejas saknes ekstrakti; citrona, lavandas, melisas, kan\u0113\u013ca, rozmar\u012bna un kadi\u0137a \u0113terisk\u0101s e\u013c\u013cas.<\/p>\n<p>Lieto\u0161ana: uzkl\u0101t \u017eeleju-balzamu uz problem\u0101tiskaj\u0101m \u0101das zon\u0101m, p\u0113c tam uzlikt aukstu kompresi. Lietot 2-3 reizes dien\u0101 l\u012bdz \u0101das st\u0101vok\u013ca uzlabo\u0161anai.<\/p>\n<p>Uzman\u012bbu! Nelietot b\u0113rniem l\u012bdz 3 gadu vecumam.<\/p>\n<p>Piesardz\u012bbas pas\u0101kumi: tikai \u0101r\u012bgai lieto\u0161anai. Nelietot, ja ir paaugstin\u0101ta jut\u012bba pret atsevi\u0161\u0137\u0101m sast\u0101vda\u013c\u0101m. Nav \u0101rstniecisks l\u012bdzeklis.<\/p>\n<p>Uzglab\u0101t temperat\u016br\u0101 no +5 \u00b0\u0421 l\u012bdz +25 \u00b0\u0421 un relat\u012bvaj\u0101 gaisa mitrum\u0101 ne vair\u0101k k\u0101 75%, sarg\u0101jot no tie\u0161iem saules stariem. Uzglab\u0101t b\u0113rniem nepieejam\u0101 viet\u0101.<\/p>\n<p>Der\u012bguma termi\u0146\u0161: 36 m\u0113ne\u0161i.<\/p>\n","protected":false},"excerpt":{"rendered":"<p>Efekt\u012bvs l\u012bdzeklis uz dab\u012bgo ekstraktu un \u0113terisko e\u013c\u013cu b\u0101zes. Uzlabo asinsriti un atjauno \u0101du. Akt\u012bv\u0101s sast\u0101vda\u013cas: kampars, terpent\u012bns, mentols, trokserut\u012bns; arnikas, kli\u0146\u0123er\u012b\u0161u, asinsz\u0101les, soforas, zirgkasta\u0146a, altejas saknes ekstrakti; citrona, lavandas, melisas, kan\u0113\u013ca, rozmar\u012bna un kadi\u0137a \u0113terisk\u0101s e\u013c\u013cas. Lieto\u0161ana: uzkl\u0101t \u017eeleju-balzamu uz problem\u0101tiskaj\u0101m \u0101das zon\u0101m, p\u0113c tam uzlikt aukstu kompresi. Lietot 2-3 reizes dien\u0101 l\u012bdz \u0101das [&#8230;]\n","protected":false},"featured_media":98631,"template":"","meta":[],"product_cat":[1388],"product_tag":[],"class_list":{"0":"post-55918","1":"product","2":"type-product","3":"status-publish","4":"has-post-thumbnail","6":"product_brand-healer-cosmetics_ua","7":"product_cat-kermena-kremi-pienini-sviesti","9":"first","10":"instock","11":"taxable","12":"shipping-taxable","13":"product-type-simple"},"_links":{"self":[{"href":"https:\/\/e.kosmolat.eu\/lv\/wp-json\/wp\/v2\/product\/55918","targetHints":{"allow":["GET"]}}],"collection":[{"href":"https:\/\/e.kosmolat.eu\/lv\/wp-json\/wp\/v2\/product"}],"about":[{"href":"https:\/\/e.kosmolat.eu\/lv\/wp-json\/wp\/v2\/types\/product"}],"wp:featuredmedia":[{"embeddable":true,"href":"https:\/\/e.kosmolat.eu\/lv\/wp-json\/wp\/v2\/media\/98631"}],"wp:attachment":[{"href":"https:\/\/e.kosmolat.eu\/lv\/wp-json\/wp\/v2\/media?parent=55918"}],"wp:term":[{"taxonomy":"product_cat","embeddable":true,"href":"https:\/\/e.kosmolat.eu\/lv\/wp-json\/wp\/v2\/product_cat?post=55918"},{"taxonomy":"product_tag","embeddable":true,"href":"https:\/\/e.kosmolat.eu\/lv\/wp-json\/wp\/v2\/product_tag?post=55918"}],"curies":[{"name":"wp","href":"https:\/\/api.w.org\/{rel}","templated":true}]}}