{"id":55910,"date":"2024-09-17T04:07:58","date_gmt":"2024-09-17T04:07:58","guid":{"rendered":"https:\/\/e.kosmolat.eu\/product\/hc-krems-balz-pret-karpam-un-papilomam-10-g\/"},"modified":"2026-05-16T09:09:03","modified_gmt":"2026-05-16T09:09:03","slug":"hc-krems-balz-pret-karpam-un-papilomam-10-g","status":"publish","type":"product","link":"https:\/\/e.kosmolat.eu\/lv\/product\/hc-krems-balz-pret-karpam-un-papilomam-10-g\/","title":{"rendered":"HC Kr\u0113ms-balz. pret k\u0101rp\u0101m un papilom\u0101m, 10 g"},"content":{"rendered":"<p>Kr\u0113ms-balzams, kas izgatavots no dab\u012bgiem ekstraktiem un augu sast\u0101vda\u013c\u0101m, pal\u012bdz efekt\u012bvi atbr\u012bvoties no papilom\u0101m un k\u0101rp\u0101m, nov\u0113r\u0161ot turpm\u0101ku v\u012brusa izplat\u012b\u0161anos.<\/p>\n<p>T\u0113jas koka \u0113terisk\u0101 e\u013c\u013ca ir dabisks pretv\u012brusu l\u012bdzeklis. Akt\u012bvo komponentu komplekss \u2014 \u0137iploks, ce\u013cteka, pienene, dadzis un kli\u0146\u0123er\u012bte \u2014 veicina \u0161\u016bnu atjauno\u0161anos. Strutene lieliski att\u012bra \u0101du un pal\u012bdz atjaunot to. Galven\u0101s balzama sast\u0101vda\u013cas (vazel\u012bns, lanol\u012bns un bi\u0161u vasks) nodro\u0161ina \u0101tru akt\u012bvo vielu iek\u013c\u016b\u0161anu dzi\u013c\u0101kajos \u0101das sl\u0101\u0146os.<\/p>\n<p>Lieto\u0161ana: uzkl\u0101t lok\u0101li vair\u0101kas reizes dien\u0101. Lai pastiprin\u0101tu efektu, ieteicams uzlikt bakteric\u012bdo pl\u0101ksteri uz apstr\u0101d\u0101t\u0101s vietas. <\/p>\n<p>Piesardz\u012bbas pas\u0101kumi: nelietot, ja ir paaugstin\u0101ta jut\u012bba pret atsevi\u0161\u0137\u0101m sast\u0101vda\u013c\u0101m. Nav \u0101rstniecisks l\u012bdzeklis. <\/p>\n<p>Uzglab\u0101t saus\u0101 viet\u0101, temperat\u016br\u0101 no 0\u00b0 l\u012bdz 25\u00b0C.<\/p>\n<p>Der\u012bguma termi\u0146\u0161: 3 gadi.<\/p>\n","protected":false},"excerpt":{"rendered":"<p>Kr\u0113ms-balzams, kas izgatavots no dab\u012bgiem ekstraktiem un augu sast\u0101vda\u013c\u0101m, pal\u012bdz efekt\u012bvi atbr\u012bvoties no papilom\u0101m un k\u0101rp\u0101m, nov\u0113r\u0161ot turpm\u0101ku v\u012brusa izplat\u012b\u0161anos. T\u0113jas koka \u0113terisk\u0101 e\u013c\u013ca ir dabisks pretv\u012brusu l\u012bdzeklis. Akt\u012bvo komponentu komplekss \u2014 \u0137iploks, ce\u013cteka, pienene, dadzis un kli\u0146\u0123er\u012bte \u2014 veicina \u0161\u016bnu atjauno\u0161anos. Strutene lieliski att\u012bra \u0101du un pal\u012bdz atjaunot to. Galven\u0101s balzama sast\u0101vda\u013cas (vazel\u012bns, lanol\u012bns [&#8230;]\n","protected":false},"featured_media":99128,"template":"","meta":[],"product_cat":[1388],"product_tag":[],"class_list":{"0":"post-55910","1":"product","2":"type-product","3":"status-publish","4":"has-post-thumbnail","6":"product_brand-healer-cosmetics_ua","7":"product_cat-kermena-kremi-pienini-sviesti","9":"first","10":"instock","11":"taxable","12":"shipping-taxable","13":"product-type-simple"},"_links":{"self":[{"href":"https:\/\/e.kosmolat.eu\/lv\/wp-json\/wp\/v2\/product\/55910","targetHints":{"allow":["GET"]}}],"collection":[{"href":"https:\/\/e.kosmolat.eu\/lv\/wp-json\/wp\/v2\/product"}],"about":[{"href":"https:\/\/e.kosmolat.eu\/lv\/wp-json\/wp\/v2\/types\/product"}],"wp:featuredmedia":[{"embeddable":true,"href":"https:\/\/e.kosmolat.eu\/lv\/wp-json\/wp\/v2\/media\/99128"}],"wp:attachment":[{"href":"https:\/\/e.kosmolat.eu\/lv\/wp-json\/wp\/v2\/media?parent=55910"}],"wp:term":[{"taxonomy":"product_cat","embeddable":true,"href":"https:\/\/e.kosmolat.eu\/lv\/wp-json\/wp\/v2\/product_cat?post=55910"},{"taxonomy":"product_tag","embeddable":true,"href":"https:\/\/e.kosmolat.eu\/lv\/wp-json\/wp\/v2\/product_tag?post=55910"}],"curies":[{"name":"wp","href":"https:\/\/api.w.org\/{rel}","templated":true}]}}