{"id":55902,"date":"2024-09-17T04:07:39","date_gmt":"2024-09-17T04:07:39","guid":{"rendered":"https:\/\/e.kosmolat.eu\/product\/hc-lupu-krems-balzams-antiherpes-10-g\/"},"modified":"2026-04-23T07:10:54","modified_gmt":"2026-04-23T07:10:54","slug":"hc-lupu-krems-balzams-antiherpes-10-g","status":"publish","type":"product","link":"https:\/\/e.kosmolat.eu\/lv\/product\/hc-lupu-krems-balzams-antiherpes-10-g\/","title":{"rendered":"HC L\u016bpu kr\u0113ms-balzams Antiherpes, 10 g"},"content":{"rendered":"<p>Balzams herpes v\u012brusa profilaksei ar melisas e\u013c\u013cu. <\/p>\n<p>M\u012bkstina, aizsarg\u0101 \u0101du un pal\u012bdz samazin\u0101t herpes izplat\u012b\u0161anos.<\/p>\n<p>Nav \u0101rstniecisks l\u012bdzeklis.<\/p>\n","protected":false},"excerpt":{"rendered":"<p>Balzams herpes v\u012brusa profilaksei ar melisas e\u013c\u013cu. M\u012bkstina, aizsarg\u0101 \u0101du un pal\u012bdz samazin\u0101t herpes izplat\u012b\u0161anos. Nav \u0101rstniecisks l\u012bdzeklis.<\/p>\n","protected":false},"featured_media":98627,"template":"","meta":[],"product_cat":[1386],"product_tag":[],"class_list":{"0":"post-55902","1":"product","2":"type-product","3":"status-publish","4":"has-post-thumbnail","6":"product_brand-healer-cosmetics_ua","7":"product_cat-lupu-balzamas","9":"first","10":"instock","11":"taxable","12":"shipping-taxable","13":"product-type-simple"},"_links":{"self":[{"href":"https:\/\/e.kosmolat.eu\/lv\/wp-json\/wp\/v2\/product\/55902","targetHints":{"allow":["GET"]}}],"collection":[{"href":"https:\/\/e.kosmolat.eu\/lv\/wp-json\/wp\/v2\/product"}],"about":[{"href":"https:\/\/e.kosmolat.eu\/lv\/wp-json\/wp\/v2\/types\/product"}],"wp:featuredmedia":[{"embeddable":true,"href":"https:\/\/e.kosmolat.eu\/lv\/wp-json\/wp\/v2\/media\/98627"}],"wp:attachment":[{"href":"https:\/\/e.kosmolat.eu\/lv\/wp-json\/wp\/v2\/media?parent=55902"}],"wp:term":[{"taxonomy":"product_cat","embeddable":true,"href":"https:\/\/e.kosmolat.eu\/lv\/wp-json\/wp\/v2\/product_cat?post=55902"},{"taxonomy":"product_tag","embeddable":true,"href":"https:\/\/e.kosmolat.eu\/lv\/wp-json\/wp\/v2\/product_tag?post=55902"}],"curies":[{"name":"wp","href":"https:\/\/api.w.org\/{rel}","templated":true}]}}