{"id":55894,"date":"2024-09-17T04:07:19","date_gmt":"2024-09-17T04:07:19","guid":{"rendered":"https:\/\/e.kosmolat.eu\/product\/sustavit-kermena-zeleja-balzams-90-ml\/"},"modified":"2026-05-15T14:03:47","modified_gmt":"2026-05-15T14:03:47","slug":"sustavit-kermena-zeleja-balzams-90-ml","status":"publish","type":"product","link":"https:\/\/e.kosmolat.eu\/lv\/product\/sustavit-kermena-zeleja-balzams-90-ml\/","title":{"rendered":"SUSTAVIT \u0136erme\u0146a \u017eeleja-balzams, 90 ml"},"content":{"rendered":"<p>Uz \u0113terisko e\u013c\u013cu mais\u012bjuma b\u0101zes: baltegles, eikalipta, t\u0113jas koka un kadi\u0137a. <\/p>\n<p>Akt\u012bv\u0101s sast\u0101vda\u013cas uzlabo asinsriti, veicina \u0161\u016bnu atjauno\u0161anos, k\u0101 ar\u012b nodro\u0161ina dezinfekcijas, antiseptisku un pretmikrobu iedarb\u012bbu.<\/p>\n<p>Lieto\u0161ana: uzkl\u0101t uz problem\u0101tiskaj\u0101m viet\u0101m. Lietot p\u0113c vajadz\u012bbas.<\/p>\n<p>Kontrindik\u0101cijas: nelietot, ja ir paaugstin\u0101ta jut\u012bba pret atsevi\u0161\u0137\u0101m sast\u0101vda\u013c\u0101m. Nav \u0101rstniecisks l\u012bdzeklis.<\/p>\n<p>Uzglab\u0101t b\u0113rniem nepieejam\u0101 viet\u0101, temperat\u016br\u0101 no +5 \u00b0\u0421 l\u012bdz +25 \u00b0\u0421 un relat\u012bvaj\u0101 gaisa mitrum\u0101 ne vair\u0101k k\u0101 75%, sarg\u0101jot no tie\u0161iem saules stariem.<\/p>\n","protected":false},"excerpt":{"rendered":"<p>Uz \u0113terisko e\u013c\u013cu mais\u012bjuma b\u0101zes: baltegles, eikalipta, t\u0113jas koka un kadi\u0137a. Akt\u012bv\u0101s sast\u0101vda\u013cas uzlabo asinsriti, veicina \u0161\u016bnu atjauno\u0161anos, k\u0101 ar\u012b nodro\u0161ina dezinfekcijas, antiseptisku un pretmikrobu iedarb\u012bbu. Lieto\u0161ana: uzkl\u0101t uz problem\u0101tiskaj\u0101m viet\u0101m. Lietot p\u0113c vajadz\u012bbas. Kontrindik\u0101cijas: nelietot, ja ir paaugstin\u0101ta jut\u012bba pret atsevi\u0161\u0137\u0101m sast\u0101vda\u013c\u0101m. Nav \u0101rstniecisks l\u012bdzeklis. Uzglab\u0101t b\u0113rniem nepieejam\u0101 viet\u0101, temperat\u016br\u0101 no +5 \u00b0\u0421 l\u012bdz [&#8230;]\n","protected":false},"featured_media":99960,"template":"","meta":[],"product_cat":[1391],"product_tag":[],"class_list":{"0":"post-55894","1":"product","2":"type-product","3":"status-publish","4":"has-post-thumbnail","6":"product_brand-healer-cosmetics_ua","7":"product_cat-1391","9":"first","10":"instock","11":"taxable","12":"shipping-taxable","13":"product-type-simple"},"_links":{"self":[{"href":"https:\/\/e.kosmolat.eu\/lv\/wp-json\/wp\/v2\/product\/55894","targetHints":{"allow":["GET"]}}],"collection":[{"href":"https:\/\/e.kosmolat.eu\/lv\/wp-json\/wp\/v2\/product"}],"about":[{"href":"https:\/\/e.kosmolat.eu\/lv\/wp-json\/wp\/v2\/types\/product"}],"wp:featuredmedia":[{"embeddable":true,"href":"https:\/\/e.kosmolat.eu\/lv\/wp-json\/wp\/v2\/media\/99960"}],"wp:attachment":[{"href":"https:\/\/e.kosmolat.eu\/lv\/wp-json\/wp\/v2\/media?parent=55894"}],"wp:term":[{"taxonomy":"product_cat","embeddable":true,"href":"https:\/\/e.kosmolat.eu\/lv\/wp-json\/wp\/v2\/product_cat?post=55894"},{"taxonomy":"product_tag","embeddable":true,"href":"https:\/\/e.kosmolat.eu\/lv\/wp-json\/wp\/v2\/product_tag?post=55894"}],"curies":[{"name":"wp","href":"https:\/\/api.w.org\/{rel}","templated":true}]}}