{"id":55886,"date":"2024-09-17T04:06:57","date_gmt":"2024-09-17T04:06:57","guid":{"rendered":"https:\/\/e.kosmolat.eu\/product\/vecer-acu-plakstinu-un-sejas-krems-sausai-un-jutigai-adai-40-g\/"},"modified":"2026-04-01T14:59:41","modified_gmt":"2026-04-01T14:59:41","slug":"vecer-acu-plakstinu-un-sejas-krems-sausai-un-jutigai-adai-40-g","status":"publish","type":"product","link":"https:\/\/e.kosmolat.eu\/lv\/product\/vecer-acu-plakstinu-un-sejas-krems-sausai-un-jutigai-adai-40-g\/","title":{"rendered":"VE\u010cER Acu plaksti\u0146u un sejas kr\u0113ms sausai un jut\u012bgai \u0101dai, 40 g"},"content":{"rendered":"<p>Ar p\u0113ters\u012b\u013cu ekstraktu un vitam\u012bniem A un E.<br \/>\nAkt\u012bv\u0101s sast\u0101vda\u013cas \u2014 p\u0113ters\u012b\u013cu ekstrakts, vitam\u012bni A un E, dabisk\u0101 mande\u013cu e\u013c\u013ca, v\u012bnogu kauli\u0146u e\u013c\u013ca un ol\u012bve\u013c\u013ca, bi\u0161u vasks, lanol\u012bns:<\/p>\n<p>\u2022 baro un m\u012bkstina \u0101du, pie\u0161\u0137irot tai svaigu izskatu.<\/p>\n<p>Satur A vitam\u012bnu. L\u016bgums pirms lieto\u0161anas p\u0101rdom\u0101t savu dienas devu.<\/p>\n<p>Lieto\u0161ana: uzkl\u0101t uz \u0101das 2 stundas pirms gul\u0113tie\u0161anas. P\u0101rpalikumus no\u0146emt ar salveti.<\/p>\n","protected":false},"excerpt":{"rendered":"<p>Ar p\u0113ters\u012b\u013cu ekstraktu un vitam\u012bniem A un E. Akt\u012bv\u0101s sast\u0101vda\u013cas \u2014 p\u0113ters\u012b\u013cu ekstrakts, vitam\u012bni A un E, dabisk\u0101 mande\u013cu e\u013c\u013ca, v\u012bnogu kauli\u0146u e\u013c\u013ca un ol\u012bve\u013c\u013ca, bi\u0161u vasks, lanol\u012bns: \u2022 baro un m\u012bkstina \u0101du, pie\u0161\u0137irot tai svaigu izskatu. Satur A vitam\u012bnu. L\u016bgums pirms lieto\u0161anas p\u0101rdom\u0101t savu dienas devu. Lieto\u0161ana: uzkl\u0101t uz \u0101das 2 stundas pirms gul\u0113tie\u0161anas. [&#8230;]\n","protected":false},"featured_media":98623,"template":"","meta":[],"product_cat":[1320],"product_tag":[],"class_list":{"0":"post-55886","1":"product","2":"type-product","3":"status-publish","4":"has-post-thumbnail","6":"product_brand-healer-cosmetics_ua","7":"product_cat-sejas-kremi","9":"first","10":"instock","11":"taxable","12":"shipping-taxable","13":"product-type-simple"},"_links":{"self":[{"href":"https:\/\/e.kosmolat.eu\/lv\/wp-json\/wp\/v2\/product\/55886","targetHints":{"allow":["GET"]}}],"collection":[{"href":"https:\/\/e.kosmolat.eu\/lv\/wp-json\/wp\/v2\/product"}],"about":[{"href":"https:\/\/e.kosmolat.eu\/lv\/wp-json\/wp\/v2\/types\/product"}],"wp:featuredmedia":[{"embeddable":true,"href":"https:\/\/e.kosmolat.eu\/lv\/wp-json\/wp\/v2\/media\/98623"}],"wp:attachment":[{"href":"https:\/\/e.kosmolat.eu\/lv\/wp-json\/wp\/v2\/media?parent=55886"}],"wp:term":[{"taxonomy":"product_cat","embeddable":true,"href":"https:\/\/e.kosmolat.eu\/lv\/wp-json\/wp\/v2\/product_cat?post=55886"},{"taxonomy":"product_tag","embeddable":true,"href":"https:\/\/e.kosmolat.eu\/lv\/wp-json\/wp\/v2\/product_tag?post=55886"}],"curies":[{"name":"wp","href":"https:\/\/api.w.org\/{rel}","templated":true}]}}