{"id":55878,"date":"2024-09-17T04:06:36","date_gmt":"2024-09-17T04:06:36","guid":{"rendered":"https:\/\/e.kosmolat.eu\/product\/gerontol-barojoss-sejas-krems-sausai-adai-40-g\/"},"modified":"2026-04-24T05:27:56","modified_gmt":"2026-04-24T05:27:56","slug":"gerontol-barojoss-sejas-krems-sausai-adai-40-g","status":"publish","type":"product","link":"https:\/\/e.kosmolat.eu\/lv\/product\/gerontol-barojoss-sejas-krems-sausai-adai-40-g\/","title":{"rendered":"GERONTOL Barojo\u0161s sejas kr\u0113ms sausai \u0101dai, 40 g"},"content":{"rendered":"<p>Ar ol\u012bve\u013c\u013cu un hialuronsk\u0101bi. Akt\u012bv\u0101s sast\u0101vda\u013cas \u2014 hialuronsk\u0101be, ol\u012bve\u013c\u013ca un mande\u013cu e\u013c\u013ca, lanol\u012bns un bi\u0161u vasks \u2014 baro un m\u012bkstina \u0101du, samazina savilkuma saj\u016btu, veicina \u0101das elast\u012bbas atjauno\u0161anos, padarot to gludu un tvirtu. Sast\u0101v\u0101 eso\u0161\u0101 hialuronsk\u0101be pal\u012bdz atjaunot \u0101das hidrolip\u012bdu l\u012bdzsvaru, kas tiek trauc\u0113ts t\u0101s noveco\u0161anas laik\u0101.<\/p>\n<p>Satur A vitam\u012bnu. L\u016bgums pirms lieto\u0161anas p\u0101rdom\u0101t savu dienas devu.<\/p>\n<p>Lieto\u0161ana: uzkl\u0101t kr\u0113mu uz att\u012br\u012btas sejas \u0101das 2 stundas pirms gul\u0113tie\u0161anas. Kr\u0113ma p\u0101rpalikumus no\u0146emt ar salveti.<\/p>\n<p>Rezult\u0101ts: regul\u0101ri lietojot kr\u0113mu, \u0101da k\u013c\u016bst gluda un elast\u012bga, smalk\u0101s m\u012bmikas grumbas izl\u012bdzin\u0101s un savilkuma saj\u016bta samazin\u0101s.<\/p>\n","protected":false},"excerpt":{"rendered":"<p>Ar ol\u012bve\u013c\u013cu un hialuronsk\u0101bi. Akt\u012bv\u0101s sast\u0101vda\u013cas \u2014 hialuronsk\u0101be, ol\u012bve\u013c\u013ca un mande\u013cu e\u013c\u013ca, lanol\u012bns un bi\u0161u vasks \u2014 baro un m\u012bkstina \u0101du, samazina savilkuma saj\u016btu, veicina \u0101das elast\u012bbas atjauno\u0161anos, padarot to gludu un tvirtu. Sast\u0101v\u0101 eso\u0161\u0101 hialuronsk\u0101be pal\u012bdz atjaunot \u0101das hidrolip\u012bdu l\u012bdzsvaru, kas tiek trauc\u0113ts t\u0101s noveco\u0161anas laik\u0101. Satur A vitam\u012bnu. L\u016bgums pirms lieto\u0161anas p\u0101rdom\u0101t savu [&#8230;]\n","protected":false},"featured_media":99369,"template":"","meta":[],"product_cat":[1322],"product_tag":[],"class_list":{"0":"post-55878","1":"product","2":"type-product","3":"status-publish","4":"has-post-thumbnail","6":"product_brand-healer-cosmetics_ua","7":"product_cat-veido-kremai","9":"first","10":"instock","11":"taxable","12":"shipping-taxable","13":"product-type-simple"},"_links":{"self":[{"href":"https:\/\/e.kosmolat.eu\/lv\/wp-json\/wp\/v2\/product\/55878","targetHints":{"allow":["GET"]}}],"collection":[{"href":"https:\/\/e.kosmolat.eu\/lv\/wp-json\/wp\/v2\/product"}],"about":[{"href":"https:\/\/e.kosmolat.eu\/lv\/wp-json\/wp\/v2\/types\/product"}],"wp:featuredmedia":[{"embeddable":true,"href":"https:\/\/e.kosmolat.eu\/lv\/wp-json\/wp\/v2\/media\/99369"}],"wp:attachment":[{"href":"https:\/\/e.kosmolat.eu\/lv\/wp-json\/wp\/v2\/media?parent=55878"}],"wp:term":[{"taxonomy":"product_cat","embeddable":true,"href":"https:\/\/e.kosmolat.eu\/lv\/wp-json\/wp\/v2\/product_cat?post=55878"},{"taxonomy":"product_tag","embeddable":true,"href":"https:\/\/e.kosmolat.eu\/lv\/wp-json\/wp\/v2\/product_tag?post=55878"}],"curies":[{"name":"wp","href":"https:\/\/api.w.org\/{rel}","templated":true}]}}