{"id":55870,"date":"2024-09-17T04:06:16","date_gmt":"2024-09-17T04:06:16","guid":{"rendered":"https:\/\/e.kosmolat.eu\/product\/hc-bernu-krems-0-40-g\/"},"modified":"2026-04-13T09:21:45","modified_gmt":"2026-04-13T09:21:45","slug":"hc-bernu-krems-0-40-g","status":"publish","type":"product","link":"https:\/\/e.kosmolat.eu\/lv\/product\/hc-bernu-krems-0-40-g\/","title":{"rendered":"HC B\u0113rnu kr\u0113ms 0+, 40 g"},"content":{"rendered":"<p>Hipoaler\u0123isks. Ar sun\u012b\u0161u ekstraktu, A vitam\u012bnu un lavandas e\u013c\u013cu, \u012bpa\u0161i izstr\u0101d\u0101ts ikdienas b\u0113rna \u0101das kop\u0161anai.<\/p>\n<p>Kr\u0113ma sast\u0101vda\u013cas:<br \/>\n\u2022 m\u012bkstina sausu un jut\u012bgu \u0101du, nomierina to;<br \/>\n\u2022 veido aizsargbarjeru uz \u0101das, aizsarg\u0101jot to no nelabv\u0113l\u012bgiem \u0101r\u0113jiem faktoriem.<\/p>\n<p>Satur A vitam\u012bnu. L\u016bgums pirms lieto\u0161anas p\u0101rdom\u0101t savu dienas devu.<\/p>\n<p>Lieto\u0161ana: uzkl\u0101t uz t\u012bras \u0101das p\u0113c \u016bdens proced\u016br\u0101m un pirms izie\u0161anas \u0101r\u0101, \u013caujot kr\u0113mam piln\u012bb\u0101 ies\u016bkties. Piem\u0113rots b\u0113rniem no pirmaj\u0101m dz\u012bves dien\u0101m.<\/p>\n<p>Tikai \u0101r\u012bgai lieto\u0161anai.<\/p>\n","protected":false},"excerpt":{"rendered":"<p>Hipoaler\u0123isks. Ar sun\u012b\u0161u ekstraktu, A vitam\u012bnu un lavandas e\u013c\u013cu, \u012bpa\u0161i izstr\u0101d\u0101ts ikdienas b\u0113rna \u0101das kop\u0161anai. Kr\u0113ma sast\u0101vda\u013cas: \u2022 m\u012bkstina sausu un jut\u012bgu \u0101du, nomierina to; \u2022 veido aizsargbarjeru uz \u0101das, aizsarg\u0101jot to no nelabv\u0113l\u012bgiem \u0101r\u0113jiem faktoriem. Satur A vitam\u012bnu. L\u016bgums pirms lieto\u0161anas p\u0101rdom\u0101t savu dienas devu. Lieto\u0161ana: uzkl\u0101t uz t\u012bras \u0101das p\u0113c \u016bdens proced\u016br\u0101m un [&#8230;]\n","protected":false},"featured_media":103132,"template":"","meta":[],"product_cat":[1361],"product_tag":[],"class_list":{"0":"post-55870","1":"product","2":"type-product","3":"status-publish","4":"has-post-thumbnail","6":"product_brand-healer-cosmetics_ua","7":"product_cat-adas-kopsanas-kosmetika","9":"first","10":"outofstock","11":"taxable","12":"shipping-taxable","13":"product-type-simple"},"_links":{"self":[{"href":"https:\/\/e.kosmolat.eu\/lv\/wp-json\/wp\/v2\/product\/55870","targetHints":{"allow":["GET"]}}],"collection":[{"href":"https:\/\/e.kosmolat.eu\/lv\/wp-json\/wp\/v2\/product"}],"about":[{"href":"https:\/\/e.kosmolat.eu\/lv\/wp-json\/wp\/v2\/types\/product"}],"wp:featuredmedia":[{"embeddable":true,"href":"https:\/\/e.kosmolat.eu\/lv\/wp-json\/wp\/v2\/media\/103132"}],"wp:attachment":[{"href":"https:\/\/e.kosmolat.eu\/lv\/wp-json\/wp\/v2\/media?parent=55870"}],"wp:term":[{"taxonomy":"product_cat","embeddable":true,"href":"https:\/\/e.kosmolat.eu\/lv\/wp-json\/wp\/v2\/product_cat?post=55870"},{"taxonomy":"product_tag","embeddable":true,"href":"https:\/\/e.kosmolat.eu\/lv\/wp-json\/wp\/v2\/product_tag?post=55870"}],"curies":[{"name":"wp","href":"https:\/\/api.w.org\/{rel}","templated":true}]}}