{"id":55862,"date":"2024-09-17T04:05:52","date_gmt":"2024-09-17T04:05:52","guid":{"rendered":"https:\/\/e.kosmolat.eu\/product\/lukss-barojoss-sejas-krems-sausai-adai-40-g\/"},"modified":"2026-04-23T08:30:13","modified_gmt":"2026-04-23T08:30:13","slug":"lukss-barojoss-sejas-krems-sausai-adai-40-g","status":"publish","type":"product","link":"https:\/\/e.kosmolat.eu\/lv\/product\/lukss-barojoss-sejas-krems-sausai-adai-40-g\/","title":{"rendered":"LUKSS Barojo\u0161s sejas kr\u0113ms sausai \u0101dai, 40 g"},"content":{"rendered":"<p>Barojo\u0161s kr\u0113ms ar vitam\u012bnu kompleksu A, E, F un bisabololu.<\/p>\n<p>Kr\u0113ms satur akt\u012bv\u0101s sast\u0101vda\u013cas: bisabololu kombin\u0101cij\u0101 ar mande\u013cu e\u013c\u013cu un ol\u012bve\u013c\u013cu, l\u012bdzsvarotu vitam\u012bnu A, E, F kompleksu, bi\u0161u vasku un lanol\u012bnu:<\/p>\n<p>\u2022 Saglab\u0101 mitrumu \u0101d\u0101, padarot to m\u012bkstu un gludu.<br \/>\n\u2022 Atjauno \u0101das hidrolip\u012bdu barjeru.<br \/>\n\u2022 Uzlabo \u0101das strukt\u016bru un elast\u012bbu, padarot to tvirt\u0101ku.<\/p>\n<p>Kr\u0113ms ir ieteicams ikdienas sausas \u0101das kop\u0161anai ar noslieci uz grumbu veido\u0161anos.<\/p>\n<p>Satur A vitam\u012bnu. L\u016bgums pirms lieto\u0161anas p\u0101rdom\u0101t savu dienas devu.<\/p>\n<p>Lieto\u0161ana: uzkl\u0101t kr\u0113mu uz att\u012br\u012btas sejas \u0101das 2 stundas pirms gul\u0113tie\u0161anas. Kr\u0113ma p\u0101rpalikumus no\u0146emt ar salveti.<\/p>\n","protected":false},"excerpt":{"rendered":"<p>Barojo\u0161s kr\u0113ms ar vitam\u012bnu kompleksu A, E, F un bisabololu. Kr\u0113ms satur akt\u012bv\u0101s sast\u0101vda\u013cas: bisabololu kombin\u0101cij\u0101 ar mande\u013cu e\u013c\u013cu un ol\u012bve\u013c\u013cu, l\u012bdzsvarotu vitam\u012bnu A, E, F kompleksu, bi\u0161u vasku un lanol\u012bnu: \u2022 Saglab\u0101 mitrumu \u0101d\u0101, padarot to m\u012bkstu un gludu. \u2022 Atjauno \u0101das hidrolip\u012bdu barjeru. \u2022 Uzlabo \u0101das strukt\u016bru un elast\u012bbu, padarot to tvirt\u0101ku. Kr\u0113ms [&#8230;]\n","protected":false},"featured_media":98619,"template":"","meta":[],"product_cat":[1322],"product_tag":[],"class_list":{"0":"post-55862","1":"product","2":"type-product","3":"status-publish","4":"has-post-thumbnail","6":"product_brand-healer-cosmetics_ua","7":"product_cat-veido-kremai","9":"first","10":"instock","11":"taxable","12":"shipping-taxable","13":"product-type-simple"},"_links":{"self":[{"href":"https:\/\/e.kosmolat.eu\/lv\/wp-json\/wp\/v2\/product\/55862","targetHints":{"allow":["GET"]}}],"collection":[{"href":"https:\/\/e.kosmolat.eu\/lv\/wp-json\/wp\/v2\/product"}],"about":[{"href":"https:\/\/e.kosmolat.eu\/lv\/wp-json\/wp\/v2\/types\/product"}],"wp:featuredmedia":[{"embeddable":true,"href":"https:\/\/e.kosmolat.eu\/lv\/wp-json\/wp\/v2\/media\/98619"}],"wp:attachment":[{"href":"https:\/\/e.kosmolat.eu\/lv\/wp-json\/wp\/v2\/media?parent=55862"}],"wp:term":[{"taxonomy":"product_cat","embeddable":true,"href":"https:\/\/e.kosmolat.eu\/lv\/wp-json\/wp\/v2\/product_cat?post=55862"},{"taxonomy":"product_tag","embeddable":true,"href":"https:\/\/e.kosmolat.eu\/lv\/wp-json\/wp\/v2\/product_tag?post=55862"}],"curies":[{"name":"wp","href":"https:\/\/api.w.org\/{rel}","templated":true}]}}