{"id":55854,"date":"2024-09-17T04:05:36","date_gmt":"2024-09-17T04:05:36","guid":{"rendered":"https:\/\/e.kosmolat.eu\/product\/nc-23-zales-zeleja-balz-edes-un-psoriazes-paasin-profilaksei-40-g\/"},"modified":"2026-04-22T13:14:16","modified_gmt":"2026-04-22T13:14:16","slug":"nc-23-zales-zeleja-balz-edes-un-psoriazes-paasin-profilaksei-40-g","status":"publish","type":"product","link":"https:\/\/e.kosmolat.eu\/lv\/product\/nc-23-zales-zeleja-balz-edes-un-psoriazes-paasin-profilaksei-40-g\/","title":{"rendered":"NC 23 Z\u0101les \u017deleja-balz. \u0113des un psori\u0101zes paasin. profilaksei, 40 g"},"content":{"rendered":"<p>Samazina \u0113des un psori\u0101zes negat\u012bv\u0101s izpausmes, m\u012bkstina un nomierina \u0101du.<\/p>\n<p>Akt\u012bv\u0101s sast\u0101vda\u013cas: terpent\u012bns, b\u0113rzu darva, kampars, A vitam\u012bns, mumijo, pantenols; priedes sve\u0137u, soforas aug\u013cu, kli\u0146\u0123er\u012btes, alvejas, sun\u012b\u0161a, strutenes, altejas lapu, sarkan\u0101 \u0101boli\u0146a, zeme\u0146u lapu ekstrakti; kadi\u0137a un lavandas \u0113terisk\u0101s e\u013c\u013cas.<\/p>\n<p>Satur A vitam\u012bnu. L\u016bgums pirms lieto\u0161anas p\u0101rdom\u0101t savu dienas devu.<\/p>\n<p>Lieto\u0161ana: uzkl\u0101t \u017eeleju-balzamu uz problem\u0101tiskaj\u0101m \u0101das zon\u0101m. Lietot 2-3 reizes dien\u0101 l\u012bdz \u0101das st\u0101vok\u013ca uzlabo\u0161anai.<\/p>\n<p>Piesardz\u012bbas pas\u0101kumi: tikai \u0101r\u012bgai lieto\u0161anai. Nelietot, ja ir paaugstin\u0101ta jut\u012bba pret atsevi\u0161\u0137\u0101m sast\u0101vda\u013c\u0101m. Nav \u0101rstniecisks l\u012bdzeklis.<\/p>\n<p>Uzglab\u0101t temperat\u016br\u0101 no +5 \u00b0\u0421 l\u012bdz +25 \u00b0\u0421 un relat\u012bvaj\u0101 gaisa mitrum\u0101 ne vair\u0101k k\u0101 75%, sarg\u0101jot no tie\u0161iem saules stariem. Uzglab\u0101t b\u0113rniem nepieejam\u0101 viet\u0101.<\/p>\n<p>Der\u012bguma termi\u0146\u0161: 36 m\u0113ne\u0161i.<\/p>\n","protected":false},"excerpt":{"rendered":"<p>Samazina \u0113des un psori\u0101zes negat\u012bv\u0101s izpausmes, m\u012bkstina un nomierina \u0101du. Akt\u012bv\u0101s sast\u0101vda\u013cas: terpent\u012bns, b\u0113rzu darva, kampars, A vitam\u012bns, mumijo, pantenols; priedes sve\u0137u, soforas aug\u013cu, kli\u0146\u0123er\u012btes, alvejas, sun\u012b\u0161a, strutenes, altejas lapu, sarkan\u0101 \u0101boli\u0146a, zeme\u0146u lapu ekstrakti; kadi\u0137a un lavandas \u0113terisk\u0101s e\u013c\u013cas. Satur A vitam\u012bnu. L\u016bgums pirms lieto\u0161anas p\u0101rdom\u0101t savu dienas devu. Lieto\u0161ana: uzkl\u0101t \u017eeleju-balzamu uz problem\u0101tiskaj\u0101m [&#8230;]\n","protected":false},"featured_media":98840,"template":"","meta":[],"product_cat":[1999],"product_tag":[],"class_list":{"0":"post-55854","1":"product","2":"type-product","3":"status-publish","4":"has-post-thumbnail","6":"product_brand-healer-cosmetics_ua","7":"product_cat-bez-kategorijas","9":"first","10":"outofstock","11":"taxable","12":"shipping-taxable","13":"product-type-simple"},"_links":{"self":[{"href":"https:\/\/e.kosmolat.eu\/lv\/wp-json\/wp\/v2\/product\/55854","targetHints":{"allow":["GET"]}}],"collection":[{"href":"https:\/\/e.kosmolat.eu\/lv\/wp-json\/wp\/v2\/product"}],"about":[{"href":"https:\/\/e.kosmolat.eu\/lv\/wp-json\/wp\/v2\/types\/product"}],"wp:featuredmedia":[{"embeddable":true,"href":"https:\/\/e.kosmolat.eu\/lv\/wp-json\/wp\/v2\/media\/98840"}],"wp:attachment":[{"href":"https:\/\/e.kosmolat.eu\/lv\/wp-json\/wp\/v2\/media?parent=55854"}],"wp:term":[{"taxonomy":"product_cat","embeddable":true,"href":"https:\/\/e.kosmolat.eu\/lv\/wp-json\/wp\/v2\/product_cat?post=55854"},{"taxonomy":"product_tag","embeddable":true,"href":"https:\/\/e.kosmolat.eu\/lv\/wp-json\/wp\/v2\/product_tag?post=55854"}],"curies":[{"name":"wp","href":"https:\/\/api.w.org\/{rel}","templated":true}]}}