{"id":55846,"date":"2024-09-17T04:05:17","date_gmt":"2024-09-17T04:05:17","guid":{"rendered":"https:\/\/e.kosmolat.eu\/product\/nc-15-zales-zeleja-balz-varikozes-un-pietukuma-profilaksei-40-g\/"},"modified":"2026-03-30T12:57:01","modified_gmt":"2026-03-30T12:57:01","slug":"nc-15-zales-zeleja-balz-varikozes-un-pietukuma-profilaksei-40-g","status":"publish","type":"product","link":"https:\/\/e.kosmolat.eu\/lv\/product\/nc-15-zales-zeleja-balz-varikozes-un-pietukuma-profilaksei-40-g\/","title":{"rendered":"NC 15 Z\u0101les \u017deleja-balz. varikozes un piet\u016bkuma profilaksei, 40 g"},"content":{"rendered":"<p>Efekt\u012bvs l\u012bdzeklis uz dab\u012bgu \u0113terisko e\u013c\u013cu un augu ekstraktu pamata. Piem\u0113rots spriedzes un noguruma mazin\u0101\u0161anai. Unik\u0101lais dab\u012bgais sast\u0101vs \u013cauj \u0101tri un efekt\u012bvi samazin\u0101t nepat\u012bkamas saj\u016btas, k\u0101 ar\u012b tam piem\u012bt pretiekaisuma iedarb\u012bba.<\/p>\n<p>Akt\u012bv\u0101s sast\u0101vda\u013cas: rut\u012bns, glicer\u012bns, \u0113terisk\u0101s melisas, cipreses, kadi\u0137a, rozmar\u012bna, t\u0113jas koka e\u013c\u013cas; maura s\u016brenes, galangala saknes, kli\u0146\u0123er\u012b\u0161u ziedu, arnikas, ozola mizas, kasta\u0146u aug\u013cu, salvijas, pela\u0161\u0137u, jap\u0101\u0146u sofora un lakricas ekstrakti.<\/p>\n<p>Lieto\u0161ana: uzkl\u0101t uz problem\u0101tiskaj\u0101m \u0137erme\u0146a zon\u0101m, iemas\u0113t ar maig\u0101m kust\u012bb\u0101m l\u012bdz piln\u012bgai uzs\u016bk\u0161anai. Nepiecie\u0161am\u012bbas gad\u012bjum\u0101 atk\u0101rtot 2-3 reizes dien\u0101.<\/p>\n<p>Piesardz\u012bbas pas\u0101kumi: tikai \u0101r\u012bgai lieto\u0161anai. Nelietot, ja ir paaugstin\u0101ta jut\u012bba pret atsevi\u0161\u0137\u0101m sast\u0101vda\u013c\u0101m. Nav \u0101rstniecisks l\u012bdzeklis.<\/p>\n<p>Uzglab\u0101t temperat\u016br\u0101 no +5 \u00b0\u0421 l\u012bdz +25 \u00b0\u0421 un relat\u012bvaj\u0101 gaisa mitrum\u0101 ne vair\u0101k k\u0101 75%, sarg\u0101jot no tie\u0161iem saules stariem. Uzglab\u0101t b\u0113rniem nepieejam\u0101 viet\u0101.<\/p>\n<p>Der\u012bguma termi\u0146\u0161: 36 m\u0113ne\u0161i.<\/p>\n","protected":false},"excerpt":{"rendered":"<p>Efekt\u012bvs l\u012bdzeklis uz dab\u012bgu \u0113terisko e\u013c\u013cu un augu ekstraktu pamata. Piem\u0113rots spriedzes un noguruma mazin\u0101\u0161anai. Unik\u0101lais dab\u012bgais sast\u0101vs \u013cauj \u0101tri un efekt\u012bvi samazin\u0101t nepat\u012bkamas saj\u016btas, k\u0101 ar\u012b tam piem\u012bt pretiekaisuma iedarb\u012bba. Akt\u012bv\u0101s sast\u0101vda\u013cas: rut\u012bns, glicer\u012bns, \u0113terisk\u0101s melisas, cipreses, kadi\u0137a, rozmar\u012bna, t\u0113jas koka e\u013c\u013cas; maura s\u016brenes, galangala saknes, kli\u0146\u0123er\u012b\u0161u ziedu, arnikas, ozola mizas, kasta\u0146u aug\u013cu, salvijas, [&#8230;]\n","protected":false},"featured_media":99542,"template":"","meta":[],"product_cat":[1999],"product_tag":[],"class_list":{"0":"post-55846","1":"product","2":"type-product","3":"status-publish","4":"has-post-thumbnail","6":"product_brand-healer-cosmetics_ua","7":"product_cat-bez-kategorijas","9":"first","10":"instock","11":"taxable","12":"shipping-taxable","13":"product-type-simple"},"_links":{"self":[{"href":"https:\/\/e.kosmolat.eu\/lv\/wp-json\/wp\/v2\/product\/55846","targetHints":{"allow":["GET"]}}],"collection":[{"href":"https:\/\/e.kosmolat.eu\/lv\/wp-json\/wp\/v2\/product"}],"about":[{"href":"https:\/\/e.kosmolat.eu\/lv\/wp-json\/wp\/v2\/types\/product"}],"wp:featuredmedia":[{"embeddable":true,"href":"https:\/\/e.kosmolat.eu\/lv\/wp-json\/wp\/v2\/media\/99542"}],"wp:attachment":[{"href":"https:\/\/e.kosmolat.eu\/lv\/wp-json\/wp\/v2\/media?parent=55846"}],"wp:term":[{"taxonomy":"product_cat","embeddable":true,"href":"https:\/\/e.kosmolat.eu\/lv\/wp-json\/wp\/v2\/product_cat?post=55846"},{"taxonomy":"product_tag","embeddable":true,"href":"https:\/\/e.kosmolat.eu\/lv\/wp-json\/wp\/v2\/product_tag?post=55846"}],"curies":[{"name":"wp","href":"https:\/\/api.w.org\/{rel}","templated":true}]}}