{"id":55838,"date":"2024-09-17T04:04:58","date_gmt":"2024-09-17T04:04:58","guid":{"rendered":"https:\/\/e.kosmolat.eu\/product\/nc-9-zales-zeleja-balz-papeza-piesim-un-podagras-pedas-kaul-40-g\/"},"modified":"2026-04-23T11:31:31","modified_gmt":"2026-04-23T11:31:31","slug":"nc-9-zales-zeleja-balz-papeza-piesim-un-podagras-pedas-kaul-40-g","status":"publish","type":"product","link":"https:\/\/e.kosmolat.eu\/lv\/product\/nc-9-zales-zeleja-balz-papeza-piesim-un-podagras-pedas-kaul-40-g\/","title":{"rendered":"NC 9 Z\u0101les \u017eeleja-balz. pap\u0113\u017ea piesim un podagras p\u0113das kaul., 40 g"},"content":{"rendered":"<p>Efekt\u012bvs l\u012bdzeklis uz dab\u012bgo \u0113terisko e\u013c\u013cu un augu ekstraktu pamata. Uzlabo p\u0113du st\u0101vokli, m\u012bkstina un nomierina \u0101du.<\/p>\n<p>Akt\u012bv\u0101s sast\u0101vda\u013cas: Ekstrakti: kadi\u0137a aug\u013cu ekstrakts, v\u012bgriezes ekstrakts, priedes pumpuru ekstrakts, vijol\u012btes ekstrakts, liel\u0101 di\u017edad\u017ea saknes ekstrakts, valriekstu lapu ekstrakts, v\u012btola mizas ekstrakts. \u0112terisk\u0101s e\u013c\u013cas: kadi\u0137a un priedes \u0113terisk\u0101s e\u013c\u013cas.<\/p>\n<p>Lieto\u0161ana: uzkl\u0101t uz problem\u0101tiskaj\u0101m p\u0113du viet\u0101m, iemas\u0113t ar maig\u0101m kust\u012bb\u0101m l\u012bdz piln\u012bgai uzs\u016bk\u0161anai. Atk\u0101rtot 2-3 reizes dien\u0101.<\/p>\n<p>Piesardz\u012bbas pas\u0101kumi: tikai \u0101r\u012bgai lieto\u0161anai. Nelietot, ja ir paaugstin\u0101ta jut\u012bba pret atsevi\u0161\u0137\u0101m sast\u0101vda\u013c\u0101m. Nav \u0101rstniecisks l\u012bdzeklis.<\/p>\n<p>Uzglab\u0101t temperat\u016br\u0101 no +5 \u00b0\u0421 l\u012bdz +25 \u00b0\u0421 un relat\u012bvaj\u0101 gaisa mitrum\u0101 ne vair\u0101k k\u0101 75%, sarg\u0101jot no tie\u0161iem saules stariem. Uzglab\u0101t b\u0113rniem nepieejam\u0101 viet\u0101.<\/p>\n<p>Der\u012bguma termi\u0146\u0161: 36 m\u0113ne\u0161i.<\/p>\n","protected":false},"excerpt":{"rendered":"<p>Efekt\u012bvs l\u012bdzeklis uz dab\u012bgo \u0113terisko e\u013c\u013cu un augu ekstraktu pamata. Uzlabo p\u0113du st\u0101vokli, m\u012bkstina un nomierina \u0101du. Akt\u012bv\u0101s sast\u0101vda\u013cas: Ekstrakti: kadi\u0137a aug\u013cu ekstrakts, v\u012bgriezes ekstrakts, priedes pumpuru ekstrakts, vijol\u012btes ekstrakts, liel\u0101 di\u017edad\u017ea saknes ekstrakts, valriekstu lapu ekstrakts, v\u012btola mizas ekstrakts. \u0112terisk\u0101s e\u013c\u013cas: kadi\u0137a un priedes \u0113terisk\u0101s e\u013c\u013cas. Lieto\u0161ana: uzkl\u0101t uz problem\u0101tiskaj\u0101m p\u0113du viet\u0101m, iemas\u0113t ar [&#8230;]\n","protected":false},"featured_media":98924,"template":"","meta":[],"product_cat":[1763],"product_tag":[],"class_list":{"0":"post-55838","1":"product","2":"type-product","3":"status-publish","4":"has-post-thumbnail","6":"product_brand-healer-cosmetics_ua","7":"product_cat-koju-prieziuros-kosmetika","9":"first","10":"instock","11":"taxable","12":"shipping-taxable","13":"product-type-simple"},"_links":{"self":[{"href":"https:\/\/e.kosmolat.eu\/lv\/wp-json\/wp\/v2\/product\/55838","targetHints":{"allow":["GET"]}}],"collection":[{"href":"https:\/\/e.kosmolat.eu\/lv\/wp-json\/wp\/v2\/product"}],"about":[{"href":"https:\/\/e.kosmolat.eu\/lv\/wp-json\/wp\/v2\/types\/product"}],"wp:featuredmedia":[{"embeddable":true,"href":"https:\/\/e.kosmolat.eu\/lv\/wp-json\/wp\/v2\/media\/98924"}],"wp:attachment":[{"href":"https:\/\/e.kosmolat.eu\/lv\/wp-json\/wp\/v2\/media?parent=55838"}],"wp:term":[{"taxonomy":"product_cat","embeddable":true,"href":"https:\/\/e.kosmolat.eu\/lv\/wp-json\/wp\/v2\/product_cat?post=55838"},{"taxonomy":"product_tag","embeddable":true,"href":"https:\/\/e.kosmolat.eu\/lv\/wp-json\/wp\/v2\/product_tag?post=55838"}],"curies":[{"name":"wp","href":"https:\/\/api.w.org\/{rel}","templated":true}]}}