{"id":55822,"date":"2024-09-17T04:04:21","date_gmt":"2024-09-17T04:04:21","guid":{"rendered":"https:\/\/e.kosmolat.eu\/product\/nc-15-zales-zeleja-balz-neiralgij-un-sezas-nerva-iekais-profilaks-40-g\/"},"modified":"2026-04-21T10:22:06","modified_gmt":"2026-04-21T10:22:06","slug":"nc-15-zales-zeleja-balz-neiralgij-un-sezas-nerva-iekais-profilaks-40-g","status":"publish","type":"product","link":"https:\/\/e.kosmolat.eu\/lv\/product\/nc-15-zales-zeleja-balz-neiralgij-un-sezas-nerva-iekais-profilaks-40-g\/","title":{"rendered":"NC 15 Z\u0101les \u017deleja-balz. neiral\u0123ij. un s\u0113\u017eas nerva iekais. profilaks., 40 g"},"content":{"rendered":"<p>Efekt\u012bvs l\u012bdzeklis uz dab\u012bgo \u0113terisko e\u013c\u013cu un ekstraktu b\u0101zes.<\/p>\n<p>Akt\u012bv\u0101s sast\u0101vda\u013cas: terpent\u012bns, metilsalicil\u0101ts, kampars, kadi\u0137a \u0113terisk\u0101 e\u013c\u013ca, m\u0101rrutku, rutku, ceri\u0146u, \u0137iploku, api\u0146u, kadi\u0137a, arnikas, kumel\u012btes, eikalipta, b\u0113rza, timi\u0101na un v\u0113rmeles ekstrakti.<\/p>\n<p>Lieto\u0161ana: nelielu daudzumu uzkl\u0101t uz problem\u0101tiskaj\u0101m zon\u0101m un ier\u012bv\u0113t 2-3 reizes dien\u0101 l\u012bdz piln\u012bgai uzs\u016bk\u0161anai. Ieteicams izmantot mas\u0101\u017eai.<\/p>\n<p>Piesardz\u012bbas pas\u0101kumi: tikai \u0101r\u012bgai lieto\u0161anai. Nelietot, ja ir paaugstin\u0101ta jut\u012bba pret atsevi\u0161\u0137\u0101m sast\u0101vda\u013c\u0101m. Nav \u0101rstniecisks l\u012bdzeklis.<\/p>\n<p>Uzglab\u0101t temperat\u016br\u0101 no +5 \u00b0\u0421 l\u012bdz +25 \u00b0\u0421 un relat\u012bvaj\u0101 gaisa mitrum\u0101 ne vair\u0101k k\u0101 75%, sarg\u0101jot no tie\u0161iem saules stariem. Uzglab\u0101t b\u0113rniem nepieejam\u0101 viet\u0101.<\/p>\n<p>Der\u012bguma termi\u0146\u0161: 36 m\u0113ne\u0161i.<\/p>\n","protected":false},"excerpt":{"rendered":"<p>Efekt\u012bvs l\u012bdzeklis uz dab\u012bgo \u0113terisko e\u013c\u013cu un ekstraktu b\u0101zes. Akt\u012bv\u0101s sast\u0101vda\u013cas: terpent\u012bns, metilsalicil\u0101ts, kampars, kadi\u0137a \u0113terisk\u0101 e\u013c\u013ca, m\u0101rrutku, rutku, ceri\u0146u, \u0137iploku, api\u0146u, kadi\u0137a, arnikas, kumel\u012btes, eikalipta, b\u0113rza, timi\u0101na un v\u0113rmeles ekstrakti. Lieto\u0161ana: nelielu daudzumu uzkl\u0101t uz problem\u0101tiskaj\u0101m zon\u0101m un ier\u012bv\u0113t 2-3 reizes dien\u0101 l\u012bdz piln\u012bgai uzs\u016bk\u0161anai. Ieteicams izmantot mas\u0101\u017eai. Piesardz\u012bbas pas\u0101kumi: tikai \u0101r\u012bgai lieto\u0161anai. Nelietot, [&#8230;]\n","protected":false},"featured_media":99365,"template":"","meta":[],"product_cat":[1390],"product_tag":[],"class_list":{"0":"post-55822","1":"product","2":"type-product","3":"status-publish","4":"has-post-thumbnail","6":"product_brand-healer-cosmetics_ua","7":"product_cat-kremai-aliejai-kuno-pienelis","9":"first","10":"instock","11":"taxable","12":"shipping-taxable","13":"product-type-simple"},"_links":{"self":[{"href":"https:\/\/e.kosmolat.eu\/lv\/wp-json\/wp\/v2\/product\/55822","targetHints":{"allow":["GET"]}}],"collection":[{"href":"https:\/\/e.kosmolat.eu\/lv\/wp-json\/wp\/v2\/product"}],"about":[{"href":"https:\/\/e.kosmolat.eu\/lv\/wp-json\/wp\/v2\/types\/product"}],"wp:featuredmedia":[{"embeddable":true,"href":"https:\/\/e.kosmolat.eu\/lv\/wp-json\/wp\/v2\/media\/99365"}],"wp:attachment":[{"href":"https:\/\/e.kosmolat.eu\/lv\/wp-json\/wp\/v2\/media?parent=55822"}],"wp:term":[{"taxonomy":"product_cat","embeddable":true,"href":"https:\/\/e.kosmolat.eu\/lv\/wp-json\/wp\/v2\/product_cat?post=55822"},{"taxonomy":"product_tag","embeddable":true,"href":"https:\/\/e.kosmolat.eu\/lv\/wp-json\/wp\/v2\/product_tag?post=55822"}],"curies":[{"name":"wp","href":"https:\/\/api.w.org\/{rel}","templated":true}]}}