{"id":55814,"date":"2024-09-17T04:04:03","date_gmt":"2024-09-17T04:04:03","guid":{"rendered":"https:\/\/e.kosmolat.eu\/product\/10-zales-zeleja-balz-muguras-sapem-40-g\/"},"modified":"2026-05-15T07:24:18","modified_gmt":"2026-05-15T07:24:18","slug":"nc-10-zales-zeleja-balz-muguras-sapem-40-g","status":"publish","type":"product","link":"https:\/\/e.kosmolat.eu\/lv\/product\/nc-10-zales-zeleja-balz-muguras-sapem-40-g\/","title":{"rendered":"NC 10 Z\u0101les \u017eeleja-balz. muguras s\u0101p\u0113m, 40 g"},"content":{"rendered":"<p>\u017deleja-balzams pret mugurkaula s\u0101p\u0113m \u2013 efekt\u012bvs l\u012bdzeklis, kas izgatavots no dab\u012bg\u0101m sast\u0101vda\u013c\u0101m, kas kombin\u0101cij\u0101 mazina muguras s\u0101pes.<\/p>\n<p>Akt\u012bv\u0101s sast\u0101vda\u013cas: kumel\u012b\u0161u ziedu ekstrakts, api\u0146u \u010diekuri, eikalipta lapas, ceri\u0146u ziedi, b\u0113rzu pumpuri, timi\u0101ns, v\u012bbotne, kampars, terpent\u012bns, kadi\u0137a \u0113terisk\u0101 e\u013c\u013ca.<\/p>\n<p>Lieto\u0161ana: nelielu daudzumu uzkl\u0101t uz problem\u0101tiskaj\u0101m zon\u0101m un ier\u012bv\u0113t 2-3 reizes dien\u0101. Ieteicams izmantot mas\u0101\u017eai.<\/p>\n<p>Piesardz\u012bbas pas\u0101kumi: tikai \u0101r\u012bgai lieto\u0161anai. Nelietot, ja ir paaugstin\u0101ta jut\u012bba pret atsevi\u0161\u0137\u0101m sast\u0101vda\u013c\u0101m. Nav \u0101rstniecisks l\u012bdzeklis.<\/p>\n<p>Uzglab\u0101t temperat\u016br\u0101 no +5 \u00b0\u0421 l\u012bdz +25 \u00b0\u0421 un relat\u012bvaj\u0101 gaisa mitrum\u0101 ne augst\u0101k k\u0101 75%, sarg\u0101jot no tie\u0161iem saules stariem. Uzglab\u0101t b\u0113rniem nepieejam\u0101 viet\u0101.<\/p>\n<p>Der\u012bguma termi\u0146\u0161: 36 m\u0113ne\u0161i.<\/p>\n","protected":false},"excerpt":{"rendered":"<p>\u017deleja-balzams pret mugurkaula s\u0101p\u0113m \u2013 efekt\u012bvs l\u012bdzeklis, kas izgatavots no dab\u012bg\u0101m sast\u0101vda\u013c\u0101m, kas kombin\u0101cij\u0101 mazina muguras s\u0101pes. Akt\u012bv\u0101s sast\u0101vda\u013cas: kumel\u012b\u0161u ziedu ekstrakts, api\u0146u \u010diekuri, eikalipta lapas, ceri\u0146u ziedi, b\u0113rzu pumpuri, timi\u0101ns, v\u012bbotne, kampars, terpent\u012bns, kadi\u0137a \u0113terisk\u0101 e\u013c\u013ca. Lieto\u0161ana: nelielu daudzumu uzkl\u0101t uz problem\u0101tiskaj\u0101m zon\u0101m un ier\u012bv\u0113t 2-3 reizes dien\u0101. Ieteicams izmantot mas\u0101\u017eai. Piesardz\u012bbas pas\u0101kumi: tikai [&#8230;]\n","protected":false},"featured_media":99293,"template":"","meta":[],"product_cat":[1390],"product_tag":[],"class_list":{"0":"post-55814","1":"product","2":"type-product","3":"status-publish","4":"has-post-thumbnail","6":"product_brand-healer-cosmetics_ua","7":"product_cat-kremai-aliejai-kuno-pienelis","9":"first","10":"instock","11":"taxable","12":"shipping-taxable","13":"product-type-simple"},"_links":{"self":[{"href":"https:\/\/e.kosmolat.eu\/lv\/wp-json\/wp\/v2\/product\/55814","targetHints":{"allow":["GET"]}}],"collection":[{"href":"https:\/\/e.kosmolat.eu\/lv\/wp-json\/wp\/v2\/product"}],"about":[{"href":"https:\/\/e.kosmolat.eu\/lv\/wp-json\/wp\/v2\/types\/product"}],"wp:featuredmedia":[{"embeddable":true,"href":"https:\/\/e.kosmolat.eu\/lv\/wp-json\/wp\/v2\/media\/99293"}],"wp:attachment":[{"href":"https:\/\/e.kosmolat.eu\/lv\/wp-json\/wp\/v2\/media?parent=55814"}],"wp:term":[{"taxonomy":"product_cat","embeddable":true,"href":"https:\/\/e.kosmolat.eu\/lv\/wp-json\/wp\/v2\/product_cat?post=55814"},{"taxonomy":"product_tag","embeddable":true,"href":"https:\/\/e.kosmolat.eu\/lv\/wp-json\/wp\/v2\/product_tag?post=55814"}],"curies":[{"name":"wp","href":"https:\/\/api.w.org\/{rel}","templated":true}]}}