{"id":55806,"date":"2024-09-17T04:03:47","date_gmt":"2024-09-17T04:03:47","guid":{"rendered":"https:\/\/e.kosmolat.eu\/product\/8-zales-kaju-zeleja-balzams-pretsenisu-antiperspirants-40-ml\/"},"modified":"2026-04-22T13:13:24","modified_gmt":"2026-04-22T13:13:24","slug":"nc-8-zales-kaju-zeleja-balzams-pretsenisu-antiperspirants-40-ml","status":"publish","type":"product","link":"https:\/\/e.kosmolat.eu\/lv\/product\/nc-8-zales-kaju-zeleja-balzams-pretsenisu-antiperspirants-40-ml\/","title":{"rendered":"NC 8 Z\u0101les K\u0101ju \u017eeleja-balzams Prets\u0113n\u012b\u0161u antiperspirants, 40 ml"},"content":{"rendered":"<p>Antiperspirantam piem\u012bt prets\u0113n\u012b\u0161u efekts; tiek lietots p\u0101rm\u0113r\u012bgas sv\u012b\u0161anas un nepat\u012bkamas smakas gad\u012bjum\u0101; atjauno epidermas aizsargfunkciju; pa\u0101trina \u0161\u016bnu atjauno\u0161anos.<\/p>\n<p>Akt\u012bv\u0101s sast\u0101vda\u013cas: salicilsk\u0101be, ozola mizas ekstrakts, valriekstu lapu ekstrakts, timi\u0101na ekstrakts, kumel\u012b\u0161u (ziedu) ekstrakts, ro\u017eu ziedlapu ekstrakts, ce\u013ctekas ekstrakts, zeme\u0146u lapu ekstrakts, glicer\u012bns, urotrop\u012bns, t\u0113jas koka \u0113terisk\u0101 e\u013c\u013ca.<\/p>\n<p>Lieto\u0161ana: uzkl\u0101jiet nelielu daudzumu uz t\u012bras k\u0101ju \u0101das (p\u0113d\u0101m, starp pirkstiem) un nagiem pirms gul\u0113tie\u0161anas. Iedarb\u012bba ilgst 24 stundas.<\/p>\n<p>Piesardz\u012bbas pas\u0101kumi: nelietot, ja ir paaugstin\u0101ta jut\u012bba pret atsevi\u0161\u0137\u0101m sast\u0101vda\u013c\u0101m. Nav \u0101rstniecisks l\u012bdzeklis.<\/p>\n<p>Uzglab\u0101t temperat\u016br\u0101 no +5 \u00b0\u0421 l\u012bdz +25 \u00b0\u0421 un relat\u012bvaj\u0101 gaisa mitrum\u0101 ne augst\u0101k k\u0101 75%, sarg\u0101jot no tie\u0161iem saules stariem. Uzglab\u0101t b\u0113rniem nepieejam\u0101 viet\u0101.<\/p>\n<p>Der\u012bguma termi\u0146\u0161: 36 m\u0113ne\u0161i.<\/p>\n","protected":false},"excerpt":{"rendered":"<p>Antiperspirantam piem\u012bt prets\u0113n\u012b\u0161u efekts; tiek lietots p\u0101rm\u0113r\u012bgas sv\u012b\u0161anas un nepat\u012bkamas smakas gad\u012bjum\u0101; atjauno epidermas aizsargfunkciju; pa\u0101trina \u0161\u016bnu atjauno\u0161anos. Akt\u012bv\u0101s sast\u0101vda\u013cas: salicilsk\u0101be, ozola mizas ekstrakts, valriekstu lapu ekstrakts, timi\u0101na ekstrakts, kumel\u012b\u0161u (ziedu) ekstrakts, ro\u017eu ziedlapu ekstrakts, ce\u013ctekas ekstrakts, zeme\u0146u lapu ekstrakts, glicer\u012bns, urotrop\u012bns, t\u0113jas koka \u0113terisk\u0101 e\u013c\u013ca. Lieto\u0161ana: uzkl\u0101jiet nelielu daudzumu uz t\u012bras k\u0101ju \u0101das (p\u0113d\u0101m, [&#8230;]\n","protected":false},"featured_media":99124,"template":"","meta":[],"product_cat":[1999],"product_tag":[],"class_list":{"0":"post-55806","1":"product","2":"type-product","3":"status-publish","4":"has-post-thumbnail","6":"product_brand-healer-cosmetics_ua","7":"product_cat-bez-kategorijas","9":"first","10":"outofstock","11":"taxable","12":"shipping-taxable","13":"product-type-simple"},"_links":{"self":[{"href":"https:\/\/e.kosmolat.eu\/lv\/wp-json\/wp\/v2\/product\/55806","targetHints":{"allow":["GET"]}}],"collection":[{"href":"https:\/\/e.kosmolat.eu\/lv\/wp-json\/wp\/v2\/product"}],"about":[{"href":"https:\/\/e.kosmolat.eu\/lv\/wp-json\/wp\/v2\/types\/product"}],"wp:featuredmedia":[{"embeddable":true,"href":"https:\/\/e.kosmolat.eu\/lv\/wp-json\/wp\/v2\/media\/99124"}],"wp:attachment":[{"href":"https:\/\/e.kosmolat.eu\/lv\/wp-json\/wp\/v2\/media?parent=55806"}],"wp:term":[{"taxonomy":"product_cat","embeddable":true,"href":"https:\/\/e.kosmolat.eu\/lv\/wp-json\/wp\/v2\/product_cat?post=55806"},{"taxonomy":"product_tag","embeddable":true,"href":"https:\/\/e.kosmolat.eu\/lv\/wp-json\/wp\/v2\/product_tag?post=55806"}],"curies":[{"name":"wp","href":"https:\/\/api.w.org\/{rel}","templated":true}]}}