{"id":55798,"date":"2024-09-17T04:03:29","date_gmt":"2024-09-17T04:03:29","guid":{"rendered":"https:\/\/e.kosmolat.eu\/product\/nc-5-zales-zeleja-balz-locitavu-sapju-profilaksei-40-ml\/"},"modified":"2026-04-23T09:13:15","modified_gmt":"2026-04-23T09:13:15","slug":"nc-5-zales-zeleja-balz-locitavu-sapju-profilaksei-40-ml","status":"publish","type":"product","link":"https:\/\/e.kosmolat.eu\/lv\/product\/nc-5-zales-zeleja-balz-locitavu-sapju-profilaksei-40-ml\/","title":{"rendered":"NC 5 Z\u0101les \u017deleja-balz. loc\u012btavu s\u0101pju profilaksei, 40 ml"},"content":{"rendered":"<p>Efekt\u012bvs l\u012bdzeklis uz dab\u012bgo sast\u0101vda\u013cu b\u0101zes.<\/p>\n<p>Akt\u012bv\u0101s sast\u0101vda\u013cas: kampars, terpent\u012bns, kan\u0113\u013ca, piparm\u0113tras, kadi\u0137a un egles \u0113terisk\u0101s e\u013c\u013cas.<\/p>\n<p>Lieto\u0161ana: nelielu daudzumu uzkl\u0101t uz problem\u0101tiskaj\u0101m zon\u0101m un ier\u012bv\u0113t 2-3 reizes dien\u0101. Ieteicams izmantot mas\u0101\u017eai.<\/p>\n<p>Piesardz\u012bbas pas\u0101kumi: tikai \u0101r\u012bgai lieto\u0161anai. Nelietot, ja ir paaugstin\u0101ta jut\u012bba pret atsevi\u0161\u0137\u0101m sast\u0101vda\u013c\u0101m. Nav \u0101rstniecisks l\u012bdzeklis.<\/p>\n<p>Uzglab\u0101t temperat\u016br\u0101 no +5 \u00b0\u0421 l\u012bdz +25 \u00b0\u0421 un relat\u012bvaj\u0101 gaisa mitrum\u0101 ne augst\u0101k k\u0101 75%, sarg\u0101jot no tie\u0161iem saules stariem. Uzglab\u0101t b\u0113rniem nepieejam\u0101 viet\u0101.<\/p>\n<p>Der\u012bguma termi\u0146\u0161: 36 m\u0113ne\u0161i.<\/p>\n","protected":false},"excerpt":{"rendered":"<p>Efekt\u012bvs l\u012bdzeklis uz dab\u012bgo sast\u0101vda\u013cu b\u0101zes. Akt\u012bv\u0101s sast\u0101vda\u013cas: kampars, terpent\u012bns, kan\u0113\u013ca, piparm\u0113tras, kadi\u0137a un egles \u0113terisk\u0101s e\u013c\u013cas. Lieto\u0161ana: nelielu daudzumu uzkl\u0101t uz problem\u0101tiskaj\u0101m zon\u0101m un ier\u012bv\u0113t 2-3 reizes dien\u0101. Ieteicams izmantot mas\u0101\u017eai. Piesardz\u012bbas pas\u0101kumi: tikai \u0101r\u012bgai lieto\u0161anai. Nelietot, ja ir paaugstin\u0101ta jut\u012bba pret atsevi\u0161\u0137\u0101m sast\u0101vda\u013c\u0101m. Nav \u0101rstniecisks l\u012bdzeklis. Uzglab\u0101t temperat\u016br\u0101 no +5 \u00b0\u0421 l\u012bdz +25 [&#8230;]\n","protected":false},"featured_media":99289,"template":"","meta":[],"product_cat":[2181],"product_tag":[],"class_list":{"0":"post-55798","1":"product","2":"type-product","3":"status-publish","4":"has-post-thumbnail","6":"product_brand-healer-cosmetics_ua","7":"product_cat-bez-kategorijas-lt","9":"first","10":"instock","11":"taxable","12":"shipping-taxable","13":"product-type-simple"},"_links":{"self":[{"href":"https:\/\/e.kosmolat.eu\/lv\/wp-json\/wp\/v2\/product\/55798","targetHints":{"allow":["GET"]}}],"collection":[{"href":"https:\/\/e.kosmolat.eu\/lv\/wp-json\/wp\/v2\/product"}],"about":[{"href":"https:\/\/e.kosmolat.eu\/lv\/wp-json\/wp\/v2\/types\/product"}],"wp:featuredmedia":[{"embeddable":true,"href":"https:\/\/e.kosmolat.eu\/lv\/wp-json\/wp\/v2\/media\/99289"}],"wp:attachment":[{"href":"https:\/\/e.kosmolat.eu\/lv\/wp-json\/wp\/v2\/media?parent=55798"}],"wp:term":[{"taxonomy":"product_cat","embeddable":true,"href":"https:\/\/e.kosmolat.eu\/lv\/wp-json\/wp\/v2\/product_cat?post=55798"},{"taxonomy":"product_tag","embeddable":true,"href":"https:\/\/e.kosmolat.eu\/lv\/wp-json\/wp\/v2\/product_tag?post=55798"}],"curies":[{"name":"wp","href":"https:\/\/api.w.org\/{rel}","templated":true}]}}