{"id":55790,"date":"2024-09-17T04:02:45","date_gmt":"2024-09-17T04:02:45","guid":{"rendered":"https:\/\/e.kosmolat.eu\/product\/nc-11-zales-zeleja-balz-saaukstes-un-klepus-profil-40-ml\/"},"modified":"2026-04-23T08:29:59","modified_gmt":"2026-04-23T08:29:59","slug":"nc-11-zales-zeleja-balz-saaukstes-un-klepus-profil-40-ml","status":"publish","type":"product","link":"https:\/\/e.kosmolat.eu\/lv\/product\/nc-11-zales-zeleja-balz-saaukstes-un-klepus-profil-40-ml\/","title":{"rendered":"NC 11 Z\u0101les \u017eeleja-balz. saaukst\u0113\u0161. un klepus profil., 40 ml"},"content":{"rendered":"<p>Efekt\u012bvs l\u012bdzeklis uz dab\u012bgo \u0113terisko e\u013c\u013cu un ekstraktu b\u0101zes. Uzlabo pa\u0161saj\u016btu.<\/p>\n<p>Akt\u012bv\u0101s sast\u0101vda\u013cas: kampars, terpent\u012bns, mentols, amoli\u0146a, \u010dili piparu, m\u0101rrutku ekstrakti; egles, baltegles, kadi\u0137a, eikalipta un piparm\u0113tras \u0113terisk\u0101s e\u013c\u013cas.<\/p>\n<p>Lieto\u0161ana: pie pirmajiem saaukst\u0113\u0161an\u0101s simptomiem un profilaksei uzkl\u0101t uz zonas ap degunu, kr\u016bt\u012bm, muguru un p\u0113d\u0101m. Proced\u016bru atk\u0101rtot 2-3 reizes dien\u0101 l\u012bdz pa\u0161saj\u016btas uzlabo\u0161an\u0101s.<\/p>\n<p>Uzman\u012bbu! Nelietot b\u0113rniem l\u012bdz 3 gadu vecumam.<\/p>\n<p>Piesardz\u012bbas pas\u0101kumi: tikai \u0101r\u012bgai lieto\u0161anai. Nelietot, ja ir paaugstin\u0101ta jut\u012bba pret atsevi\u0161\u0137\u0101m sast\u0101vda\u013c\u0101m. Nav \u0101rstniecisks l\u012bdzeklis.<\/p>\n<p>Uzglab\u0101t temperat\u016br\u0101 no +5 \u00b0\u0421 l\u012bdz +25 \u00b0\u0421 un relat\u012bvaj\u0101 gaisa mitrum\u0101 ne vair\u0101k k\u0101 75%, sarg\u0101jot no tie\u0161iem saules stariem. Uzglab\u0101t b\u0113rniem nepieejam\u0101 viet\u0101.<\/p>\n<p>Der\u012bguma termi\u0146\u0161: 36 m\u0113ne\u0161i.<\/p>\n","protected":false},"excerpt":{"rendered":"<p>Efekt\u012bvs l\u012bdzeklis uz dab\u012bgo \u0113terisko e\u013c\u013cu un ekstraktu b\u0101zes. Uzlabo pa\u0161saj\u016btu. Akt\u012bv\u0101s sast\u0101vda\u013cas: kampars, terpent\u012bns, mentols, amoli\u0146a, \u010dili piparu, m\u0101rrutku ekstrakti; egles, baltegles, kadi\u0137a, eikalipta un piparm\u0113tras \u0113terisk\u0101s e\u013c\u013cas. Lieto\u0161ana: pie pirmajiem saaukst\u0113\u0161an\u0101s simptomiem un profilaksei uzkl\u0101t uz zonas ap degunu, kr\u016bt\u012bm, muguru un p\u0113d\u0101m. Proced\u016bru atk\u0101rtot 2-3 reizes dien\u0101 l\u012bdz pa\u0161saj\u016btas uzlabo\u0161an\u0101s. Uzman\u012bbu! Nelietot [&#8230;]\n","protected":false},"featured_media":100448,"template":"","meta":[],"product_cat":[1390],"product_tag":[],"class_list":{"0":"post-55790","1":"product","2":"type-product","3":"status-publish","4":"has-post-thumbnail","6":"product_brand-healer-cosmetics_ua","7":"product_cat-kremai-aliejai-kuno-pienelis","9":"first","10":"instock","11":"taxable","12":"shipping-taxable","13":"product-type-simple"},"_links":{"self":[{"href":"https:\/\/e.kosmolat.eu\/lv\/wp-json\/wp\/v2\/product\/55790","targetHints":{"allow":["GET"]}}],"collection":[{"href":"https:\/\/e.kosmolat.eu\/lv\/wp-json\/wp\/v2\/product"}],"about":[{"href":"https:\/\/e.kosmolat.eu\/lv\/wp-json\/wp\/v2\/types\/product"}],"wp:featuredmedia":[{"embeddable":true,"href":"https:\/\/e.kosmolat.eu\/lv\/wp-json\/wp\/v2\/media\/100448"}],"wp:attachment":[{"href":"https:\/\/e.kosmolat.eu\/lv\/wp-json\/wp\/v2\/media?parent=55790"}],"wp:term":[{"taxonomy":"product_cat","embeddable":true,"href":"https:\/\/e.kosmolat.eu\/lv\/wp-json\/wp\/v2\/product_cat?post=55790"},{"taxonomy":"product_tag","embeddable":true,"href":"https:\/\/e.kosmolat.eu\/lv\/wp-json\/wp\/v2\/product_tag?post=55790"}],"curies":[{"name":"wp","href":"https:\/\/api.w.org\/{rel}","templated":true}]}}