{"id":55330,"date":"2024-09-14T04:04:39","date_gmt":"2024-09-14T04:04:39","guid":{"rendered":"https:\/\/e.kosmolat.eu\/product\/eci-barber-series-matte-hold-matu-vasks-150-ml\/"},"modified":"2025-09-15T05:43:14","modified_gmt":"2025-09-15T05:43:14","slug":"eci-barber-series-matte-hold-matu-vasks-150-ml","status":"publish","type":"product","link":"https:\/\/e.kosmolat.eu\/lv\/product\/eci-barber-series-matte-hold-matu-vasks-150-ml\/","title":{"rendered":"ECI Barber Series Matte Hold Matu vasks, 150 ml"},"content":{"rendered":"<p>Matu vasks ir \u012bpa\u0161i izstr\u0101d\u0101ts, lai pie\u0161\u0137irtu j\u016bsu matiem mat\u0113tu efektu. Izveidojiet unik\u0101las un rado\u0161as friz\u016bras, veidojot matus.<\/p>\n<p>Lieto\u0161ana: Pa\u0146emiet nelielu vaska daudzumu ar pirkstiem un uzkl\u0101jiet to uz matiem.  <\/p>\n<p>Piesardz\u012bbas pas\u0101kumi: Tikai \u0101r\u012bgai lieto\u0161anai. Izvairieties no saskares ar ac\u012bm. Ja nok\u013c\u016bst ac\u012bs, r\u016bp\u012bgi izskalojiet t\u0101s ar lielu daudzumu \u016bdens. Uzglab\u0101jiet b\u0113rniem nepieejam\u0101 viet\u0101, istabas temperat\u016br\u0101. Nav piem\u0113rots b\u0113rniem l\u012bdz 3 gadu vecumam.<\/p>\n","protected":false},"excerpt":{"rendered":"<p>Matu vasks ir \u012bpa\u0161i izstr\u0101d\u0101ts, lai pie\u0161\u0137irtu j\u016bsu matiem mat\u0113tu efektu. Izveidojiet unik\u0101las un rado\u0161as friz\u016bras, veidojot matus. Lieto\u0161ana: Pa\u0146emiet nelielu vaska daudzumu ar pirkstiem un uzkl\u0101jiet to uz matiem. Piesardz\u012bbas pas\u0101kumi: Tikai \u0101r\u012bgai lieto\u0161anai. Izvairieties no saskares ar ac\u012bm. Ja nok\u013c\u016bst ac\u012bs, r\u016bp\u012bgi izskalojiet t\u0101s ar lielu daudzumu \u016bdens. Uzglab\u0101jiet b\u0113rniem nepieejam\u0101 viet\u0101, istabas [&#8230;]\n","protected":false},"featured_media":0,"template":"","meta":[],"product_cat":[1686],"product_tag":[],"class_list":{"0":"post-55330","1":"product","2":"type-product","3":"status-publish","5":"product_brand-sora_tr","6":"product_cat-matu-kopsanai","8":"first","9":"outofstock","10":"taxable","11":"shipping-taxable","12":"product-type-simple"},"_links":{"self":[{"href":"https:\/\/e.kosmolat.eu\/lv\/wp-json\/wp\/v2\/product\/55330","targetHints":{"allow":["GET"]}}],"collection":[{"href":"https:\/\/e.kosmolat.eu\/lv\/wp-json\/wp\/v2\/product"}],"about":[{"href":"https:\/\/e.kosmolat.eu\/lv\/wp-json\/wp\/v2\/types\/product"}],"wp:attachment":[{"href":"https:\/\/e.kosmolat.eu\/lv\/wp-json\/wp\/v2\/media?parent=55330"}],"wp:term":[{"taxonomy":"product_cat","embeddable":true,"href":"https:\/\/e.kosmolat.eu\/lv\/wp-json\/wp\/v2\/product_cat?post=55330"},{"taxonomy":"product_tag","embeddable":true,"href":"https:\/\/e.kosmolat.eu\/lv\/wp-json\/wp\/v2\/product_tag?post=55330"}],"curies":[{"name":"wp","href":"https:\/\/api.w.org\/{rel}","templated":true}]}}