{"id":55322,"date":"2024-09-14T04:04:20","date_gmt":"2024-09-14T04:04:20","guid":{"rendered":"https:\/\/e.kosmolat.eu\/product\/eci-barber-series-skusanas-zeleja-3-in-1-700-ml\/"},"modified":"2026-03-20T11:58:41","modified_gmt":"2026-03-20T11:58:41","slug":"eci-barber-series-skusanas-zeleja-3-in-1-700-ml","status":"publish","type":"product","link":"https:\/\/e.kosmolat.eu\/lv\/product\/eci-barber-series-skusanas-zeleja-3-in-1-700-ml\/","title":{"rendered":"ECI Barber Series Sk\u016b\u0161an\u0101s \u017eeleja 3 in 1, 700 ml"},"content":{"rendered":"<p>\u0100das kop\u0161ana, mitrin\u0101\u0161ana, viegla sk\u016b\u0161an\u0101s. Speci\u0101li izstr\u0101d\u0101ta \u017eeleja jut\u012bgai \u0101dai nodro\u0161ina \u0113rtu un vieglu sk\u016b\u0161anos, pat ja skujaties pret apmatojuma aug\u0161anas virzienu. T\u0101 samazina b\u0101rdas pretest\u012bbu, \u013caujot skuveklim viegli sl\u012bd\u0113t pa \u0101du.<\/p>\n<p>Lieto\u0161ana: uzkl\u0101jiet nelielu daudzumu \u017eelejas uz plaukstas un sadaliet to pa mitru sejas \u0101du ar mas\u0113jo\u0161\u0101m kust\u012bb\u0101m. J\u016bs uzreiz esat gatavs sk\u016b\u0161anai. Rezult\u0101ts: \u012apa\u0161i \u0113rta un pat\u012bkama sk\u016b\u0161an\u0101s.<\/p>\n<p>Piesardz\u012bbas pas\u0101kumi: tikai \u0101r\u012bgai lieto\u0161anai. Izvairieties no saskares ar ac\u012bm. Ja \u017eeleja nok\u013c\u016bst ac\u012bs, r\u016bp\u012bgi izskalojiet t\u0101s ar lielu daudzumu \u016bdens. Uzglab\u0101t b\u0113rniem nepieejam\u0101 viet\u0101.<\/p>\n","protected":false},"excerpt":{"rendered":"<p>\u0100das kop\u0161ana, mitrin\u0101\u0161ana, viegla sk\u016b\u0161an\u0101s. Speci\u0101li izstr\u0101d\u0101ta \u017eeleja jut\u012bgai \u0101dai nodro\u0161ina \u0113rtu un vieglu sk\u016b\u0161anos, pat ja skujaties pret apmatojuma aug\u0161anas virzienu. T\u0101 samazina b\u0101rdas pretest\u012bbu, \u013caujot skuveklim viegli sl\u012bd\u0113t pa \u0101du. Lieto\u0161ana: uzkl\u0101jiet nelielu daudzumu \u017eelejas uz plaukstas un sadaliet to pa mitru sejas \u0101du ar mas\u0113jo\u0161\u0101m kust\u012bb\u0101m. J\u016bs uzreiz esat gatavs sk\u016b\u0161anai. Rezult\u0101ts: [&#8230;]\n","protected":false},"featured_media":98916,"template":"","meta":[],"product_cat":[2181],"product_tag":[],"class_list":{"0":"post-55322","1":"product","2":"type-product","3":"status-publish","4":"has-post-thumbnail","6":"product_brand-sora_tr","7":"product_cat-bez-kategorijas-lt","9":"first","10":"instock","11":"taxable","12":"shipping-taxable","13":"product-type-simple"},"_links":{"self":[{"href":"https:\/\/e.kosmolat.eu\/lv\/wp-json\/wp\/v2\/product\/55322","targetHints":{"allow":["GET"]}}],"collection":[{"href":"https:\/\/e.kosmolat.eu\/lv\/wp-json\/wp\/v2\/product"}],"about":[{"href":"https:\/\/e.kosmolat.eu\/lv\/wp-json\/wp\/v2\/types\/product"}],"wp:featuredmedia":[{"embeddable":true,"href":"https:\/\/e.kosmolat.eu\/lv\/wp-json\/wp\/v2\/media\/98916"}],"wp:attachment":[{"href":"https:\/\/e.kosmolat.eu\/lv\/wp-json\/wp\/v2\/media?parent=55322"}],"wp:term":[{"taxonomy":"product_cat","embeddable":true,"href":"https:\/\/e.kosmolat.eu\/lv\/wp-json\/wp\/v2\/product_cat?post=55322"},{"taxonomy":"product_tag","embeddable":true,"href":"https:\/\/e.kosmolat.eu\/lv\/wp-json\/wp\/v2\/product_tag?post=55322"}],"curies":[{"name":"wp","href":"https:\/\/api.w.org\/{rel}","templated":true}]}}