{"id":55046,"date":"2024-08-28T04:02:24","date_gmt":"2024-08-28T04:02:24","guid":{"rendered":"https:\/\/e.kosmolat.eu\/product\/serija-03-zeleja-balzams-badjaga-75-ml\/"},"modified":"2025-09-19T18:39:15","modified_gmt":"2025-09-19T18:39:15","slug":"serija-03-zeleja-balzams-badjaga-75-ml","status":"publish","type":"product","link":"https:\/\/e.kosmolat.eu\/lv\/product\/serija-03-zeleja-balzams-badjaga-75-ml\/","title":{"rendered":"&#8220;Serija 03&#8221; \u017deleja-balzams &#8220;Badjaga&#8221;, 75 ml"},"content":{"rendered":"<p>\u0100das kop\u0161anai zilumu un sasitumu gad\u012bjum\u0101. Badjaga &ndash; unik\u0101ls dab\u012bgs l\u012bdzeklis, pa\u0101trina zilumu iz\u017e\u016b\u0161anu, sniedz atjaunojo\u0161u iedarb\u012bbu, pastiprina apmai\u0146as procesus, kolag\u0113na un elast\u012bna izstr\u0101di, pal\u012bdz stiprin\u0101t \u0101das aizsargfunkcijas. Lieto\u0161ana: uzkl\u0101t uz priek\u0161laic\u012bgi att\u012br\u012btas \u0101das problem\u0101tiskaj\u0101s viet\u0101s viegl\u0101m mas\u0113jo\u0161\u0101m kust\u012bb\u0101m 2 reizes dien\u0101. Piesardz\u012bbas pas\u0101kumi: izvair\u012bties no iek\u013c\u016b\u0161anas ac\u012bs un uz g\u013cot\u0101das. Ja iek\u013c\u016bst r\u016bp\u012bgi nomazg\u0101t ar lielu silt\u0101 \u016bdens daudzumu. Tikai \u0101r\u012bgai lieto\u0161anai. Uzman\u012bbu: individu\u0101l\u0101 sast\u0101vda\u013cu nepanesam\u012bba. Nav \u0101rstniecisks l\u012bdzeklis.&nbsp;<br \/>\nUzglab\u0101\u0161anas noteikumi: uzglab\u0101t temperat\u016br\u0101 no +5&deg;C l\u012bdz 25&deg;C b\u0113rniem nepieejam\u0101 viet\u0101. Izvair\u012bties no tie\u0161u saules staru iek\u013c\u016b\u0161anas.&nbsp;<\/p>\n","protected":false},"excerpt":{"rendered":"<p>\u0100das kop\u0161anai zilumu un sasitumu gad\u012bjum\u0101. Badjaga &ndash; unik\u0101ls dab\u012bgs l\u012bdzeklis, pa\u0101trina zilumu iz\u017e\u016b\u0161anu, sniedz atjaunojo\u0161u iedarb\u012bbu, pastiprina apmai\u0146as procesus, kolag\u0113na un elast\u012bna izstr\u0101di, pal\u012bdz stiprin\u0101t \u0101das aizsargfunkcijas. Lieto\u0161ana: uzkl\u0101t uz priek\u0161laic\u012bgi att\u012br\u012btas \u0101das problem\u0101tiskaj\u0101s viet\u0101s viegl\u0101m mas\u0113jo\u0161\u0101m kust\u012bb\u0101m 2 reizes dien\u0101. Piesardz\u012bbas pas\u0101kumi: izvair\u012bties no iek\u013c\u016b\u0161anas ac\u012bs un uz g\u013cot\u0101das. Ja iek\u013c\u016bst r\u016bp\u012bgi nomazg\u0101t [&#8230;]\n","protected":false},"featured_media":82002,"template":"","meta":[],"product_cat":[1388],"product_tag":[],"class_list":{"0":"post-55046","1":"product","2":"type-product","3":"status-publish","4":"has-post-thumbnail","6":"product_brand-malina-akcija","7":"product_cat-kermena-kremi-pienini-sviesti","9":"first","10":"outofstock","11":"taxable","12":"shipping-taxable","13":"product-type-simple"},"_links":{"self":[{"href":"https:\/\/e.kosmolat.eu\/lv\/wp-json\/wp\/v2\/product\/55046","targetHints":{"allow":["GET"]}}],"collection":[{"href":"https:\/\/e.kosmolat.eu\/lv\/wp-json\/wp\/v2\/product"}],"about":[{"href":"https:\/\/e.kosmolat.eu\/lv\/wp-json\/wp\/v2\/types\/product"}],"wp:featuredmedia":[{"embeddable":true,"href":"https:\/\/e.kosmolat.eu\/lv\/wp-json\/wp\/v2\/media\/82002"}],"wp:attachment":[{"href":"https:\/\/e.kosmolat.eu\/lv\/wp-json\/wp\/v2\/media?parent=55046"}],"wp:term":[{"taxonomy":"product_cat","embeddable":true,"href":"https:\/\/e.kosmolat.eu\/lv\/wp-json\/wp\/v2\/product_cat?post=55046"},{"taxonomy":"product_tag","embeddable":true,"href":"https:\/\/e.kosmolat.eu\/lv\/wp-json\/wp\/v2\/product_tag?post=55046"}],"curies":[{"name":"wp","href":"https:\/\/api.w.org\/{rel}","templated":true}]}}