{"id":54979,"date":"2024-08-15T03:50:00","date_gmt":"2024-08-15T03:50:00","guid":{"rendered":"https:\/\/e.kosmolat.eu\/product\/master-lux-prof-tonejos-matu-maska-tonis-sudraba-200-ml\/"},"modified":"2026-04-18T11:22:33","modified_gmt":"2026-04-18T11:22:33","slug":"master-lux-prof-tonejos-matu-maska-tonis-sudraba-200-ml","status":"publish","type":"product","link":"https:\/\/e.kosmolat.eu\/lv\/product\/master-lux-prof-tonejos-matu-maska-tonis-sudraba-200-ml\/","title":{"rendered":"MASTER LUX prof. Ton\u0113jo\u0161. matu maska, tonis Sudraba, 200 ml"},"content":{"rendered":"<p>Piem\u0113rota rado\u0161ai \u012bslaic\u012bgai balin\u0101tu un blondu matu kr\u0101so\u0161anai spilgtos vai paste\u013cto\u0146os. Formulas pamat\u0101 ir tie\u0161ie pigmenti ar kerat\u012bnu un pantenolu. Nesatur amonjaku. Netiek sajaukts ar oksid\u0113t\u0101ju. Sajaucot MASTER LUX l\u012bnijas kr\u0101sas, var izveidot atsevi\u0161\u0137us to\u0146us. <\/p>\n<p>LIETO\u0160ANA: uzvelciet cimdus.Vienm\u0113r\u012bgi uzkl\u0101jiet ton\u0113jo\u0161u masku uz izmazg\u0101tiem, ar dvieli nosusin\u0101tiem matiem. Sadaliet masku vis\u0101 matu garum\u0101. Iztur\u0113\u0161anas laiks ir 5-20 min\u016btes, atkar\u012bb\u0101 no v\u0113lam\u0101 to\u0146a intensit\u0101tes. Noskalojiet ar \u016bdeni. Kr\u0101sas notur\u012bba ir atkar\u012bga no izv\u0113l\u0113t\u0101 to\u0146a un matu strukt\u016bras. Iztur vair\u0101k nek\u0101 10 matu mazg\u0101\u0161anas proced\u016bras.<\/p>\n<p>PIESARDZ\u012aBAS PAS\u0100KUMI: izlas\u012bt un iev\u0113rot nor\u0101d\u012bjumus. \u0160is l\u012bdzeklis nav paredz\u0113ts person\u0101m, kas jaun\u0101kas par 16 gadiem. Matu kr\u0101svielas var izrais\u012bt smagu aler\u0123isku reakciju. Meln\u0101s hennas tetov\u0113jumi, kas nav permanenti, var paaugstin\u0101t aler\u0123ijas risku. \u0100das jut\u012bguma testam uzkl\u0101jiet nelielu l\u012bdzek\u013ca daudzumu pl\u0101n\u0101 k\u0101rt\u0101 uz elko\u0146a iek\u0161puses un atst\u0101jiet iedarboties 30 min\u016btes. R\u016bp\u012bgi izskalojiet ar siltu \u016bdeni. Ja testa laik\u0101 vai 24 stundu laik\u0101 rodas reakcija, nelietojiet \u0161o l\u012bdzekli. Matus nekr\u0101sot, ja: \u2014 uz sejas ir izsitumi vai galvas \u0101da ir jut\u012bga, kairin\u0101ta vai boj\u0101ta, p\u0113c matu kr\u0101so\u0161anas ir bijusi k\u0101da reakcija, \u2014 agr\u0101k ir bijusi reakcija uz meln\u0101s hennas tetov\u0113jumu, kas nav notur\u012bgs. Nelietot skropstu vai uzacu kr\u0101so\u0161anai. Lietot atbilsto\u0161us aizsargcimdus. Nepie\u013caut nok\u013c\u016b\u0161anu ac\u012bs! Ja l\u012bdzeklis iek\u013c\u016bst ac\u012bs, t\u016bl\u012bt izskalot. <\/p>\n<p>UZGLAB\u0100\u0160ANAS NOTEIKUMI: uzglab\u0101t l\u012bdzekli temperat\u016br\u0101 no +5\u00b0C l\u012bdz +25\u00b0C, sarg\u0101jot no tie\u0161iem saules stariem un ne maz\u0101k k\u0101 0,5 m no apkures ier\u012bc\u0113m. Uzglab\u0101t b\u0113rniem nepieejam\u0101 viet\u0101. Utiliz\u0113t k\u0101 sadz\u012bves atkritumus.<\/p>\n","protected":false},"excerpt":{"rendered":"<p>Piem\u0113rota rado\u0161ai \u012bslaic\u012bgai balin\u0101tu un blondu matu kr\u0101so\u0161anai spilgtos vai paste\u013cto\u0146os. Formulas pamat\u0101 ir tie\u0161ie pigmenti ar kerat\u012bnu un pantenolu. Nesatur amonjaku. Netiek sajaukts ar oksid\u0113t\u0101ju. Sajaucot MASTER LUX l\u012bnijas kr\u0101sas, var izveidot atsevi\u0161\u0137us to\u0146us. LIETO\u0160ANA: uzvelciet cimdus.Vienm\u0113r\u012bgi uzkl\u0101jiet ton\u0113jo\u0161u masku uz izmazg\u0101tiem, ar dvieli nosusin\u0101tiem matiem. Sadaliet masku vis\u0101 matu garum\u0101. Iztur\u0113\u0161anas laiks ir [&#8230;]\n","protected":false},"featured_media":97241,"template":"","meta":[],"product_cat":[1297],"product_tag":[],"class_list":{"0":"post-54979","1":"product","2":"type-product","3":"status-publish","4":"has-post-thumbnail","6":"product_brand-supermash_ua","7":"product_cat-matu-tonesanas-lidzekli","9":"first","10":"instock","11":"taxable","12":"shipping-taxable","13":"product-type-simple"},"_links":{"self":[{"href":"https:\/\/e.kosmolat.eu\/lv\/wp-json\/wp\/v2\/product\/54979","targetHints":{"allow":["GET"]}}],"collection":[{"href":"https:\/\/e.kosmolat.eu\/lv\/wp-json\/wp\/v2\/product"}],"about":[{"href":"https:\/\/e.kosmolat.eu\/lv\/wp-json\/wp\/v2\/types\/product"}],"wp:featuredmedia":[{"embeddable":true,"href":"https:\/\/e.kosmolat.eu\/lv\/wp-json\/wp\/v2\/media\/97241"}],"wp:attachment":[{"href":"https:\/\/e.kosmolat.eu\/lv\/wp-json\/wp\/v2\/media?parent=54979"}],"wp:term":[{"taxonomy":"product_cat","embeddable":true,"href":"https:\/\/e.kosmolat.eu\/lv\/wp-json\/wp\/v2\/product_cat?post=54979"},{"taxonomy":"product_tag","embeddable":true,"href":"https:\/\/e.kosmolat.eu\/lv\/wp-json\/wp\/v2\/product_tag?post=54979"}],"curies":[{"name":"wp","href":"https:\/\/api.w.org\/{rel}","templated":true}]}}