{"id":54962,"date":"2024-08-09T04:02:28","date_gmt":"2024-08-09T04:02:28","guid":{"rendered":"https:\/\/e.kosmolat.eu\/product\/zimulu-asinamais-4104\/"},"modified":"2026-04-09T16:26:55","modified_gmt":"2026-04-09T16:26:55","slug":"zimulu-asinamais-4104","status":"publish","type":"product","link":"https:\/\/e.kosmolat.eu\/lv\/product\/zimulu-asinamais-4104\/","title":{"rendered":"Z\u012bmu\u013cu asin\u0101mais 4104"},"content":{"rendered":"<p>Z\u012bmu\u013cu asin\u0101mais.<\/p>\n","protected":false},"excerpt":{"rendered":"<p>Z\u012bmu\u013cu asin\u0101mais.<\/p>\n","protected":false},"featured_media":80070,"template":"","meta":[],"product_cat":[1552],"product_tag":[],"class_list":{"0":"post-54962","1":"product","2":"type-product","3":"status-publish","4":"has-post-thumbnail","6":"product_brand-donegal-sp-zo-o-_pl","7":"product_cat-istrumenti-un-sikumi","9":"first","10":"instock","11":"taxable","12":"shipping-taxable","13":"product-type-simple"},"_links":{"self":[{"href":"https:\/\/e.kosmolat.eu\/lv\/wp-json\/wp\/v2\/product\/54962","targetHints":{"allow":["GET"]}}],"collection":[{"href":"https:\/\/e.kosmolat.eu\/lv\/wp-json\/wp\/v2\/product"}],"about":[{"href":"https:\/\/e.kosmolat.eu\/lv\/wp-json\/wp\/v2\/types\/product"}],"wp:featuredmedia":[{"embeddable":true,"href":"https:\/\/e.kosmolat.eu\/lv\/wp-json\/wp\/v2\/media\/80070"}],"wp:attachment":[{"href":"https:\/\/e.kosmolat.eu\/lv\/wp-json\/wp\/v2\/media?parent=54962"}],"wp:term":[{"taxonomy":"product_cat","embeddable":true,"href":"https:\/\/e.kosmolat.eu\/lv\/wp-json\/wp\/v2\/product_cat?post=54962"},{"taxonomy":"product_tag","embeddable":true,"href":"https:\/\/e.kosmolat.eu\/lv\/wp-json\/wp\/v2\/product_tag?post=54962"}],"curies":[{"name":"wp","href":"https:\/\/api.w.org\/{rel}","templated":true}]}}