{"id":54954,"date":"2024-08-09T04:00:37","date_gmt":"2024-08-09T04:00:37","guid":{"rendered":"https:\/\/e.kosmolat.eu\/product\/donegal-suklis-sejas-tirisanai\/"},"modified":"2026-04-09T16:35:04","modified_gmt":"2026-04-09T16:35:04","slug":"suklis-sejas-tirisanai","status":"publish","type":"product","link":"https:\/\/e.kosmolat.eu\/lv\/product\/suklis-sejas-tirisanai\/","title":{"rendered":"S\u016bklis sejas t\u012br\u012b\u0161anai"},"content":{"rendered":"<p>S\u016bklis t\u012br\u012b\u0161anai ir paredz\u0113ts dekorat\u012bv\u0101s kosm\u0113tikas no\u0146em\u0161anai un ikdienas sejas kop\u0161anai. Ide\u0101li piem\u0113rots skropstu tu\u0161as, acu z\u012bmu\u013ca, acu \u0113nu, ton\u0101l\u0101 kr\u0113ma, masku vai p\u012blingu no\u0146em\u0161anai. Padara \u0101du t\u012bru, maigu un gludu. &Scaron;o produktu var izmantot sejas, kakla un dekolt\u0113 zonas mas\u0101\u017eai.<br \/>\n<strong>Lieto\u0161anas nor\u0101d\u012bjumi: <\/strong>Samitriniet s\u016bkli sejas t\u012br\u012b\u0161anai un izspiediet lieko \u016bdeni. Varat to lietot ar t\u012bru \u016bdeni vai iecien\u012bt\u0101ko t\u012br\u012b\u0161anas l\u012bdzekli. No\u0146emiet kosm\u0113tiku un not\u012briet seju ar ap\u013cveida kust\u012bb\u0101m. Produkts ir labi piem\u0113rots visiem \u0101das tipiem, tostarp jut\u012bgai \u0101dai un maigai \u0101dai ap ac\u012bm. P\u0113c katras lieto\u0161anas reizes nomazg\u0101jiet s\u016bkli ar nelielu daudzumu maiga bio-mazg\u0101\u0161anas l\u012bdzek\u013ca un \u013caujiet tam no\u017e\u016bt.<\/p>\n","protected":false},"excerpt":{"rendered":"<p>S\u016bklis t\u012br\u012b\u0161anai ir paredz\u0113ts dekorat\u012bv\u0101s kosm\u0113tikas no\u0146em\u0161anai un ikdienas sejas kop\u0161anai. Ide\u0101li piem\u0113rots skropstu tu\u0161as, acu z\u012bmu\u013ca, acu \u0113nu, ton\u0101l\u0101 kr\u0113ma, masku vai p\u012blingu no\u0146em\u0161anai. Padara \u0101du t\u012bru, maigu un gludu. &Scaron;o produktu var izmantot sejas, kakla un dekolt\u0113 zonas mas\u0101\u017eai. Lieto\u0161anas nor\u0101d\u012bjumi: Samitriniet s\u016bkli sejas t\u012br\u012b\u0161anai un izspiediet lieko \u016bdeni. Varat to lietot ar [&#8230;]\n","protected":false},"featured_media":105516,"template":"","meta":[],"product_cat":[1551],"product_tag":[],"class_list":{"0":"post-54954","1":"product","2":"type-product","3":"status-publish","4":"has-post-thumbnail","6":"product_brand-donegal-sp-zo-o-_pl","7":"product_cat-kempineles-ir-aplikatoriai","9":"first","10":"instock","11":"taxable","12":"shipping-taxable","13":"product-type-simple"},"_links":{"self":[{"href":"https:\/\/e.kosmolat.eu\/lv\/wp-json\/wp\/v2\/product\/54954","targetHints":{"allow":["GET"]}}],"collection":[{"href":"https:\/\/e.kosmolat.eu\/lv\/wp-json\/wp\/v2\/product"}],"about":[{"href":"https:\/\/e.kosmolat.eu\/lv\/wp-json\/wp\/v2\/types\/product"}],"wp:featuredmedia":[{"embeddable":true,"href":"https:\/\/e.kosmolat.eu\/lv\/wp-json\/wp\/v2\/media\/105516"}],"wp:attachment":[{"href":"https:\/\/e.kosmolat.eu\/lv\/wp-json\/wp\/v2\/media?parent=54954"}],"wp:term":[{"taxonomy":"product_cat","embeddable":true,"href":"https:\/\/e.kosmolat.eu\/lv\/wp-json\/wp\/v2\/product_cat?post=54954"},{"taxonomy":"product_tag","embeddable":true,"href":"https:\/\/e.kosmolat.eu\/lv\/wp-json\/wp\/v2\/product_tag?post=54954"}],"curies":[{"name":"wp","href":"https:\/\/api.w.org\/{rel}","templated":true}]}}