{"id":54930,"date":"2024-08-03T04:00:38","date_gmt":"2024-08-03T04:00:38","guid":{"rendered":"https:\/\/e.kosmolat.eu\/product\/i_oblepiha-organica-micelarais-losjons-delikatai-makijazas-nonemsanai-150-ml\/"},"modified":"2025-09-19T22:31:31","modified_gmt":"2025-09-19T22:31:31","slug":"i_oblepiha-organica-micelarais-losjons-delikatai-makijazas-nonemsanai-150-ml","status":"publish","type":"product","link":"https:\/\/e.kosmolat.eu\/lv\/product\/i_oblepiha-organica-micelarais-losjons-delikatai-makijazas-nonemsanai-150-ml\/","title":{"rendered":"I_Oblepiha Organica Micel\u0101rais losjons delik\u0101tai makij\u0101\u017eas no\u0146em\u0161anai, 150 ml"},"content":{"rendered":"<p>Bag\u0101tin\u0101ta ar efekt\u012bv\u0101m sast\u0101vda\u013c\u0101m, losjona formula \u013cauj viegli un rezultat\u012bvi no\u0146emt no \u0101das net\u012brumus un kosm\u0113tikas p\u0101rpalikumu. Organisk\u0101 smilts\u0113rk\u0161\u0137u e\u013c\u013ca ir \u012bpa\u0161i bag\u0101ta ar biolo\u0123iski akt\u012bv\u0101m sast\u0101vda\u013c\u0101m (vitam\u012bniem, mikroelementiem, tauksk\u0101b\u0113m). T\u0101 baro \u0101du, pretojas sausumam un lob\u012b\u0161an\u0101s procesam, atjauno komforta saj\u016btu. Dab\u012bgi salvijas un smilts\u0113rk\u0161\u0137u ekstrakti toniz\u0113 un atsvaidzina noguru\u0161u \u0101du p\u0113c dienas stresiem.&nbsp;<br \/>\nLieto\u0161ana: uzkl\u0101t uz vates disku, not\u012br\u012bt \u0101du pa mas\u0101\u017eas l\u012bnij\u0101m. Nosl\u0113gt att\u012br\u012b\u0161anas proced\u016bru ar \u016bdeni vai toniku.&nbsp;<\/p>\n","protected":false},"excerpt":{"rendered":"<p>Bag\u0101tin\u0101ta ar efekt\u012bv\u0101m sast\u0101vda\u013c\u0101m, losjona formula \u013cauj viegli un rezultat\u012bvi no\u0146emt no \u0101das net\u012brumus un kosm\u0113tikas p\u0101rpalikumu. Organisk\u0101 smilts\u0113rk\u0161\u0137u e\u013c\u013ca ir \u012bpa\u0161i bag\u0101ta ar biolo\u0123iski akt\u012bv\u0101m sast\u0101vda\u013c\u0101m (vitam\u012bniem, mikroelementiem, tauksk\u0101b\u0113m). T\u0101 baro \u0101du, pretojas sausumam un lob\u012b\u0161an\u0101s procesam, atjauno komforta saj\u016btu. Dab\u012bgi salvijas un smilts\u0113rk\u0161\u0137u ekstrakti toniz\u0113 un atsvaidzina noguru\u0161u \u0101du p\u0113c dienas stresiem.&nbsp; Lieto\u0161ana: [&#8230;]\n","protected":false},"featured_media":86198,"template":"","meta":[],"product_cat":[1580],"product_tag":[],"class_list":{"0":"post-54930","1":"product","2":"type-product","3":"status-publish","4":"has-post-thumbnail","6":"product_brand-belkosmex_by","7":"product_cat-losjonai-ir-tonikai","9":"first","10":"outofstock","11":"taxable","12":"shipping-taxable","13":"product-type-simple"},"_links":{"self":[{"href":"https:\/\/e.kosmolat.eu\/lv\/wp-json\/wp\/v2\/product\/54930","targetHints":{"allow":["GET"]}}],"collection":[{"href":"https:\/\/e.kosmolat.eu\/lv\/wp-json\/wp\/v2\/product"}],"about":[{"href":"https:\/\/e.kosmolat.eu\/lv\/wp-json\/wp\/v2\/types\/product"}],"wp:featuredmedia":[{"embeddable":true,"href":"https:\/\/e.kosmolat.eu\/lv\/wp-json\/wp\/v2\/media\/86198"}],"wp:attachment":[{"href":"https:\/\/e.kosmolat.eu\/lv\/wp-json\/wp\/v2\/media?parent=54930"}],"wp:term":[{"taxonomy":"product_cat","embeddable":true,"href":"https:\/\/e.kosmolat.eu\/lv\/wp-json\/wp\/v2\/product_cat?post=54930"},{"taxonomy":"product_tag","embeddable":true,"href":"https:\/\/e.kosmolat.eu\/lv\/wp-json\/wp\/v2\/product_tag?post=54930"}],"curies":[{"name":"wp","href":"https:\/\/api.w.org\/{rel}","templated":true}]}}