{"id":54912,"date":"2024-08-01T05:36:11","date_gmt":"2024-08-01T05:36:11","guid":{"rendered":"https:\/\/e.kosmolat.eu\/product\/fresh-juice-%d0%barems-sviests-kermenim-passion-fruit-macadamia-225-ml\/"},"modified":"2026-04-21T07:44:10","modified_gmt":"2026-04-21T07:44:10","slug":"fresh-juice-%d0%barems-sviests-kermenim-passion-fruit-macadamia-225-ml","status":"publish","type":"product","link":"https:\/\/e.kosmolat.eu\/lv\/product\/fresh-juice-%d0%barems-sviests-kermenim-passion-fruit-macadamia-225-ml\/","title":{"rendered":"&#8220;Fresh Juice&#8221; \u041ar\u0113ms-sviests \u0137ermenim\u00a0Passion Fruit &#038; Macadamia, 225 ml"},"content":{"rendered":"<p>Baro un m\u012bkstina pat vissaus\u0101ko \u0101du. Sast\u0101vs ir bag\u0101tin\u0101ts ar pasifloras ekstraktu. Makad\u0101mijas e\u013c\u013ca un \u0161\u012b sviests mitrina \u0101du, pie\u0161\u0137irot tai maigumu un elast\u012bbu.<\/p>\n<p>Dermatolo\u0123iski p\u0101rbaud\u012bts. <\/p>\n<p>Lieto\u0161ana: ar viegl\u0101m mas\u0113jo\u0161\u0101m kust\u012bb\u0101m uzkl\u0101t uz t\u012bras sasusas \u0101das.<\/p>\n<p>Piesardz\u012bbas pas\u0101kumi: individu\u0101la atsevi\u0161\u0137u sast\u0101vda\u013cu nepanesam\u012bba.<\/p>\n","protected":false},"excerpt":{"rendered":"<p>Baro un m\u012bkstina pat vissaus\u0101ko \u0101du. Sast\u0101vs ir bag\u0101tin\u0101ts ar pasifloras ekstraktu. Makad\u0101mijas e\u013c\u013ca un \u0161\u012b sviests mitrina \u0101du, pie\u0161\u0137irot tai maigumu un elast\u012bbu. Dermatolo\u0123iski p\u0101rbaud\u012bts. Lieto\u0161ana: ar viegl\u0101m mas\u0113jo\u0161\u0101m kust\u012bb\u0101m uzkl\u0101t uz t\u012bras sasusas \u0101das. Piesardz\u012bbas pas\u0101kumi: individu\u0101la atsevi\u0161\u0137u sast\u0101vda\u013cu nepanesam\u012bba.<\/p>\n","protected":false},"featured_media":54916,"template":"","meta":[],"product_cat":[1388],"product_tag":[],"class_list":{"0":"post-54912","1":"product","2":"type-product","3":"status-publish","4":"has-post-thumbnail","6":"product_brand-elfa_ua","7":"product_cat-kermena-kremi-pienini-sviesti","9":"first","10":"instock","11":"taxable","12":"shipping-taxable","13":"product-type-simple"},"_links":{"self":[{"href":"https:\/\/e.kosmolat.eu\/lv\/wp-json\/wp\/v2\/product\/54912","targetHints":{"allow":["GET"]}}],"collection":[{"href":"https:\/\/e.kosmolat.eu\/lv\/wp-json\/wp\/v2\/product"}],"about":[{"href":"https:\/\/e.kosmolat.eu\/lv\/wp-json\/wp\/v2\/types\/product"}],"wp:featuredmedia":[{"embeddable":true,"href":"https:\/\/e.kosmolat.eu\/lv\/wp-json\/wp\/v2\/media\/54916"}],"wp:attachment":[{"href":"https:\/\/e.kosmolat.eu\/lv\/wp-json\/wp\/v2\/media?parent=54912"}],"wp:term":[{"taxonomy":"product_cat","embeddable":true,"href":"https:\/\/e.kosmolat.eu\/lv\/wp-json\/wp\/v2\/product_cat?post=54912"},{"taxonomy":"product_tag","embeddable":true,"href":"https:\/\/e.kosmolat.eu\/lv\/wp-json\/wp\/v2\/product_tag?post=54912"}],"curies":[{"name":"wp","href":"https:\/\/api.w.org\/{rel}","templated":true}]}}