{"id":54904,"date":"2024-08-01T05:11:31","date_gmt":"2024-08-01T05:11:31","guid":{"rendered":"https:\/\/e.kosmolat.eu\/product\/fj-krems-sviests-kermenim-sokolade-marcipans-225-ml\/"},"modified":"2026-04-17T06:58:37","modified_gmt":"2026-04-17T06:58:37","slug":"fj-krems-sviests-kermenim-sokolade-marcipans-225-ml","status":"publish","type":"product","link":"https:\/\/e.kosmolat.eu\/lv\/product\/fj-krems-sviests-kermenim-sokolade-marcipans-225-ml\/","title":{"rendered":"&#8220;FJ&#8221; Kr\u0113ms-sviests \u0137ermenim &#8220;\u0160okol\u0101de &#038; Marcip\u0101ns&#8221;, 225 ml"},"content":{"rendered":"<p>Baro un m\u012bkstina pat vissaus\u0101ko \u0101du. Sast\u0101vs ir bag\u0101tin\u0101ts ar mande\u013cu e\u013c\u013cu, \u0161\u012b, kakao sviestiem, kas nodro\u0161ina \u0101das gludumu un elast\u012bbu. Dermatolo\u0123iski p\u0101rbaud\u012bts. <\/p>\n<p>Lieto\u0161ana: ar viegl\u0101m mas\u0113jo\u0161\u0101m kust\u012bb\u0101m uzkl\u0101t uz t\u012bras sasusas \u0101das.<\/p>\n<p>Piesardz\u012bbas pas\u0101kumi: individu\u0101la atsevi\u0161\u0137u sast\u0101vda\u013cu nepanesam\u012bba.<\/p>\n","protected":false},"excerpt":{"rendered":"<p>Baro un m\u012bkstina pat vissaus\u0101ko \u0101du. Sast\u0101vs ir bag\u0101tin\u0101ts ar mande\u013cu e\u013c\u013cu, \u0161\u012b, kakao sviestiem, kas nodro\u0161ina \u0101das gludumu un elast\u012bbu. Dermatolo\u0123iski p\u0101rbaud\u012bts. Lieto\u0161ana: ar viegl\u0101m mas\u0113jo\u0161\u0101m kust\u012bb\u0101m uzkl\u0101t uz t\u012bras sasusas \u0101das. Piesardz\u012bbas pas\u0101kumi: individu\u0101la atsevi\u0161\u0137u sast\u0101vda\u013cu nepanesam\u012bba.<\/p>\n","protected":false},"featured_media":80482,"template":"","meta":[],"product_cat":[1999],"product_tag":[],"class_list":{"0":"post-54904","1":"product","2":"type-product","3":"status-publish","4":"has-post-thumbnail","6":"product_brand-elfa_ua","7":"product_cat-bez-kategorijas","9":"first","10":"instock","11":"taxable","12":"shipping-taxable","13":"product-type-simple"},"_links":{"self":[{"href":"https:\/\/e.kosmolat.eu\/lv\/wp-json\/wp\/v2\/product\/54904","targetHints":{"allow":["GET"]}}],"collection":[{"href":"https:\/\/e.kosmolat.eu\/lv\/wp-json\/wp\/v2\/product"}],"about":[{"href":"https:\/\/e.kosmolat.eu\/lv\/wp-json\/wp\/v2\/types\/product"}],"wp:featuredmedia":[{"embeddable":true,"href":"https:\/\/e.kosmolat.eu\/lv\/wp-json\/wp\/v2\/media\/80482"}],"wp:attachment":[{"href":"https:\/\/e.kosmolat.eu\/lv\/wp-json\/wp\/v2\/media?parent=54904"}],"wp:term":[{"taxonomy":"product_cat","embeddable":true,"href":"https:\/\/e.kosmolat.eu\/lv\/wp-json\/wp\/v2\/product_cat?post=54904"},{"taxonomy":"product_tag","embeddable":true,"href":"https:\/\/e.kosmolat.eu\/lv\/wp-json\/wp\/v2\/product_tag?post=54904"}],"curies":[{"name":"wp","href":"https:\/\/api.w.org\/{rel}","templated":true}]}}