{"id":54819,"date":"2024-07-27T23:20:39","date_gmt":"2024-07-27T23:20:39","guid":{"rendered":"https:\/\/e.kosmolat.eu\/product\/relouis-pro-liquid-strobing-kremv-hailaiteris-10-tonis-champagne-4-g\/"},"modified":"2026-03-08T06:50:12","modified_gmt":"2026-03-08T06:50:12","slug":"relouis-pro-10-liquid-strobing-kremv-hailaiteris-champagne-4-g","status":"publish","type":"product","link":"https:\/\/e.kosmolat.eu\/lv\/product\/relouis-pro-10-liquid-strobing-kremv-hailaiteris-champagne-4-g\/","title":{"rendered":"RELOUIS PRO 10 Liquid Strobing Kr\u0113mv. hailaiteris,  champagne, 4 g"},"content":{"rendered":"<p>Kr\u0113mveida tekst\u016bra; dabisks sp\u012bdums; t\u016bl\u012bt\u0113ja \u0101das transform\u0101cija; viegli izpludin\u0101s; satur hialuronsk\u0101bi.<\/p>\n<p>Lieto\u0161ana: uzkl\u0101t ar aplikatoru uz viet\u0101m, kuras nepiecie\u0161ams izcelt, maigi izpludin\u0101t.<\/p>\n<p>Uzglab\u0101t temperat\u016br\u0101 no +5 \u00b0C l\u012bdz +25\u00b0C.<\/p>\n","protected":false},"excerpt":{"rendered":"<p>Kr\u0113mveida tekst\u016bra; dabisks sp\u012bdums; t\u016bl\u012bt\u0113ja \u0101das transform\u0101cija; viegli izpludin\u0101s; satur hialuronsk\u0101bi. Lieto\u0161ana: uzkl\u0101t ar aplikatoru uz viet\u0101m, kuras nepiecie\u0161ams izcelt, maigi izpludin\u0101t. Uzglab\u0101t temperat\u016br\u0101 no +5 \u00b0C l\u012bdz +25\u00b0C.<\/p>\n","protected":false},"featured_media":101254,"template":"","meta":[],"product_cat":[1999],"product_tag":[],"class_list":{"0":"post-54819","1":"product","2":"type-product","3":"status-publish","4":"has-post-thumbnail","6":"product_brand-relui-bel_by","7":"product_cat-bez-kategorijas","9":"first","10":"outofstock","11":"taxable","12":"shipping-taxable","13":"product-type-simple"},"_links":{"self":[{"href":"https:\/\/e.kosmolat.eu\/lv\/wp-json\/wp\/v2\/product\/54819","targetHints":{"allow":["GET"]}}],"collection":[{"href":"https:\/\/e.kosmolat.eu\/lv\/wp-json\/wp\/v2\/product"}],"about":[{"href":"https:\/\/e.kosmolat.eu\/lv\/wp-json\/wp\/v2\/types\/product"}],"wp:featuredmedia":[{"embeddable":true,"href":"https:\/\/e.kosmolat.eu\/lv\/wp-json\/wp\/v2\/media\/101254"}],"wp:attachment":[{"href":"https:\/\/e.kosmolat.eu\/lv\/wp-json\/wp\/v2\/media?parent=54819"}],"wp:term":[{"taxonomy":"product_cat","embeddable":true,"href":"https:\/\/e.kosmolat.eu\/lv\/wp-json\/wp\/v2\/product_cat?post=54819"},{"taxonomy":"product_tag","embeddable":true,"href":"https:\/\/e.kosmolat.eu\/lv\/wp-json\/wp\/v2\/product_tag?post=54819"}],"curies":[{"name":"wp","href":"https:\/\/api.w.org\/{rel}","templated":true}]}}