{"id":54811,"date":"2024-07-27T22:56:01","date_gmt":"2024-07-27T22:56:01","guid":{"rendered":"https:\/\/e.kosmolat.eu\/product\/relouis-pro-highlighter-kompakts-hailaiteris-02-tonis-champagne-4-g\/"},"modified":"2025-03-28T08:00:27","modified_gmt":"2025-03-28T08:00:27","slug":"relouis-pro-02-highlighter-kompakts-hailaiteris-champagne-4-g","status":"publish","type":"product","link":"https:\/\/e.kosmolat.eu\/lv\/product\/relouis-pro-02-highlighter-kompakts-hailaiteris-champagne-4-g\/","title":{"rendered":"RELOUIS PRO 02 Highlighter Kompakts hailaiteris,  Champagne, 4 g"},"content":{"rendered":"<p>Lieto\u0161ana: uzkl\u0101t ar \u043etu uz viet\u0101m, kuras nepiecie\u0161ams izcelt, maigi izpludin\u0101t.<\/p>\n<p>Uzglab\u0101t temperat\u016br\u0101 no 0\u00b0C l\u012bdz +25\u00b0C.<\/p>\n","protected":false},"excerpt":{"rendered":"<p>Lieto\u0161ana: uzkl\u0101t ar \u043etu uz viet\u0101m, kuras nepiecie\u0161ams izcelt, maigi izpludin\u0101t. Uzglab\u0101t temperat\u016br\u0101 no 0\u00b0C l\u012bdz +25\u00b0C.<\/p>\n","protected":false},"featured_media":54815,"template":"","meta":[],"product_cat":[1487],"product_tag":[],"class_list":{"0":"post-54811","1":"product","2":"type-product","3":"status-publish","4":"has-post-thumbnail","6":"product_brand-relui-bel_by","7":"product_cat-pudros","9":"first","10":"instock","11":"taxable","12":"shipping-taxable","13":"product-type-simple"},"_links":{"self":[{"href":"https:\/\/e.kosmolat.eu\/lv\/wp-json\/wp\/v2\/product\/54811","targetHints":{"allow":["GET"]}}],"collection":[{"href":"https:\/\/e.kosmolat.eu\/lv\/wp-json\/wp\/v2\/product"}],"about":[{"href":"https:\/\/e.kosmolat.eu\/lv\/wp-json\/wp\/v2\/types\/product"}],"wp:featuredmedia":[{"embeddable":true,"href":"https:\/\/e.kosmolat.eu\/lv\/wp-json\/wp\/v2\/media\/54815"}],"wp:attachment":[{"href":"https:\/\/e.kosmolat.eu\/lv\/wp-json\/wp\/v2\/media?parent=54811"}],"wp:term":[{"taxonomy":"product_cat","embeddable":true,"href":"https:\/\/e.kosmolat.eu\/lv\/wp-json\/wp\/v2\/product_cat?post=54811"},{"taxonomy":"product_tag","embeddable":true,"href":"https:\/\/e.kosmolat.eu\/lv\/wp-json\/wp\/v2\/product_tag?post=54811"}],"curies":[{"name":"wp","href":"https:\/\/api.w.org\/{rel}","templated":true}]}}