{"id":54803,"date":"2024-07-27T22:50:45","date_gmt":"2024-07-27T22:50:45","guid":{"rendered":"https:\/\/e.kosmolat.eu\/product\/relouis-pro-highlighter-kompakts-hailaiteris-01-tonis-pearl-4-g\/"},"modified":"2025-05-12T11:11:43","modified_gmt":"2025-05-12T11:11:43","slug":"relouis-pro-01-highlighter-kompakts-hailaiteris-pearl-4-g","status":"publish","type":"product","link":"https:\/\/e.kosmolat.eu\/lv\/product\/relouis-pro-01-highlighter-kompakts-hailaiteris-pearl-4-g\/","title":{"rendered":"RELOUIS PRO 01 Highlighter Kompakts hailaiteris,  Pearl, 4 g"},"content":{"rendered":"<p>Lieto\u0161ana: uzkl\u0101t ar \u043etu uz viet\u0101m, kuras nepiecie\u0161ams izcelt, maigi izpludin\u0101t.<\/p>\n<p>Uzglab\u0101t temperat\u016br\u0101 no 0\u00b0C l\u012bdz +25\u00b0C.<\/p>\n","protected":false},"excerpt":{"rendered":"<p>Lieto\u0161ana: uzkl\u0101t ar \u043etu uz viet\u0101m, kuras nepiecie\u0161ams izcelt, maigi izpludin\u0101t. Uzglab\u0101t temperat\u016br\u0101 no 0\u00b0C l\u012bdz +25\u00b0C.<\/p>\n","protected":false},"featured_media":54807,"template":"","meta":[],"product_cat":[1485],"product_tag":[],"class_list":{"0":"post-54803","1":"product","2":"type-product","3":"status-publish","4":"has-post-thumbnail","6":"product_brand-relui-bel_by","7":"product_cat-puderi","9":"first","10":"outofstock","11":"taxable","12":"shipping-taxable","13":"product-type-simple"},"_links":{"self":[{"href":"https:\/\/e.kosmolat.eu\/lv\/wp-json\/wp\/v2\/product\/54803","targetHints":{"allow":["GET"]}}],"collection":[{"href":"https:\/\/e.kosmolat.eu\/lv\/wp-json\/wp\/v2\/product"}],"about":[{"href":"https:\/\/e.kosmolat.eu\/lv\/wp-json\/wp\/v2\/types\/product"}],"wp:featuredmedia":[{"embeddable":true,"href":"https:\/\/e.kosmolat.eu\/lv\/wp-json\/wp\/v2\/media\/54807"}],"wp:attachment":[{"href":"https:\/\/e.kosmolat.eu\/lv\/wp-json\/wp\/v2\/media?parent=54803"}],"wp:term":[{"taxonomy":"product_cat","embeddable":true,"href":"https:\/\/e.kosmolat.eu\/lv\/wp-json\/wp\/v2\/product_cat?post=54803"},{"taxonomy":"product_tag","embeddable":true,"href":"https:\/\/e.kosmolat.eu\/lv\/wp-json\/wp\/v2\/product_tag?post=54803"}],"curies":[{"name":"wp","href":"https:\/\/api.w.org\/{rel}","templated":true}]}}