{"id":54747,"date":"2024-07-27T20:02:24","date_gmt":"2024-07-27T20:02:24","guid":{"rendered":"https:\/\/e.kosmolat.eu\/product\/relouis-pro-facebody-foundat-24h-spf-30-tonal-kr-tonis-1%d1%81-gaiss-auksts-30-ml\/"},"modified":"2025-03-24T06:37:36","modified_gmt":"2025-03-24T06:37:36","slug":"relouis-pro-facebody-foundat-24h-spf-30-tonal-kr-tonis-1%d1%81-gaiss-auksts-30-ml","status":"publish","type":"product","link":"https:\/\/e.kosmolat.eu\/lv\/product\/relouis-pro-facebody-foundat-24h-spf-30-tonal-kr-tonis-1%d1%81-gaiss-auksts-30-ml\/","title":{"rendered":"RELOUIS PRO Face&#038;Body Foundat. 24H SPF 30 Ton\u0101l. kr, tonis 1\u0421 gai\u0161s auksts, 30 ml"},"content":{"rendered":"<p>Gai\u0161i b\u0113\u0161a kr\u0101sa ar v\u0113su pieska\u0146u.<\/p>\n<p>\u0160\u0137idrais ton\u0101lais kr\u0113ms ar SPF 30 un \u0113rtu tekst\u016bru ir piem\u0113rots jebkuram \u0101das tipam. Tas nodro\u0161ina dabisku mat\u0113tu fini\u0161u un notur\u012bbu l\u012bdz 24 stund\u0101m. Ide\u0101li izl\u012bdzina sejas un \u0137erme\u0146a \u0101das tekst\u016bru un toni, k\u0101 ar\u012b pasl\u0113pj visas \u0101das nepiln\u012bbas. Kr\u0113ms ir viegli uzkl\u0101jams un sl\u0101\u0146ojams, nodro\u0161inot vid\u0113ju vai piln\u012bgu p\u0101rkl\u0101jumu. Nesatur miner\u0101le\u013c\u013cas.<\/p>\n<p>Lieto\u0161ana: pirms lieto\u0161anas sakratiet pudeli. Uzkl\u0101jiet kr\u0113mu ar mitru s\u016bkli vai otu uz sejas un\/vai atkl\u0101taj\u0101m \u0137erme\u0146a zon\u0101m un vienm\u0113r\u012bgi sadaliet.<\/p>\n<p>Uzglab\u0101t temperat\u016br\u0101 no +5\u00b0C l\u012bdz +25\u00b0C.<\/p>\n","protected":false},"excerpt":{"rendered":"<p>Gai\u0161i b\u0113\u0161a kr\u0101sa ar v\u0113su pieska\u0146u. \u0160\u0137idrais ton\u0101lais kr\u0113ms ar SPF 30 un \u0113rtu tekst\u016bru ir piem\u0113rots jebkuram \u0101das tipam. Tas nodro\u0161ina dabisku mat\u0113tu fini\u0161u un notur\u012bbu l\u012bdz 24 stund\u0101m. Ide\u0101li izl\u012bdzina sejas un \u0137erme\u0146a \u0101das tekst\u016bru un toni, k\u0101 ar\u012b pasl\u0113pj visas \u0101das nepiln\u012bbas. Kr\u0113ms ir viegli uzkl\u0101jams un sl\u0101\u0146ojams, nodro\u0161inot vid\u0113ju vai piln\u012bgu [&#8230;]\n","protected":false},"featured_media":54751,"template":"","meta":[],"product_cat":[1289],"product_tag":[],"class_list":{"0":"post-54747","1":"product","2":"type-product","3":"status-publish","4":"has-post-thumbnail","6":"product_brand-relui-bel_by","7":"product_cat-grima-pamats","9":"first","10":"outofstock","11":"taxable","12":"shipping-taxable","13":"product-type-simple"},"_links":{"self":[{"href":"https:\/\/e.kosmolat.eu\/lv\/wp-json\/wp\/v2\/product\/54747","targetHints":{"allow":["GET"]}}],"collection":[{"href":"https:\/\/e.kosmolat.eu\/lv\/wp-json\/wp\/v2\/product"}],"about":[{"href":"https:\/\/e.kosmolat.eu\/lv\/wp-json\/wp\/v2\/types\/product"}],"wp:featuredmedia":[{"embeddable":true,"href":"https:\/\/e.kosmolat.eu\/lv\/wp-json\/wp\/v2\/media\/54751"}],"wp:attachment":[{"href":"https:\/\/e.kosmolat.eu\/lv\/wp-json\/wp\/v2\/media?parent=54747"}],"wp:term":[{"taxonomy":"product_cat","embeddable":true,"href":"https:\/\/e.kosmolat.eu\/lv\/wp-json\/wp\/v2\/product_cat?post=54747"},{"taxonomy":"product_tag","embeddable":true,"href":"https:\/\/e.kosmolat.eu\/lv\/wp-json\/wp\/v2\/product_tag?post=54747"}],"curies":[{"name":"wp","href":"https:\/\/api.w.org\/{rel}","templated":true}]}}