{"id":54699,"date":"2024-07-27T18:52:18","date_gmt":"2024-07-27T18:52:18","guid":{"rendered":"https:\/\/e.kosmolat.eu\/product\/relouis-pro-blush-duo-kompakts-vaigu-sartums-tonis-205-5-g\/"},"modified":"2025-06-03T14:01:02","modified_gmt":"2025-06-03T14:01:02","slug":"relouis-pro-205-blush-duo-kompakts-vaigu-sartums-5-g","status":"publish","type":"product","link":"https:\/\/e.kosmolat.eu\/lv\/product\/relouis-pro-205-blush-duo-kompakts-vaigu-sartums-5-g\/","title":{"rendered":"RELOUIS PRO 205 Blush Duo Kompakts vaigu s\u0101rtums,  5 g"},"content":{"rendered":"<p>Lieto\u0161ana: uzkl\u0101t vaigu s\u0101rtumu ar otu uz vaigu kauliem un vaigiem, izpludin\u0101t.<\/p>\n<p>Uzglab\u0101t temperat\u016br\u0101 no 0\u00b0C l\u012bdz +25\u00b0C.<\/p>\n","protected":false},"excerpt":{"rendered":"<p>Lieto\u0161ana: uzkl\u0101t vaigu s\u0101rtumu ar otu uz vaigu kauliem un vaigiem, izpludin\u0101t. Uzglab\u0101t temperat\u016br\u0101 no 0\u00b0C l\u012bdz +25\u00b0C.<\/p>\n","protected":false},"featured_media":54703,"template":"","meta":[],"product_cat":[1495],"product_tag":[],"class_list":{"0":"post-54699","1":"product","2":"type-product","3":"status-publish","4":"has-post-thumbnail","6":"product_brand-relui-bel_by","7":"product_cat-vaigu-sartumi","9":"first","10":"outofstock","11":"taxable","12":"shipping-taxable","13":"product-type-simple"},"_links":{"self":[{"href":"https:\/\/e.kosmolat.eu\/lv\/wp-json\/wp\/v2\/product\/54699","targetHints":{"allow":["GET"]}}],"collection":[{"href":"https:\/\/e.kosmolat.eu\/lv\/wp-json\/wp\/v2\/product"}],"about":[{"href":"https:\/\/e.kosmolat.eu\/lv\/wp-json\/wp\/v2\/types\/product"}],"wp:featuredmedia":[{"embeddable":true,"href":"https:\/\/e.kosmolat.eu\/lv\/wp-json\/wp\/v2\/media\/54703"}],"wp:attachment":[{"href":"https:\/\/e.kosmolat.eu\/lv\/wp-json\/wp\/v2\/media?parent=54699"}],"wp:term":[{"taxonomy":"product_cat","embeddable":true,"href":"https:\/\/e.kosmolat.eu\/lv\/wp-json\/wp\/v2\/product_cat?post=54699"},{"taxonomy":"product_tag","embeddable":true,"href":"https:\/\/e.kosmolat.eu\/lv\/wp-json\/wp\/v2\/product_tag?post=54699"}],"curies":[{"name":"wp","href":"https:\/\/api.w.org\/{rel}","templated":true}]}}