{"id":54659,"date":"2024-07-27T17:54:19","date_gmt":"2024-07-27T17:54:19","guid":{"rendered":"https:\/\/e.kosmolat.eu\/product\/relouis-pro-all-in-one-liquid-blush-skid-vaigu-sartums-tonis-03-nectarine-3-5-g\/"},"modified":"2025-03-01T16:54:50","modified_gmt":"2025-03-01T16:54:50","slug":"relouis-pro-03-all-in-one-liquid-blush-skid-vaigu-sartums-nectarine-3-5-g","status":"publish","type":"product","link":"https:\/\/e.kosmolat.eu\/lv\/product\/relouis-pro-03-all-in-one-liquid-blush-skid-vaigu-sartums-nectarine-3-5-g\/","title":{"rendered":"RELOUIS PRO 03 All-in-One Liquid Blush \u0161\u0137id. vaigu s\u0101rtums, Nectarine, 3.5 g"},"content":{"rendered":"<p>L\u016bp\u0101m, vaigiem un ac\u012bm; kr\u0113m\u012bga z\u012bdaina tekst\u016bra; viegli izpludin\u0101s; sat\u012bna fini\u0161s; dabisks efekts; baro\u0161ana, mitrin\u0101\u0161ana un komforts.<\/p>\n<p>Lieto\u0161ana: s\u0101rtumu uzkl\u0101t ar aplikatoru uz vaigiem un\/vai ac\u012bm, l\u016bp\u0101m,  izpludin\u0101t ar pirkstu galiem (otu, s\u016bkli).<\/p>\n<p>Uzglab\u0101t temperat\u016br\u0101 no +10\u00b0C l\u012bdz +25\u00b0C.<\/p>\n","protected":false},"excerpt":{"rendered":"<p>L\u016bp\u0101m, vaigiem un ac\u012bm; kr\u0113m\u012bga z\u012bdaina tekst\u016bra; viegli izpludin\u0101s; sat\u012bna fini\u0161s; dabisks efekts; baro\u0161ana, mitrin\u0101\u0161ana un komforts. Lieto\u0161ana: s\u0101rtumu uzkl\u0101t ar aplikatoru uz vaigiem un\/vai ac\u012bm, l\u016bp\u0101m, izpludin\u0101t ar pirkstu galiem (otu, s\u016bkli). Uzglab\u0101t temperat\u016br\u0101 no +10\u00b0C l\u012bdz +25\u00b0C.<\/p>\n","protected":false},"featured_media":54663,"template":"","meta":[],"product_cat":[1496],"product_tag":[],"class_list":{"0":"post-54659","1":"product","2":"type-product","3":"status-publish","4":"has-post-thumbnail","6":"product_brand-relui-bel_by","7":"product_cat-1496","9":"first","10":"instock","11":"taxable","12":"shipping-taxable","13":"product-type-simple"},"_links":{"self":[{"href":"https:\/\/e.kosmolat.eu\/lv\/wp-json\/wp\/v2\/product\/54659","targetHints":{"allow":["GET"]}}],"collection":[{"href":"https:\/\/e.kosmolat.eu\/lv\/wp-json\/wp\/v2\/product"}],"about":[{"href":"https:\/\/e.kosmolat.eu\/lv\/wp-json\/wp\/v2\/types\/product"}],"wp:featuredmedia":[{"embeddable":true,"href":"https:\/\/e.kosmolat.eu\/lv\/wp-json\/wp\/v2\/media\/54663"}],"wp:attachment":[{"href":"https:\/\/e.kosmolat.eu\/lv\/wp-json\/wp\/v2\/media?parent=54659"}],"wp:term":[{"taxonomy":"product_cat","embeddable":true,"href":"https:\/\/e.kosmolat.eu\/lv\/wp-json\/wp\/v2\/product_cat?post=54659"},{"taxonomy":"product_tag","embeddable":true,"href":"https:\/\/e.kosmolat.eu\/lv\/wp-json\/wp\/v2\/product_tag?post=54659"}],"curies":[{"name":"wp","href":"https:\/\/api.w.org\/{rel}","templated":true}]}}