{"id":54363,"date":"2024-07-27T10:38:42","date_gmt":"2024-07-27T10:38:42","guid":{"rendered":"https:\/\/e.kosmolat.eu\/product\/relouis-maigas-lupas-higien-lupu-krasa-ar-roza-nokrasu-3-4-g\/"},"modified":"2025-07-07T05:52:21","modified_gmt":"2025-07-07T05:52:21","slug":"relouis-maigas-lupas-higien-lupu-krasa-ar-roza-nokrasu-3-4-g","status":"publish","type":"product","link":"https:\/\/e.kosmolat.eu\/lv\/product\/relouis-maigas-lupas-higien-lupu-krasa-ar-roza-nokrasu-3-4-g\/","title":{"rendered":"RELOUIS Maig\u0101s l\u016bpas Higi\u0113n. l\u016bpu kr\u0101sa ar roz\u0101 nokr\u0101su, 3.4 g"},"content":{"rendered":"<p>Lieto\u0161ana: uzkl\u0101t uz l\u016bp\u0101m.<\/p>\n<p>Uzglab\u0101t temperat\u016br\u0101 no 0 \u00b0\u0421 l\u012bdz +25 \u00b0\u0421.<\/p>\n","protected":false},"excerpt":{"rendered":"<p>Lieto\u0161ana: uzkl\u0101t uz l\u016bp\u0101m. Uzglab\u0101t temperat\u016br\u0101 no 0 \u00b0\u0421 l\u012bdz +25 \u00b0\u0421.<\/p>\n","protected":false},"featured_media":54367,"template":"","meta":[],"product_cat":[1999],"product_tag":[],"class_list":{"0":"post-54363","1":"product","2":"type-product","3":"status-publish","4":"has-post-thumbnail","6":"product_brand-relui-bel_by","7":"product_cat-bez-kategorijas","9":"first","10":"outofstock","11":"taxable","12":"shipping-taxable","13":"product-type-simple"},"_links":{"self":[{"href":"https:\/\/e.kosmolat.eu\/lv\/wp-json\/wp\/v2\/product\/54363","targetHints":{"allow":["GET"]}}],"collection":[{"href":"https:\/\/e.kosmolat.eu\/lv\/wp-json\/wp\/v2\/product"}],"about":[{"href":"https:\/\/e.kosmolat.eu\/lv\/wp-json\/wp\/v2\/types\/product"}],"wp:featuredmedia":[{"embeddable":true,"href":"https:\/\/e.kosmolat.eu\/lv\/wp-json\/wp\/v2\/media\/54367"}],"wp:attachment":[{"href":"https:\/\/e.kosmolat.eu\/lv\/wp-json\/wp\/v2\/media?parent=54363"}],"wp:term":[{"taxonomy":"product_cat","embeddable":true,"href":"https:\/\/e.kosmolat.eu\/lv\/wp-json\/wp\/v2\/product_cat?post=54363"},{"taxonomy":"product_tag","embeddable":true,"href":"https:\/\/e.kosmolat.eu\/lv\/wp-json\/wp\/v2\/product_tag?post=54363"}],"curies":[{"name":"wp","href":"https:\/\/api.w.org\/{rel}","templated":true}]}}