{"id":54107,"date":"2024-07-26T15:12:37","date_gmt":"2024-07-26T15:12:37","guid":{"rendered":"https:\/\/e.kosmolat.eu\/?post_type=product&#038;p=54107"},"modified":"2026-04-01T11:23:25","modified_gmt":"2026-04-01T11:23:25","slug":"suelo-pavimenti-gridas-tiris-lidz-sicilijas-citrons-1-l","status":"publish","type":"product","link":"https:\/\/e.kosmolat.eu\/lv\/product\/suelo-pavimenti-gridas-tiris-lidz-sicilijas-citrons-1-l\/","title":{"rendered":"SUELO PAVIMENTI Gr\u012bdas t\u012br\u012b\u0161. l\u012bdz. Sic\u012blijas citrons, 1 l"},"content":{"rendered":"<p>Daudzfunkcion\u0101ls t\u012br\u012b\u0161anas un attauko\u0161anas l\u012bdzeklis jebk\u0101diem net\u012brumiem. Atst\u0101j virsmas sp\u012bd\u012bgas. Ide\u0101li piem\u0113rots gr\u012bdu un visu mazg\u0101jamo virsmu ikdienas t\u012br\u012b\u0161anai.<\/p>\n<p>Liel\u0101m virsm\u0101m: At\u0161\u0137aid\u012bt 4-6 v\u0101ci\u0146us l\u012bdzek\u013ca 5 litros \u016bdens. Nav nepiecie\u0161ams noskalot. 1 v\u0101ci\u0146\u0161 = 28 ml.<br \/>\n\u013boti net\u012br\u0101m virsm\u0101m: Uzkl\u0101t da\u017eus pilienus l\u012bdzek\u013ca tie\u0161i uz net\u012brumiem. Nomazg\u0101t ar mitru dr\u0101nu. Virsmas, kas non\u0101k saskar\u0113 ar p\u0101rtiku, noskalot ar teko\u0161u \u016bdeni.<\/p>\n<p>Sast\u0101v\u0101: maz\u0101k par 5 % nejonu virsmakt\u012bvo vielu. Smar\u017eas un arom\u0101tisk\u0101s kompoz\u012bcijas\/ Geraniol, Limonene. Konservanti: Benzisothiazolinone\/ Methylchloroisothiazolinone\/ Methylisothiazolinone.<\/p>\n<p>EUH208 Satur: Metilhlorizotiazolinons un metilizotiazolinons. Var izrais\u012bt aler\u0123isku reakciju.<br \/>\nDro\u0161\u012bbas pras\u012bbu apz\u012bm\u0113jumi:<br \/>\nP101 Medic\u012bniska padoma nepiecie\u0161am\u012bbas gad\u012bjum\u0101 attiec\u012bg\u0101 inform\u0101cija ir nor\u0101d\u012bta uz iepakojuma vai eti\u0137etes.<br \/>\nP102 Sarg\u0101t no b\u0113rniem.<br \/>\nP103 Pirms izmanto\u0161anas izlas\u012bt eti\u0137eti.<\/p>\n","protected":false},"excerpt":{"rendered":"<p>Daudzfunkcion\u0101ls t\u012br\u012b\u0161anas un attauko\u0161anas l\u012bdzeklis jebk\u0101diem net\u012brumiem. Atst\u0101j virsmas sp\u012bd\u012bgas. Ide\u0101li piem\u0113rots gr\u012bdu un visu mazg\u0101jamo virsmu ikdienas t\u012br\u012b\u0161anai. Liel\u0101m virsm\u0101m: At\u0161\u0137aid\u012bt 4-6 v\u0101ci\u0146us l\u012bdzek\u013ca 5 litros \u016bdens. Nav nepiecie\u0161ams noskalot. 1 v\u0101ci\u0146\u0161 = 28 ml. \u013boti net\u012br\u0101m virsm\u0101m: Uzkl\u0101t da\u017eus pilienus l\u012bdzek\u013ca tie\u0161i uz net\u012brumiem. Nomazg\u0101t ar mitru dr\u0101nu. Virsmas, kas non\u0101k saskar\u0113 ar [&#8230;]\n","protected":false},"featured_media":100244,"template":"","meta":[],"product_cat":[1999],"product_tag":[],"class_list":{"0":"post-54107","1":"product","2":"type-product","3":"status-publish","4":"has-post-thumbnail","6":"product_brand-italchimica-it","7":"product_cat-bez-kategorijas","9":"first","10":"instock","11":"taxable","12":"shipping-taxable","13":"product-type-simple"},"_links":{"self":[{"href":"https:\/\/e.kosmolat.eu\/lv\/wp-json\/wp\/v2\/product\/54107","targetHints":{"allow":["GET"]}}],"collection":[{"href":"https:\/\/e.kosmolat.eu\/lv\/wp-json\/wp\/v2\/product"}],"about":[{"href":"https:\/\/e.kosmolat.eu\/lv\/wp-json\/wp\/v2\/types\/product"}],"wp:featuredmedia":[{"embeddable":true,"href":"https:\/\/e.kosmolat.eu\/lv\/wp-json\/wp\/v2\/media\/100244"}],"wp:attachment":[{"href":"https:\/\/e.kosmolat.eu\/lv\/wp-json\/wp\/v2\/media?parent=54107"}],"wp:term":[{"taxonomy":"product_cat","embeddable":true,"href":"https:\/\/e.kosmolat.eu\/lv\/wp-json\/wp\/v2\/product_cat?post=54107"},{"taxonomy":"product_tag","embeddable":true,"href":"https:\/\/e.kosmolat.eu\/lv\/wp-json\/wp\/v2\/product_tag?post=54107"}],"curies":[{"name":"wp","href":"https:\/\/api.w.org\/{rel}","templated":true}]}}