{"id":54064,"date":"2024-07-23T04:05:01","date_gmt":"2024-07-23T04:05:01","guid":{"rendered":"https:\/\/e.kosmolat.eu\/product\/i_dd-roku-krems-probiotikis-42-ml\/"},"modified":"2026-04-22T10:34:19","modified_gmt":"2026-04-22T10:34:19","slug":"the-dr-hc-roku-krems-probiotikis-42-ml","status":"publish","type":"product","link":"https:\/\/e.kosmolat.eu\/lv\/product\/the-dr-hc-roku-krems-probiotikis-42-ml\/","title":{"rendered":"The Dr. H&#038;C Roku kr\u0113ms &#8220;Probioti\u0137is&#8221;, 42 ml"},"content":{"rendered":"<p>Atjauno \u0101das aizsarg\u012bpa\u0161\u012bbas. Baro, mitrina, atbild par m\u012bkstumu, skaistumu un vesel\u012bgu roku \u0101das izskatu.<\/p>\n<p><p>Lieto\u0161ana: <\/p>\n<p>uzkl\u0101t uz t\u012bras sausas roku \u0101das.<\/p><\/p>\n","protected":false},"excerpt":{"rendered":"<p>Atjauno \u0101das aizsarg\u012bpa\u0161\u012bbas. Baro, mitrina, atbild par m\u012bkstumu, skaistumu un vesel\u012bgu roku \u0101das izskatu. Lieto\u0161ana: uzkl\u0101t uz t\u012bras sausas roku \u0101das.<\/p>\n","protected":false},"featured_media":85234,"template":"","meta":[],"product_cat":[1999],"product_tag":[],"class_list":{"0":"post-54064","1":"product","2":"type-product","3":"status-publish","4":"has-post-thumbnail","6":"product_brand-elfa_ua","7":"product_cat-bez-kategorijas","9":"first","10":"instock","11":"taxable","12":"shipping-taxable","13":"product-type-simple"},"_links":{"self":[{"href":"https:\/\/e.kosmolat.eu\/lv\/wp-json\/wp\/v2\/product\/54064","targetHints":{"allow":["GET"]}}],"collection":[{"href":"https:\/\/e.kosmolat.eu\/lv\/wp-json\/wp\/v2\/product"}],"about":[{"href":"https:\/\/e.kosmolat.eu\/lv\/wp-json\/wp\/v2\/types\/product"}],"wp:featuredmedia":[{"embeddable":true,"href":"https:\/\/e.kosmolat.eu\/lv\/wp-json\/wp\/v2\/media\/85234"}],"wp:attachment":[{"href":"https:\/\/e.kosmolat.eu\/lv\/wp-json\/wp\/v2\/media?parent=54064"}],"wp:term":[{"taxonomy":"product_cat","embeddable":true,"href":"https:\/\/e.kosmolat.eu\/lv\/wp-json\/wp\/v2\/product_cat?post=54064"},{"taxonomy":"product_tag","embeddable":true,"href":"https:\/\/e.kosmolat.eu\/lv\/wp-json\/wp\/v2\/product_tag?post=54064"}],"curies":[{"name":"wp","href":"https:\/\/api.w.org\/{rel}","templated":true}]}}