{"id":54051,"date":"2024-07-19T04:11:37","date_gmt":"2024-07-19T04:11:37","guid":{"rendered":"https:\/\/e.kosmolat.eu\/product\/7d-mbw-sildoss-pretcelulita-kermena-krems-chile-130-ml\/"},"modified":"2026-03-02T07:51:15","modified_gmt":"2026-03-02T07:51:15","slug":"7d-mbw-sildoss-pretcelulita-kermena-krems-chile-130-ml","status":"publish","type":"product","link":"https:\/\/e.kosmolat.eu\/lv\/product\/7d-mbw-sildoss-pretcelulita-kermena-krems-chile-130-ml\/","title":{"rendered":"7D MBW Sildo\u0161s pretcelul\u012bta \u0137erme\u0146a kr\u0113ms Chile, 130 ml"},"content":{"rendered":"<p>Kr\u0113ms 2in1 efekt\u012bvai c\u012b\u0146ai pret celul\u012btu pateicoties t\u0101 sildo&scaron;ai darb\u012bbai.<\/p>\n<p>1. Kr\u0113ms satur as\u0101 pipara ekstraktu, kas uzlabo mikrocirkul\u0101ciju, veicina tauku &scaron;\u0137el&scaron;anos un liek\u0101 &scaron;\u0137idruma izvad\u012b&scaron;anu no organisma. Ingvera ekstrakts sniedz liftinga efektu un paaugstina \u0101das tvirtumu.<\/p>\n<p>2. Mas\u0101\u017eas rull\u012btis Skin Workout \u0113rti un saudz\u012bgi iedarbojas uz problem\u0101tiskaj\u0101m zon\u0101m, pastiprina pretcelul\u012bta iedarb\u012bbu un veicina akt\u012bvo sast\u0101vda\u013cu iek\u013c\u016b&scaron;anu \u0101d\u0101.<\/p>\n<p><strong>Lieto&scaron;ana: <\/strong>pagrieziet uzga\u013ca apak&scaron;\u0113jo da\u013cu pulkste\u0146r\u0101d\u012bt\u0101ja virzien\u0101, lai atv\u0113rtu t\u016bbi\u0146u. \u0145emiet v\u0113r\u0101, ka padodam\u0101s \u017eelejas daudzums ir regul\u0113jams. Uzkl\u0101jiet l\u012bdzekli tie&scaron;i uz problem\u0101tiskaj\u0101m zon\u0101m. Aizveriet t\u016bbi\u0146u, pagrie\u017eot uzga\u013ca apak&scaron;\u0113jo da\u013cu pret\u012b pulkste\u0146r\u0101d\u012bt\u0101ja virzienam, l\u012bdz tas nofiks\u0113jas viet\u0101. Ar ap\u013cveida kust\u012bb\u0101m no aug&scaron;as uz leju, izmantojot mas\u0101\u017eas rull\u012bti, \u017eeleja j\u0101iemas\u0113 \u0137erme\u0146a \u0101d\u0101 10-15 min\u016btes. Nav nepiecie&scaron;ams noskalot.&nbsp;<\/p>\n<p><strong>Piesardz\u012bbas pas\u0101kumi: <\/strong>tikai \u0101r\u012bgai lieto&scaron;anai. Neizmantot atk\u0101rtoti. Izvair\u012bties no saskares ar ac\u012bm. Ja nok\u013c\u016bst ac\u012bs, nekav\u0113joties izskalot ar lielu daudzumu \u016bdens un, nepiecie&scaron;am\u012bbas gad\u012bjum\u0101, v\u0113rsties p\u0113c medic\u012bniskas pal\u012bdz\u012bbas. Neuzkl\u0101t uz boj\u0101tas \u0101das. Nelietot, ja ir paaugstin\u0101ta jut\u012bba pret k\u0101du no maskas sast\u0101vda\u013c\u0101m. P\u0101rtraukt lieto&scaron;anu, ja rodas kairin\u0101jums. Sarg\u0101t no b\u0113rniem. Uzglab\u0101t temperat\u016br\u0101 no +5&deg;C l\u012bdz +25&deg;C.<br \/>\n&nbsp;<\/p>\n","protected":false},"excerpt":{"rendered":"<p>Kr\u0113ms 2in1 efekt\u012bvai c\u012b\u0146ai pret celul\u012btu pateicoties t\u0101 sildo&scaron;ai darb\u012bbai. 1. Kr\u0113ms satur as\u0101 pipara ekstraktu, kas uzlabo mikrocirkul\u0101ciju, veicina tauku &scaron;\u0137el&scaron;anos un liek\u0101 &scaron;\u0137idruma izvad\u012b&scaron;anu no organisma. Ingvera ekstrakts sniedz liftinga efektu un paaugstina \u0101das tvirtumu. 2. Mas\u0101\u017eas rull\u012btis Skin Workout \u0113rti un saudz\u012bgi iedarbojas uz problem\u0101tiskaj\u0101m zon\u0101m, pastiprina pretcelul\u012bta iedarb\u012bbu un veicina akt\u012bvo [&#8230;]\n","protected":false},"featured_media":101326,"template":"","meta":[],"product_cat":[2182],"product_tag":[],"class_list":{"0":"post-54051","1":"product","2":"type-product","3":"status-publish","4":"has-post-thumbnail","6":"product_brand-7days_it","7":"product_cat-bez-kategorijas-ru","9":"first","10":"instock","11":"taxable","12":"shipping-taxable","13":"product-type-simple"},"_links":{"self":[{"href":"https:\/\/e.kosmolat.eu\/lv\/wp-json\/wp\/v2\/product\/54051","targetHints":{"allow":["GET"]}}],"collection":[{"href":"https:\/\/e.kosmolat.eu\/lv\/wp-json\/wp\/v2\/product"}],"about":[{"href":"https:\/\/e.kosmolat.eu\/lv\/wp-json\/wp\/v2\/types\/product"}],"wp:featuredmedia":[{"embeddable":true,"href":"https:\/\/e.kosmolat.eu\/lv\/wp-json\/wp\/v2\/media\/101326"}],"wp:attachment":[{"href":"https:\/\/e.kosmolat.eu\/lv\/wp-json\/wp\/v2\/media?parent=54051"}],"wp:term":[{"taxonomy":"product_cat","embeddable":true,"href":"https:\/\/e.kosmolat.eu\/lv\/wp-json\/wp\/v2\/product_cat?post=54051"},{"taxonomy":"product_tag","embeddable":true,"href":"https:\/\/e.kosmolat.eu\/lv\/wp-json\/wp\/v2\/product_tag?post=54051"}],"curies":[{"name":"wp","href":"https:\/\/api.w.org\/{rel}","templated":true}]}}