{"id":54021,"date":"2024-07-18T04:05:44","date_gmt":"2024-07-18T04:05:44","guid":{"rendered":"https:\/\/e.kosmolat.eu\/product\/%d0%b7%d0%b5e%d0%b5%d0%bda%d1%8f-a%d0%bf%d1%82%d0%b5%d0%baa-%d0%bcco%d0%b5ee%d1%8fs%d0%bdu%d0%b9-%d1%82%d0%be%d0%bdc%d0%ba-%d1%83%d0%b2eae%d0%bd%d1%8fz%d1%89c%d0%b9-250%d0%bce\/"},"modified":"2025-09-15T13:02:10","modified_gmt":"2025-09-15T13:02:10","slug":"i_za-micelarais-toniks-mitrin-ar-nomierinosu-iedarbibu-250-ml","status":"publish","type":"product","link":"https:\/\/e.kosmolat.eu\/lv\/product\/i_za-micelarais-toniks-mitrin-ar-nomierinosu-iedarbibu-250-ml\/","title":{"rendered":"I_ZA Micel\u0101rais toniks Mitrin. ar nomierino\u0161u iedarb\u012bbu, 250 ml"},"content":{"rendered":"<p>Piem\u0113rots visiem \u0101das tipiem, tai skait\u0101 jut\u012bgai \u0101dai. <\/p>\n<p>Satur 100% alvejas sulu, E vitam\u012bnu, miner\u0101lvielas, amaranta e\u013c\u013cu un magnolijas ekstraktu + nomierina \u0101du + sast\u0101v\u0101 eso\u0161\u0101s micellas att\u012bra \u0101du no net\u012brumiem lab\u0101k nek\u0101 parastie toniki. Nekairina acis un var tikt izmantots grima no\u0146em\u0161anai. Mitrina \u0101du 2 reizes vair\u0101k nek\u0101 micel\u0101rais \u016bdens. Pastiprina kr\u0113ma mitrino\u0161o iedarb\u012bbu un to nav nepiecie\u0161ams noskalot.<\/p>\n<p>Lieto\u0161ana: uzkl\u0101jiet uz vates diska un maigi iemas\u0113jiet sejas \u0101d\u0101 un \u0101d\u0101 ap ac\u012bm, gar mas\u0101\u017eas l\u012bnij\u0101m.<\/p>\n<p>Piesardz\u012bbas pas\u0101kumi: iesp\u0113jama atsevi\u0161\u0137u sast\u0101vda\u013cu individu\u0101la nepanesam\u012bba.<\/p>\n<p>Uzglab\u0101t temperat\u016br\u0101 no +5\u00b0C l\u012bdz + 25\u00b0C.<\/p>\n<p>Der\u012bguma termi\u0146\u0161: 24 m\u0113ne\u0161i no izgatavo\u0161anas datuma.<\/p>\n","protected":false},"excerpt":{"rendered":"<p>Piem\u0113rots visiem \u0101das tipiem, tai skait\u0101 jut\u012bgai \u0101dai. Satur 100% alvejas sulu, E vitam\u012bnu, miner\u0101lvielas, amaranta e\u013c\u013cu un magnolijas ekstraktu + nomierina \u0101du + sast\u0101v\u0101 eso\u0161\u0101s micellas att\u012bra \u0101du no net\u012brumiem lab\u0101k nek\u0101 parastie toniki. Nekairina acis un var tikt izmantots grima no\u0146em\u0161anai. Mitrina \u0101du 2 reizes vair\u0101k nek\u0101 micel\u0101rais \u016bdens. Pastiprina kr\u0113ma mitrino\u0161o iedarb\u012bbu [&#8230;]\n","protected":false},"featured_media":0,"template":"","meta":[],"product_cat":[1568],"product_tag":[],"class_list":{"0":"post-54021","1":"product","2":"type-product","3":"status-publish","5":"product_brand-elfa_ua","6":"product_cat-micelarais-udens","8":"first","9":"outofstock","10":"taxable","11":"shipping-taxable","12":"product-type-simple"},"_links":{"self":[{"href":"https:\/\/e.kosmolat.eu\/lv\/wp-json\/wp\/v2\/product\/54021","targetHints":{"allow":["GET"]}}],"collection":[{"href":"https:\/\/e.kosmolat.eu\/lv\/wp-json\/wp\/v2\/product"}],"about":[{"href":"https:\/\/e.kosmolat.eu\/lv\/wp-json\/wp\/v2\/types\/product"}],"wp:attachment":[{"href":"https:\/\/e.kosmolat.eu\/lv\/wp-json\/wp\/v2\/media?parent=54021"}],"wp:term":[{"taxonomy":"product_cat","embeddable":true,"href":"https:\/\/e.kosmolat.eu\/lv\/wp-json\/wp\/v2\/product_cat?post=54021"},{"taxonomy":"product_tag","embeddable":true,"href":"https:\/\/e.kosmolat.eu\/lv\/wp-json\/wp\/v2\/product_tag?post=54021"}],"curies":[{"name":"wp","href":"https:\/\/api.w.org\/{rel}","templated":true}]}}