{"id":54013,"date":"2024-07-18T04:04:03","date_gmt":"2024-07-18T04:04:03","guid":{"rendered":"https:\/\/e.kosmolat.eu\/product\/a%d0%be%d0%bcau%d0%bdc%d0%b9-a%d0%be%d0%ba%d1%82%d0%bes-%d1%81%d0%beeu-ae%d1%8f-%d0%b2a%d0%bd%d0%bd-%d0%bc%d0%bes%d1%81%d0%baa%d1%8f-%d1%81-%d1%8d%d1%84cs%d0%bdu%d0%bc-%d0%bca%d1%81e%d0%be%d0%bc\/"},"modified":"2026-03-31T12:59:45","modified_gmt":"2026-03-31T12:59:45","slug":"i_dd-vannas-sals-ar-kadika-eterisko-ellu-1000-g","status":"publish","type":"product","link":"https:\/\/e.kosmolat.eu\/lv\/product\/i_dd-vannas-sals-ar-kadika-eterisko-ellu-1000-g\/","title":{"rendered":"I_DD Vannas s\u0101ls ar kadi\u0137a \u0113terisko e\u013c\u013cu, 1000 g"},"content":{"rendered":"<p>Pateicoties kadi\u0137a ekstraktam un \u0113teriskajai e\u013c\u013cai, k\u0101 ar\u012b dab\u012bgajam j\u016bras s\u0101lim, vanno\u0161an\u0101s relaks\u0113 un pozit\u012bvi ietekm\u0113 emocion\u0101lo st\u0101vokli.<\/p>\n<p>J\u016bras s\u0101ls satur augstu vesel\u012bga \u0101das st\u0101vok\u013ca uztur\u0113\u0161anai nepiecie\u0161amo mikro un makroelementu koncentr\u0101ciju:<br \/>\n\u2022 K\u0101lijs un n\u0101trijs \u2013 regul\u0113 mitruma l\u012bmeni \u0101das \u0161\u016bn\u0101s;<br \/>\n\u2022 Kalcijs \u2013 palielina elast\u012bbu un tvirtumu;<br \/>\n\u2022 Magnijs \u2013 pal\u0113nina noveco\u0161an\u0101s procesus;<br \/>\n\u2022 Dzelzs \u2013 atjauno \u0101das tonusu;<br \/>\n\u2022 Sulf\u0101ta joni \u2013 uzlabo \u0101das kr\u0101su.<\/p>\n<p>Lieto\u0161ana: 100 g s\u0101ls iz\u0161\u0137\u012bdin\u0101t silt\u0101 \u016bden\u012b. Lab\u0101kai balneolo\u0123iskai iedarb\u012bbai vienai vannai iz\u0161\u0137\u012bdin\u0101t l\u012bdz 500 g s\u0101ls. Vannoties 15-20 min\u016btes \u016bden\u012b ar temperat\u016bru 35-39 \u00b0\u0421 katru dienu vai katru otro dienu. P\u0113c proced\u016bras noskalot \u0101du ar t\u012bru \u016bdeni. Ieteicams veikt 10-15 proced\u016bras.<\/p>\n<p>Piesardz\u012bbas pas\u0101kumi: izvairieties no saskares ar ac\u012bm. Ja l\u012bdzeklis iek\u013c\u016bst ac\u012bs, nekav\u0113joties izskalojiet t\u0101s ar \u016bdeni. Nelietot p\u0101rtik\u0101. Iesp\u0113jama paaugstin\u0101ta individu\u0101l\u0101 jut\u012bba pret atsevi\u0161\u0137\u0101m sast\u0101vda\u013c\u0101m.<\/p>\n<p>Uzglab\u0101t temperat\u016br\u0101 no +5 \u00b0C l\u012bdz +25 \u00b0C.<\/p>\n<p>Der\u012bguma temi\u0146\u0161: 36 m\u0113ne\u0161i no izgatavo\u0161anas datuma.<\/p>\n","protected":false},"excerpt":{"rendered":"<p>Pateicoties kadi\u0137a ekstraktam un \u0113teriskajai e\u013c\u013cai, k\u0101 ar\u012b dab\u012bgajam j\u016bras s\u0101lim, vanno\u0161an\u0101s relaks\u0113 un pozit\u012bvi ietekm\u0113 emocion\u0101lo st\u0101vokli. J\u016bras s\u0101ls satur augstu vesel\u012bga \u0101das st\u0101vok\u013ca uztur\u0113\u0161anai nepiecie\u0161amo mikro un makroelementu koncentr\u0101ciju: \u2022 K\u0101lijs un n\u0101trijs \u2013 regul\u0113 mitruma l\u012bmeni \u0101das \u0161\u016bn\u0101s; \u2022 Kalcijs \u2013 palielina elast\u012bbu un tvirtumu; \u2022 Magnijs \u2013 pal\u0113nina noveco\u0161an\u0101s procesus; \u2022 [&#8230;]\n","protected":false},"featured_media":98547,"template":"","meta":[],"product_cat":[1610],"product_tag":[],"class_list":{"0":"post-54013","1":"product","2":"type-product","3":"status-publish","4":"has-post-thumbnail","6":"product_brand-elfa_ua","7":"product_cat-vannas-putas-sali-bumbas","9":"first","10":"outofstock","11":"taxable","12":"shipping-taxable","13":"product-type-simple"},"_links":{"self":[{"href":"https:\/\/e.kosmolat.eu\/lv\/wp-json\/wp\/v2\/product\/54013","targetHints":{"allow":["GET"]}}],"collection":[{"href":"https:\/\/e.kosmolat.eu\/lv\/wp-json\/wp\/v2\/product"}],"about":[{"href":"https:\/\/e.kosmolat.eu\/lv\/wp-json\/wp\/v2\/types\/product"}],"wp:featuredmedia":[{"embeddable":true,"href":"https:\/\/e.kosmolat.eu\/lv\/wp-json\/wp\/v2\/media\/98547"}],"wp:attachment":[{"href":"https:\/\/e.kosmolat.eu\/lv\/wp-json\/wp\/v2\/media?parent=54013"}],"wp:term":[{"taxonomy":"product_cat","embeddable":true,"href":"https:\/\/e.kosmolat.eu\/lv\/wp-json\/wp\/v2\/product_cat?post=54013"},{"taxonomy":"product_tag","embeddable":true,"href":"https:\/\/e.kosmolat.eu\/lv\/wp-json\/wp\/v2\/product_tag?post=54013"}],"curies":[{"name":"wp","href":"https:\/\/api.w.org\/{rel}","templated":true}]}}