{"id":54005,"date":"2024-07-18T04:02:30","date_gmt":"2024-07-18T04:02:30","guid":{"rendered":"https:\/\/e.kosmolat.eu\/product\/a%d0%be%d0%bcau%d0%bdc%d0%b9-a%d0%be%d0%ba%d1%82%d0%bes-%d1%81%d0%beeu-ae%d1%8f-%d0%b2a%d0%bd%d0%bd-%d0%bc%d0%bes%d1%81%d0%baa%d1%8f-%d1%81-%d0%bcan%d0%bd%d0%b5%d0%b7c%d0%b5%d0%b9-1000-n\/"},"modified":"2026-03-31T12:59:30","modified_gmt":"2026-03-31T12:59:30","slug":"i_dd-vannas-sals-ar-magneziju-1000-g","status":"publish","type":"product","link":"https:\/\/e.kosmolat.eu\/lv\/product\/i_dd-vannas-sals-ar-magneziju-1000-g\/","title":{"rendered":"I_DD Vannas s\u0101ls ar magn\u0113ziju, 1000 g"},"content":{"rendered":"<p>Regul\u0101ra vanno\u0161an\u0101s ar dab\u012bgu j\u016bras s\u0101li un magn\u0113ziju pozit\u012bvi ietekm\u0113 \u0101du un organismu kopum\u0101 \u2013 uzlabo \u0101das un emocion\u0101lo st\u0101vokli.<\/p>\n<p>\u2022 J\u016bras s\u0101ls satur augstu vesel\u012bga \u0101das st\u0101vok\u013ca uztur\u0113\u0161anai nepiecie\u0161amo mikro un makroelementu koncentr\u0101ciju:<br \/>\n\u2022 K\u0101lijs un n\u0101trijs \u2013 regul\u0113 mitruma l\u012bmeni \u0101das \u0161\u016bn\u0101s;<br \/>\n\u2022 Kalcijs \u2013 palielina elast\u012bbu un tvirtumu;<br \/>\n\u2022 Magnijs \u2013 pal\u0113nina noveco\u0161an\u0101s procesus;<br \/>\n\u2022 Dzelzs \u2013 atjauno \u0101das tonusu;<br \/>\n\u2022 Sulf\u0101ta joni \u2013 uzlabo \u0101das kr\u0101su.<\/p>\n<p>Lieto\u0161ana: iz\u0161\u0137\u012bdiniet 100 g s\u0101ls silt\u0101 \u016bden\u012b. Izteiktas balneolo\u0123iskas iedarb\u012bbas sasnieg\u0161anai vien\u0101 vann\u0101 iz\u0161\u0137\u012bdiniet l\u012bdz 500 g s\u0101ls. Vannoties 15-20 min\u016btes, p\u0113c tam noskalojiet \u0101du ar \u016bdeni, noslaukiet \u0101du ar dvieli un uzkl\u0101jiet mitrino\u0161u kr\u0113mu vai losjonu.<\/p>\n<p>Piesardz\u012bbas pas\u0101kumi: izvairieties no saskares ar ac\u012bm. Ja l\u012bdzeklis iek\u013c\u016bst ac\u012bs, nekav\u0113joties izskalojiet ar \u016bdeni. Nelietot p\u0101rtik\u0101. Iesp\u0113jama paaugstin\u0101ta individu\u0101l\u0101 jut\u012bba pret atsevi\u0161\u0137\u0101m sast\u0101vda\u013c\u0101m.<\/p>\n<p>Uzglab\u0101t temperat\u016br\u0101 no +5 \u00b0C l\u012bdz +25 \u00b0C.<\/p>\n<p>Der\u012bguma temi\u0146\u0161: 36 m\u0113ne\u0161i no izgatavo\u0161anas datuma.<\/p>\n","protected":false},"excerpt":{"rendered":"<p>Regul\u0101ra vanno\u0161an\u0101s ar dab\u012bgu j\u016bras s\u0101li un magn\u0113ziju pozit\u012bvi ietekm\u0113 \u0101du un organismu kopum\u0101 \u2013 uzlabo \u0101das un emocion\u0101lo st\u0101vokli. \u2022 J\u016bras s\u0101ls satur augstu vesel\u012bga \u0101das st\u0101vok\u013ca uztur\u0113\u0161anai nepiecie\u0161amo mikro un makroelementu koncentr\u0101ciju: \u2022 K\u0101lijs un n\u0101trijs \u2013 regul\u0113 mitruma l\u012bmeni \u0101das \u0161\u016bn\u0101s; \u2022 Kalcijs \u2013 palielina elast\u012bbu un tvirtumu; \u2022 Magnijs \u2013 pal\u0113nina [&#8230;]\n","protected":false},"featured_media":97623,"template":"","meta":[],"product_cat":[1610],"product_tag":[],"class_list":{"0":"post-54005","1":"product","2":"type-product","3":"status-publish","4":"has-post-thumbnail","6":"product_brand-elfa_ua","7":"product_cat-vannas-putas-sali-bumbas","9":"first","10":"outofstock","11":"taxable","12":"shipping-taxable","13":"product-type-simple"},"_links":{"self":[{"href":"https:\/\/e.kosmolat.eu\/lv\/wp-json\/wp\/v2\/product\/54005","targetHints":{"allow":["GET"]}}],"collection":[{"href":"https:\/\/e.kosmolat.eu\/lv\/wp-json\/wp\/v2\/product"}],"about":[{"href":"https:\/\/e.kosmolat.eu\/lv\/wp-json\/wp\/v2\/types\/product"}],"wp:featuredmedia":[{"embeddable":true,"href":"https:\/\/e.kosmolat.eu\/lv\/wp-json\/wp\/v2\/media\/97623"}],"wp:attachment":[{"href":"https:\/\/e.kosmolat.eu\/lv\/wp-json\/wp\/v2\/media?parent=54005"}],"wp:term":[{"taxonomy":"product_cat","embeddable":true,"href":"https:\/\/e.kosmolat.eu\/lv\/wp-json\/wp\/v2\/product_cat?post=54005"},{"taxonomy":"product_tag","embeddable":true,"href":"https:\/\/e.kosmolat.eu\/lv\/wp-json\/wp\/v2\/product_tag?post=54005"}],"curies":[{"name":"wp","href":"https:\/\/api.w.org\/{rel}","templated":true}]}}