{"id":53987,"date":"2024-07-17T04:27:51","date_gmt":"2024-07-17T04:27:51","guid":{"rendered":"https:\/\/e.kosmolat.eu\/product\/i_lv-metallic-show-302-tonis-nagu-laka-9g\/"},"modified":"2025-09-19T18:26:23","modified_gmt":"2025-09-19T18:26:23","slug":"i_lv-metallic-show-302-tonis-nagu-laka-9g","status":"publish","type":"product","link":"https:\/\/e.kosmolat.eu\/lv\/product\/i_lv-metallic-show-302-tonis-nagu-laka-9g\/","title":{"rendered":"I_LV Metallic Show 302 tonis Nagu laka  9g,"},"content":{"rendered":"<p>Jaun\u0101s nagu lakas tekst\u016br\u0101 ir \u012bpa\u0161as mikroda\u013ci\u0146as (3D pulveris), kas rada apburo\u0161u spogu\u013ca sp\u012bdumu uz nagu virsmas, kas l\u012bdz\u012bgs hrom\u0113ta met\u0101la sp\u012bdumam.<\/p>\n","protected":false},"excerpt":{"rendered":"<p>Jaun\u0101s nagu lakas tekst\u016br\u0101 ir \u012bpa\u0161as mikroda\u013ci\u0146as (3D pulveris), kas rada apburo\u0161u spogu\u013ca sp\u012bdumu uz nagu virsmas, kas l\u012bdz\u012bgs hrom\u0113ta met\u0101la sp\u012bdumam.<\/p>\n","protected":false},"featured_media":81782,"template":"","meta":[],"product_cat":[1516],"product_tag":[],"class_list":{"0":"post-53987","1":"product","2":"type-product","3":"status-publish","4":"has-post-thumbnail","6":"product_brand-lux-visage_by","7":"product_cat-1516","9":"first","10":"outofstock","11":"taxable","12":"shipping-taxable","13":"product-type-simple"},"_links":{"self":[{"href":"https:\/\/e.kosmolat.eu\/lv\/wp-json\/wp\/v2\/product\/53987","targetHints":{"allow":["GET"]}}],"collection":[{"href":"https:\/\/e.kosmolat.eu\/lv\/wp-json\/wp\/v2\/product"}],"about":[{"href":"https:\/\/e.kosmolat.eu\/lv\/wp-json\/wp\/v2\/types\/product"}],"wp:featuredmedia":[{"embeddable":true,"href":"https:\/\/e.kosmolat.eu\/lv\/wp-json\/wp\/v2\/media\/81782"}],"wp:attachment":[{"href":"https:\/\/e.kosmolat.eu\/lv\/wp-json\/wp\/v2\/media?parent=53987"}],"wp:term":[{"taxonomy":"product_cat","embeddable":true,"href":"https:\/\/e.kosmolat.eu\/lv\/wp-json\/wp\/v2\/product_cat?post=53987"},{"taxonomy":"product_tag","embeddable":true,"href":"https:\/\/e.kosmolat.eu\/lv\/wp-json\/wp\/v2\/product_tag?post=53987"}],"curies":[{"name":"wp","href":"https:\/\/api.w.org\/{rel}","templated":true}]}}