{"id":53971,"date":"2024-07-17T04:23:43","date_gmt":"2024-07-17T04:23:43","guid":{"rendered":"https:\/\/e.kosmolat.eu\/product\/shagun-gold-dabiga-henna-matu-krasos-bruna-25-g\/"},"modified":"2025-09-23T08:01:31","modified_gmt":"2025-09-23T08:01:31","slug":"shagun-gold-dabiga-henna-matu-krasos-bruna-25-g","status":"publish","type":"product","link":"https:\/\/e.kosmolat.eu\/lv\/product\/shagun-gold-dabiga-henna-matu-krasos-bruna-25-g\/","title":{"rendered":"SHAGUN GOLD Dab\u012bga henna matu kr\u0101so\u0161. Br\u016bna, 25 g"},"content":{"rendered":"<p>Henna SHAGUN GOLD ir paredz\u0113ta past\u0101v\u012bgai un efekt\u012bvai matu kr\u0101so\u0161anai dab\u012bg\u0101 br\u016bn\u0101 ton\u012b. Henna piln\u012bb\u0101 nokr\u0101so sirmus matus, pie\u0161\u0137ir bag\u0101t\u012bgu un notur\u012bgu kr\u0101su, stiprina un atjauno matus no sakn\u0113m l\u012bdz galiem, pateicoties Indijas augiem, kas ietilpst t\u0101s sast\u0101v\u0101: amla, ritha, shikakai, brahmi, tulsi, alveja, nem, jatamansi un hibisks.<\/p>\n<p>Henna pies\u0101tina matus ar bar\u012bbas viel\u0101m un stiprina matu folikulus kr\u0101so\u0161anas proces\u0101. Mati k\u013c\u016bst elast\u012bgi un stipri, lok\u0101m tiek pie\u0161\u0137irts dabisks un vesel\u012bgs sp\u012bdums. Henna atjauno matu strukt\u016bru, dzi\u013ci baro un aizsarg\u0101 matus no l\u016b\u0161anas un \u0161\u0137el\u0161an\u0101s.<\/p>\n<p>Lieto\u0161ana: Nepiecie\u0161amo hennas daudzumu sajaukt ar siltu \u016bdeni. Atst\u0101t uz 10 min\u016bt\u0113m, p\u0113c tam vienm\u0113r\u012bgi uzkl\u0101t uz iepriek\u0161 izmazg\u0101tiem sausiem matiem. P\u0101rkl\u0101t matus ar polietil\u0113na cepuri un iet\u012bt galvu dviel\u012b. Kr\u0101su tur\u0113t matos nedaudz ilg\u0101k par 40 min\u016bt\u0113m. Kad kr\u0101so\u0161anas laiks beidzies, r\u016bp\u012bgi izskalot matus ar siltu \u016bdeni, l\u012bdz no matiem notek piln\u012bgi t\u012brs \u016bdens. Kr\u0101so\u0161anas laiks atkar\u012bgs no v\u0113lam\u0101s kr\u0101sas intensit\u0101tes. Jo ilg\u0101k henna paliek matos, jo intens\u012bv\u0101ks b\u016bs tonis.<\/p>\n<p>\u012apa\u0161\u012bbas: Kr\u0101sa dzi\u013c\u0101k iek\u013c\u016bst matos un k\u013c\u016bst intens\u012bv\u0101ka tre\u0161aj\u0101 dien\u0101 p\u0113c matu kr\u0101so\u0161anas. P\u0113c hennas lieto\u0161anas nav ieteicams kr\u0101sot matus ar \u0137\u012bmisk\u0101m kr\u0101sviel\u0101m vai veikt \u0137\u012bmisk\u0101s proced\u016bras (taisno\u0161ana vai ilgvi\u013c\u0146i). Pirms kr\u0101so\u0161anas neuzkl\u0101t uz matiem kr\u0113mus un e\u013c\u013cas.<\/p>\n<p>Piesardz\u012bbas pas\u0101kumi: Neizmantot \u0161o hennu skropstu un uzacu kr\u0101so\u0161anai.<\/p>\n<p>Uzglab\u0101\u0161anas noteikumi: no +5 \u00b0C l\u012bdz +25 \u00b0C.<\/p>\n<p>Der\u012bguma termi\u0146\u0161: 36 m\u0113ne\u0161i.<\/p>\n","protected":false},"excerpt":{"rendered":"<p>Henna SHAGUN GOLD ir paredz\u0113ta past\u0101v\u012bgai un efekt\u012bvai matu kr\u0101so\u0161anai dab\u012bg\u0101 br\u016bn\u0101 ton\u012b. Henna piln\u012bb\u0101 nokr\u0101so sirmus matus, pie\u0161\u0137ir bag\u0101t\u012bgu un notur\u012bgu kr\u0101su, stiprina un atjauno matus no sakn\u0113m l\u012bdz galiem, pateicoties Indijas augiem, kas ietilpst t\u0101s sast\u0101v\u0101: amla, ritha, shikakai, brahmi, tulsi, alveja, nem, jatamansi un hibisks. Henna pies\u0101tina matus ar bar\u012bbas viel\u0101m un [&#8230;]\n","protected":false},"featured_media":78224,"template":"","meta":[],"product_cat":[1658],"product_tag":[],"class_list":{"0":"post-53971","1":"product","2":"type-product","3":"status-publish","4":"has-post-thumbnail","6":"product_brand-replay_kr","7":"product_cat-henna-un-basma","9":"first","10":"outofstock","11":"taxable","12":"shipping-taxable","13":"product-type-simple"},"_links":{"self":[{"href":"https:\/\/e.kosmolat.eu\/lv\/wp-json\/wp\/v2\/product\/53971","targetHints":{"allow":["GET"]}}],"collection":[{"href":"https:\/\/e.kosmolat.eu\/lv\/wp-json\/wp\/v2\/product"}],"about":[{"href":"https:\/\/e.kosmolat.eu\/lv\/wp-json\/wp\/v2\/types\/product"}],"wp:featuredmedia":[{"embeddable":true,"href":"https:\/\/e.kosmolat.eu\/lv\/wp-json\/wp\/v2\/media\/78224"}],"wp:attachment":[{"href":"https:\/\/e.kosmolat.eu\/lv\/wp-json\/wp\/v2\/media?parent=53971"}],"wp:term":[{"taxonomy":"product_cat","embeddable":true,"href":"https:\/\/e.kosmolat.eu\/lv\/wp-json\/wp\/v2\/product_cat?post=53971"},{"taxonomy":"product_tag","embeddable":true,"href":"https:\/\/e.kosmolat.eu\/lv\/wp-json\/wp\/v2\/product_tag?post=53971"}],"curies":[{"name":"wp","href":"https:\/\/api.w.org\/{rel}","templated":true}]}}