{"id":53955,"date":"2024-07-17T04:20:26","date_gmt":"2024-07-17T04:20:26","guid":{"rendered":"https:\/\/e.kosmolat.eu\/product\/shagun-gold-dabiga-indijas-basma-matu-krasosanai-25-g\/"},"modified":"2026-03-31T12:48:39","modified_gmt":"2026-03-31T12:48:39","slug":"shagun-gold-dabiga-indijas-basma-matu-krasosanai-25-g","status":"publish","type":"product","link":"https:\/\/e.kosmolat.eu\/lv\/product\/shagun-gold-dabiga-indijas-basma-matu-krasosanai-25-g\/","title":{"rendered":"SHAGUN GOLD Dab\u012bga Indijas basma matu kr\u0101so\u0161anai, 25 g"},"content":{"rendered":"<p>SHAGUN GOLD BASMA ir dab\u012bgs augu izcelsmes matu, tai skait\u0101 sirmu matu kr\u0101so\u0161anas l\u012bdzeklis. Basma var tikt izmantota matu kr\u0101so\u0161anai gan atsevi\u0161\u0137i, gan kombin\u0101cij\u0101 ar hennu. Basma, kombin\u0101cij\u0101 ar hennu, nokr\u0101so matus tum\u0161os un pies\u0101tin\u0101tos to\u0146os. Indijas basma lieliski kondicion\u0113 matus, atjauno to strukt\u016bru, baro galvas \u0101du, stiprina matu saknes, samazina blaugznas un pie\u0161\u0137ir papildu apjomu, padarot matus biez\u0101kus. Basmai ir zilganza\u013ca nokr\u0101sa, t\u0101p\u0113c to lieto kop\u0101 ar hennu. T\u0101 k\u0101 basma nav piln\u012bb\u0101 izmazg\u0101jama k\u0101 \u0137\u012bmisk\u0101 kr\u0101sa, t\u0101 iek\u013c\u016bst matu strukt\u016br\u0101 un ilgsto\u0161i saglab\u0101jas taj\u0101. Indijas basma lieliski sp\u0113j nokr\u0101sot sirmus matus.<\/p>\n<p>Lieto\u0161ana: Basma tiek uzkl\u0101ta uz t\u012briem, nedaudz nosusin\u0101tiem matiem. Kr\u0101so\u0161anas laik\u0101 ieteicams lietot aizsargcimdus un uzmest p\u0101r pleciem dvieli. Sajauciet pulveri nepiecie\u0161amaj\u0101 proporcij\u0101 ar hennu un karstu \u016bdeni (ne verdo\u0161u) l\u012bdz veidojas bieza pasta. Lai kr\u0101sa b\u016btu pies\u0101tin\u0101t\u0101ka, \u013caujiet mais\u012bjumam past\u0101v\u0113t vair\u0101kas stundas. P\u0113c tam atkal pievienojiet nedaudz \u016bdens un s\u0101ciet kr\u0101so\u0161anu. Ekspoz\u012bcijas laiks ir no 20 min\u016bt\u0113m l\u012bdz 2-3 stund\u0101m, atkar\u012bb\u0101 no v\u0113lam\u0101 rezult\u0101ta.<\/p>\n<p>Piesardz\u012bbas pas\u0101kumi: Neizmantojiet \u0161o basmu skropstu un uzacu kr\u0101so\u0161anai. Tas var izrais\u012bt aklumu!<\/p>\n<p>Uzglab\u0101\u0161anas noteikumi: no +5 \u00b0C l\u012bdz +25 \u00b0C.<\/p>\n<p>Der\u012bguma termi\u0146\u0161: 48 m\u0113ne\u0161i.<\/p>\n","protected":false},"excerpt":{"rendered":"<p>SHAGUN GOLD BASMA ir dab\u012bgs augu izcelsmes matu, tai skait\u0101 sirmu matu kr\u0101so\u0161anas l\u012bdzeklis. Basma var tikt izmantota matu kr\u0101so\u0161anai gan atsevi\u0161\u0137i, gan kombin\u0101cij\u0101 ar hennu. Basma, kombin\u0101cij\u0101 ar hennu, nokr\u0101so matus tum\u0161os un pies\u0101tin\u0101tos to\u0146os. Indijas basma lieliski kondicion\u0113 matus, atjauno to strukt\u016bru, baro galvas \u0101du, stiprina matu saknes, samazina blaugznas un pie\u0161\u0137ir papildu [&#8230;]\n","protected":false},"featured_media":97139,"template":"","meta":[],"product_cat":[1658],"product_tag":[],"class_list":{"0":"post-53955","1":"product","2":"type-product","3":"status-publish","4":"has-post-thumbnail","6":"product_brand-replay_kr","7":"product_cat-henna-un-basma","9":"first","10":"instock","11":"taxable","12":"shipping-taxable","13":"product-type-simple"},"_links":{"self":[{"href":"https:\/\/e.kosmolat.eu\/lv\/wp-json\/wp\/v2\/product\/53955","targetHints":{"allow":["GET"]}}],"collection":[{"href":"https:\/\/e.kosmolat.eu\/lv\/wp-json\/wp\/v2\/product"}],"about":[{"href":"https:\/\/e.kosmolat.eu\/lv\/wp-json\/wp\/v2\/types\/product"}],"wp:featuredmedia":[{"embeddable":true,"href":"https:\/\/e.kosmolat.eu\/lv\/wp-json\/wp\/v2\/media\/97139"}],"wp:attachment":[{"href":"https:\/\/e.kosmolat.eu\/lv\/wp-json\/wp\/v2\/media?parent=53955"}],"wp:term":[{"taxonomy":"product_cat","embeddable":true,"href":"https:\/\/e.kosmolat.eu\/lv\/wp-json\/wp\/v2\/product_cat?post=53955"},{"taxonomy":"product_tag","embeddable":true,"href":"https:\/\/e.kosmolat.eu\/lv\/wp-json\/wp\/v2\/product_tag?post=53955"}],"curies":[{"name":"wp","href":"https:\/\/api.w.org\/{rel}","templated":true}]}}