{"id":53947,"date":"2024-07-17T04:17:59","date_gmt":"2024-07-17T04:17:59","guid":{"rendered":"https:\/\/e.kosmolat.eu\/product\/khadi-by-organaturals-dabiga-ind-henna-matu-krasos-9-ajurvedas-augi-un-argana-ella-25-g\/"},"modified":"2025-09-23T08:01:16","modified_gmt":"2025-09-23T08:01:16","slug":"khadi-by-organaturals-dabiga-ind-henna-matu-krasos-9-ajurvedas-augi-un-argana-ella-25-g","status":"publish","type":"product","link":"https:\/\/e.kosmolat.eu\/lv\/product\/khadi-by-organaturals-dabiga-ind-henna-matu-krasos-9-ajurvedas-augi-un-argana-ella-25-g\/","title":{"rendered":"KHADI BY ORGANATURALS Dab\u012bga Ind. henna matu kr\u0101so\u0161. 9 \u0100jurv\u0113das augi un argana e\u013c\u013ca, 25 g"},"content":{"rendered":"<p>Khadi henna ir moderns kr\u0101so\u0161anas l\u012bdzeklis, kas pie\u0161\u0137ir matiem bag\u0101t\u012bgu, skaistu nokr\u0101su un nep\u0101rsp\u0113jamu dabisku kop\u0161anu, pateicoties v\u0113rt\u012bg\u0101s argana e\u013c\u013cas saturam un 9 Indijas augiem, kas ietilpst hennas sast\u0101v\u0101: amla, ritha, shikakai, brahmi, tulsi, alveja, nim, jatamansi un hibisks.<\/p>\n<p>Izmantojot hennu, j\u016bs ne tikai nokr\u0101sojat matus, bet ar\u012b nodro\u0161in\u0101t tiem intens\u012bvu dabisku kop\u0161anu, kas rada bag\u0101t\u012bgu kr\u0101su, greznu sp\u012bdumu, apjomu un z\u012bdainumu. Kr\u0101sa saglab\u0101jas l\u012bdz pat 10 mazg\u0101\u0161an\u0101m.<\/p>\n<p>Henna intens\u012bvi kr\u0101so, kopj, atjauno matus un pie\u0161\u0137ir tiem koptu, vesel\u012bgu izskatu. V\u0113rt\u012bg\u0101 argana e\u013c\u013ca baro, atjauno, aizsarg\u0101 no l\u016b\u0161anas un pie\u0161\u0137ir sp\u012bdumu. Argana e\u013c\u013ca atjauno matu strukt\u016bru, dzi\u013ci baro, stiprina, aizsarg\u0101 no l\u016b\u0161anas un \u0161\u0137el\u0161an\u0101s, k\u0101 ar\u012b palielina iztur\u012bbu.<\/p>\n<p>Lieto\u0161ana: Pirms kr\u0101so\u0161anas izmazg\u0101jiet un nedaudz nosusiniet matus, atveriet iepakojumu un ieb\u0113riet t\u0101 saturu \u0113rt\u0101 nemet\u0101lisk\u0101 trauk\u0101. Sajauciet iepakojuma saturu ar siltu \u016bdeni, l\u012bdz ieg\u016bstat vienm\u0113r\u012bgu masu (henna un \u016bdens attiec\u012bba 1:3), maisiet l\u012bdz kr\u0113mveida konsistencei. Nedaudz atdzisu\u0161o masu uzkl\u0101jiet uz matiem. Kr\u0101so\u0161anas laiks ir no 25 l\u012bdz 45 min\u016bt\u0113m atkar\u012bb\u0101 no v\u0113lam\u0101s kr\u0101sas. P\u0113c kr\u0101so\u0161anas izskalojiet matus ar \u016bdeni bez \u0161amp\u016bna. Gal\u012bg\u0101 kr\u0101sa par\u0101d\u012bsies p\u0113c 24 stund\u0101m.<\/p>\n<p>Piesardz\u012bbas pas\u0101kumi: Neizmantojiet \u0161o hennu skropstu un uzacu kr\u0101so\u0161anai. Tas var izrais\u012bt aklumu!<\/p>\n<p>Uzglab\u0101\u0161anas noteikumi: no +5 \u00b0C l\u012bdz +25 \u00b0C.<\/p>\n<p>Der\u012bguma termi\u0146\u0161: 48 m\u0113ne\u0161i.<\/p>\n","protected":false},"excerpt":{"rendered":"<p>Khadi henna ir moderns kr\u0101so\u0161anas l\u012bdzeklis, kas pie\u0161\u0137ir matiem bag\u0101t\u012bgu, skaistu nokr\u0101su un nep\u0101rsp\u0113jamu dabisku kop\u0161anu, pateicoties v\u0113rt\u012bg\u0101s argana e\u013c\u013cas saturam un 9 Indijas augiem, kas ietilpst hennas sast\u0101v\u0101: amla, ritha, shikakai, brahmi, tulsi, alveja, nim, jatamansi un hibisks. Izmantojot hennu, j\u016bs ne tikai nokr\u0101sojat matus, bet ar\u012b nodro\u0161in\u0101t tiem intens\u012bvu dabisku kop\u0161anu, kas rada [&#8230;]\n","protected":false},"featured_media":78220,"template":"","meta":[],"product_cat":[1660],"product_tag":[],"class_list":{"0":"post-53947","1":"product","2":"type-product","3":"status-publish","4":"has-post-thumbnail","6":"product_brand-replay_kr","7":"product_cat-chna-ir-basma","9":"first","10":"outofstock","11":"taxable","12":"shipping-taxable","13":"product-type-simple"},"_links":{"self":[{"href":"https:\/\/e.kosmolat.eu\/lv\/wp-json\/wp\/v2\/product\/53947","targetHints":{"allow":["GET"]}}],"collection":[{"href":"https:\/\/e.kosmolat.eu\/lv\/wp-json\/wp\/v2\/product"}],"about":[{"href":"https:\/\/e.kosmolat.eu\/lv\/wp-json\/wp\/v2\/types\/product"}],"wp:featuredmedia":[{"embeddable":true,"href":"https:\/\/e.kosmolat.eu\/lv\/wp-json\/wp\/v2\/media\/78220"}],"wp:attachment":[{"href":"https:\/\/e.kosmolat.eu\/lv\/wp-json\/wp\/v2\/media?parent=53947"}],"wp:term":[{"taxonomy":"product_cat","embeddable":true,"href":"https:\/\/e.kosmolat.eu\/lv\/wp-json\/wp\/v2\/product_cat?post=53947"},{"taxonomy":"product_tag","embeddable":true,"href":"https:\/\/e.kosmolat.eu\/lv\/wp-json\/wp\/v2\/product_tag?post=53947"}],"curies":[{"name":"wp","href":"https:\/\/api.w.org\/{rel}","templated":true}]}}